{"id":13004,"date":"2025-09-17T14:00:17","date_gmt":"2025-09-17T12:00:17","guid":{"rendered":"https:\/\/boreait.com\/hu\/?post_type=product&#038;p=13004"},"modified":"2025-09-17T14:03:55","modified_gmt":"2025-09-17T12:03:55","slug":"hasznalt-eredeti-lenovo-thinkpad-t460-usb-kartya-dc02c008310-kabellel","status":"publish","type":"product","link":"https:\/\/boreait.com\/hu\/termek\/hasznalt-eredeti-lenovo-thinkpad-t460-usb-kartya-dc02c008310-kabellel\/","title":{"rendered":"Haszn\u00e1lt eredeti Lenovo ThinkPad T460 USB k\u00e1rtya DC02C008310 k\u00e1bellel"},"content":{"rendered":"<p data-start=\"353\" data-end=\"612\">Cser\u00e9lje ki a hib\u00e1s vagy nem m\u0171k\u00f6d\u0151 USB-portot erre a <strong data-start=\"407\" data-end=\"476\">haszn\u00e1lt eredeti Lenovo ThinkPad T460 USB-k\u00e1rty\u00e1val + k\u00e1bellel (DC02C008310)<\/strong>.<br data-start=\"47. r\u00e9sz 0-ban tesztelve\" data-end=\"47. teljesen m\u0171k\u00f6d\u0151k\u00e9pes, \u00edgy k\u00f6lts\u00e9ghat\u00e9kony megold\u00e1s a csatlakoz\u00e1si probl\u00e9m\u00e1k kijav\u00edt\u00e1s\u00e1ra.<\/p>\n<p data-start=\"614\" data-end=\"636\"><strong data-start=\"614\" data-end=\"634\">Term\u00e9k r\u00e9szletei:<\/strong><\/p>\n<ul data-start=\"637\" data-end=\"901\">\n<li data-start=\"637\" data-end=\"672\">\n<p data-start=\"639\" data-end=\"672\">Modell: <strong data-start=\"646\" data-end=\"670\">Lenovo ThinkPad T460<\/strong><\/p>\n<\/li>\n<li data-start=\"673\" data-end=\"705\">\n<p data-start=\"675\" data-end=\"705\">Alkatr\u00e9szsz\u00e1m: <strong data-start=\"688\" data-end=\"703\">DC02C008310<\/strong><\/p>\n<\/li>\n<li data-start=\"706\" data-end=\"740\">\n<p data-start=\"708\" data-end=\"740\">T\u00edpus: <strong data-start=\"714\" data-end=\"738\">USB-k\u00e1rtya k\u00e1bellel<\/strong><\/p>\n<\/li>\n<li data-start=\"741\" data-end=\"797\">\n<p data-start=\"743\" data-end=\"797\">\u00c1llapot: <strong data-start=\"754\" data-end=\"795\">Haszn\u00e1lt, Eredeti Lenovo, A fokozat, tesztelt<\/strong><\/p>\n<\/li>\n<li data-start=\"798\" data-end=\"847\">\n<p data-start=\"800\" data-end=\"847\">Stabil \u00e9s megb\u00edzhat\u00f3 USB-kapcsolatot biztos\u00edt<\/p>\n<\/li>\n<li data-start=\"848\" data-end=\"901\">\n<p data-start=\"850\" data-end=\"901\">Egyszer\u0171 telep\u00edt\u00e9s technikusok \u00e9s bark\u00e1cs-jav\u00edt\u00e1sok sz\u00e1m\u00e1ra<\/p>\n<\/li>\n<\/ul>\n<p data-start=\"903\" data-end=\"1000\"><strong data-start=\"903\" data-end=\"924\">A csomag tartalma:<\/strong><br data-start=\"924\" data-end=\"927\" \/>1x haszn\u00e1lt eredeti Lenovo ThinkPad T460 USB k\u00e1rtya k\u00e1bellel<\/0>DC0120.<\/p>\n<p data-start=\"1002\" data-end=\"1071\">T\u00f6k\u00e9letes csere a t\u00f6r\u00f6tt, s\u00e9r\u00fclt vagy nem reag\u00e1l\u00f3 USB-portokhoz.<\/p>\n","protected":false},"excerpt":{"rendered":"<p>Haszn\u00e1lt, eredeti <strong data-start=\"199\" data-end=\"258\">Lenovo ThinkPad T460 USB-k\u00e1rtya k\u00e1bellel (DC02C008310)<\/strong>. Tesztelt \u00e9s teljesen m\u0171k\u00f6d\u0151k\u00e9pes eredeti alkatr\u00e9sz.<\/p>\n","protected":false},"featured_media":13050,"template":"","meta":[],"product_brand":[],"product_cat":[89],"product_tag":[],"class_list":{"0":"post-13004","1":"product","2":"type-product","3":"status-publish","4":"has-post-thumbnail","6":"product_cat-uncategorized","8":"first","9":"instock","10":"taxable","11":"shipping-taxable","12":"purchasable","13":"product-type-simple"},"_links":{"self":[{"href":"https:\/\/boreait.com\/hu\/wp-json\/wp\/v2\/product\/13004","targetHints":{"allow":["GET"]}}],"collection":[{"href":"https:\/\/boreait.com\/hu\/wp-json\/wp\/v2\/product"}],"about":[{"href":"https:\/\/boreait.com\/hu\/wp-json\/wp\/v2\/types\/product"}],"wp:featuredmedia":[{"embeddable":true,"href":"https:\/\/boreait.com\/hu\/wp-json\/wp\/v2\/media\/13050"}],"wp:attachment":[{"href":"https:\/\/boreait.com\/hu\/wp-json\/wp\/v2\/media?parent=13004"}],"wp:term":[{"taxonomy":"product_brand","embeddable":true,"href":"https:\/\/boreait.com\/hu\/wp-json\/wp\/v2\/product_brand?post=13004"},{"taxonomy":"product_cat","embeddable":true,"href":"https:\/\/boreait.com\/hu\/wp-json\/wp\/v2\/product_cat?post=13004"},{"taxonomy":"product_tag","embeddable":true,"href":"https:\/\/boreait.com\/hu\/wp-json\/wp\/v2\/product_tag?post=13004"}],"curies":[{"name":"wp","href":"https:\/\/api.w.org\/{rel}","templated":true}]}}