{"id":13003,"date":"2025-09-17T14:00:16","date_gmt":"2025-09-17T12:00:16","guid":{"rendered":"https:\/\/boreait.com\/hu\/?post_type=product&#038;p=13003"},"modified":"2025-09-17T14:03:51","modified_gmt":"2025-09-17T12:03:51","slug":"lenovo-thinkpad-t460s-t470s-lcd-zsanerkeszlet-bal-es-jobb-oldali-00jt998","status":"publish","type":"product","link":"https:\/\/boreait.com\/hu\/termek\/lenovo-thinkpad-t460s-t470s-lcd-zsanerkeszlet-bal-es-jobb-oldali-00jt998\/","title":{"rendered":"Lenovo ThinkPad T460s T470s LCD zsan\u00e9rk\u00e9szlet bal \u00e9s jobb oldali 00JT998"},"content":{"rendered":"<p data-start=\"348\" data-end=\"574\">Jav\u00edtsa ki a meglazult vagy t\u00f6r\u00f6tt k\u00e9perny\u0151 zsan\u00e9rokat ezzel az <strong data-start=\"392\" data-end=\"445\">eredeti Lenovo ThinkPad LCD zsan\u00e9rk\u00e9szlettel (00JT998)<\/strong>.<br data-start=\"446\" data-end=\"449\" \u00e9s T40Designed=\"449\" \/> a zsan\u00e9rok megb\u00edzhat\u00f3 t\u00e1maszt\u00e1st \u00e9s egyenletes mozg\u00e1st biztos\u00edtanak a laptop kijelz\u0151j\u00e9nek.<\/p>\n<p data-start=\"576\" data-end=\"598\"><strong data-start=\"576\" data-end=\"596\">Term\u00e9k r\u00e9szletei:<\/strong><\/p>\n<ul data-start=\"599\" data-end=\"895\">\n<li data-start=\"599\" data-end=\"650\">\n<p data-start=\"601\" data-end=\"650\">Modell kompatibilit\u00e1s: <strong data-start=\"622\" data-end=\"648\">ThinkPad T460s \/ T470s<\/strong><\/p>\n<\/li>\n<li data-start=\"651\" data-end=\"679\">\n<p data-start=\"653\" data-end=\"679\">Alkatr\u00e9szsz\u00e1m: <strong data-start=\"666\" data-end=\"677\">00JT998<\/strong><\/p>\n<\/li>\n<li data-start=\"680\" data-end=\"723\">\n<p data-start=\"682\" data-end=\"723\">T\u00edpus: <strong data-start=\"688\" data-end=\"721\">LCD zsan\u00e9rk\u00e9szlet (bal \u00e9s jobb)<\/strong><\/p>\n<\/li>\n<li data-start=\"724\" data-end=\"774\">\n<p data-start=\"726\" data-end=\"774\">\u00c1llapot: <strong data-start=\"737\" data-end=\"772\">Eredeti Lenovo, A fokozat, tesztelt<\/strong><\/p>\n<\/li>\n<li data-start=\"775\" data-end=\"837\">\n<p data-start=\"777\" data-end=\"837\">Stabil k\u00e9perny\u0151poz\u00edci\u00f3t \u00e9s hossz\u00fa t\u00e1v\u00fa tart\u00f3ss\u00e1got biztos\u00edt<\/p>\n<\/li>\n<li data-start=\"838\" data-end=\"895\">\n<p data-start=\"840\" data-end=\"895\">K\u00f6nny\u0171 telep\u00edt\u00e9s jav\u00edt\u00f3technikusok vagy bark\u00e1cs-jav\u00edt\u00e1sok sz\u00e1m\u00e1ra<\/p>\n<\/li>\n<\/ul>\n<p data-start=\"897\" data-end=\"987\"><strong data-start=\"897\" data-end=\"918\">A csomag tartalma:<\/strong><br data-start=\"918\" data-end=\"921\" \/>1x eredeti Lenovo LCD zsan\u00e9rk\u00e9szlet (bal + jobb) &#8211; <strong74\"s data-end=\"985\">00JT998<\/strong><\/p>\n<p data-start=\"989\" data-end=\"1060\">T\u00f6k\u00e9letes csere a laza, merev vagy s\u00e9r\u00fclt zsan\u00e9rokkal rendelkez\u0151 laptopokhoz.<\/p>\n","protected":false},"excerpt":{"rendered":"<p>Eredeti <strong data-start=\"180\" data-end=\"208\">LCD zsan\u00e9rk\u00e9szlet (00JT998)<\/strong> a Lenovo ThinkPad T460s \u00e9s T470s k\u00e9sz\u00fcl\u00e9kekhez. Tart\u00f3s eredeti alkatr\u00e9sz a k\u00e9perny\u0151 stabil tart\u00e1s\u00e1\u00e9rt.<\/p>\n","protected":false},"featured_media":13049,"template":"","meta":[],"product_brand":[],"product_cat":[19],"product_tag":[],"class_list":{"0":"post-13003","1":"product","2":"type-product","3":"status-publish","4":"has-post-thumbnail","6":"product_cat-screen-hinge","8":"first","9":"instock","10":"taxable","11":"shipping-taxable","12":"purchasable","13":"product-type-simple"},"_links":{"self":[{"href":"https:\/\/boreait.com\/hu\/wp-json\/wp\/v2\/product\/13003","targetHints":{"allow":["GET"]}}],"collection":[{"href":"https:\/\/boreait.com\/hu\/wp-json\/wp\/v2\/product"}],"about":[{"href":"https:\/\/boreait.com\/hu\/wp-json\/wp\/v2\/types\/product"}],"wp:featuredmedia":[{"embeddable":true,"href":"https:\/\/boreait.com\/hu\/wp-json\/wp\/v2\/media\/13049"}],"wp:attachment":[{"href":"https:\/\/boreait.com\/hu\/wp-json\/wp\/v2\/media?parent=13003"}],"wp:term":[{"taxonomy":"product_brand","embeddable":true,"href":"https:\/\/boreait.com\/hu\/wp-json\/wp\/v2\/product_brand?post=13003"},{"taxonomy":"product_cat","embeddable":true,"href":"https:\/\/boreait.com\/hu\/wp-json\/wp\/v2\/product_cat?post=13003"},{"taxonomy":"product_tag","embeddable":true,"href":"https:\/\/boreait.com\/hu\/wp-json\/wp\/v2\/product_tag?post=13003"}],"curies":[{"name":"wp","href":"https:\/\/api.w.org\/{rel}","templated":true}]}}