{"id":13002,"date":"2025-09-17T14:00:16","date_gmt":"2025-09-17T12:00:16","guid":{"rendered":"https:\/\/boreait.com\/hu\/?post_type=product&#038;p=13002"},"modified":"2025-09-17T14:03:48","modified_gmt":"2025-09-17T12:03:48","slug":"lenovo-thinkpad-t440-t450-t460-laptop-hangszorok-04x5442-00ht878-pk23000jj00","status":"publish","type":"product","link":"https:\/\/boreait.com\/hu\/termek\/lenovo-thinkpad-t440-t450-t460-laptop-hangszorok-04x5442-00ht878-pk23000jj00\/","title":{"rendered":"Lenovo ThinkPad T440 T450 T460 Laptop hangsz\u00f3r\u00f3k 04X5442 00HT878 PK23000JJ00"},"content":{"rendered":"<p data-start=\"379\" data-end=\"643\">Helyezze vissza a tiszta hangot laptopj\u00e1ba ezekkel az <strong data-start=\"425\" data-end=\"471\">eredeti Lenovo ThinkPad bels\u0151 hangsz\u00f3r\u00f3kkal<\/strong>.<br data-start=\"472\" data-end=\"475\" \/>Kifejezetten a T450, T40, T40 \u00e9s T40 sorozat\u00fa hangsz\u00f3r\u00f3khoz tervezt\u00e9k a megb\u00edzhat\u00f3 teljes\u00edtm\u00e9nyt. a hib\u00e1s vagy s\u00e9r\u00fclt alkatr\u00e9szek t\u00f6k\u00e9letes cser\u00e9je.<\/p>\n<p data-start=\"645\" data-end=\"667\"><strong data-start=\"645\" data-end=\"665\">Term\u00e9k r\u00e9szletei:<\/strong><\/p>\n<ul data-start=\"668\" data-end=\"953\">\n<li data-start=\"668\" data-end=\"689\">\n<p data-start=\"670\" data-end=\"689\">M\u00e1rka: <strong data-start=\"677\" data-end=\"687\">Lenovo<\/strong><\/p>\n<\/li>\n<li data-start=\"690\" data-end=\"742\">\n<p data-start=\"692\" data-end=\"742\">Kompatibilis modellek: <strong data-start=\"711\" data-end=\"740\">ThinkPad T440, T450, T460<\/strong><\/p>\n<\/li>\n<li data-start=\"743\" data-end=\"796\">\n<p data-start=\"745\" data-end=\"796\">Alkatr\u00e9szsz\u00e1mok: <strong data-start=\"759\" data-end=\"794\">04X5442 \/ 00HT878 \/ PK23000JJ00<\/strong><\/p>\n<\/li>\n<li data-start=\"797\" data-end=\"855\">\n<p data-start=\"799\" data-end=\"855\">T\u00edpus: <strong data-start=\"805\" data-end=\"853\">Bels\u0151 laptop hangsz\u00f3r\u00f3 (bal \u00e9s jobb p\u00e1r)<\/strong><\/p>\n<\/li>\n<li data-start=\"856\" data-end=\"906\">\n<p data-start=\"858\" data-end=\"906\">\u00c1llapot: <strong data-start=\"869\" data-end=\"904\">Eredeti Lenovo, A fokozat, tesztelt<\/strong><\/p>\n<\/li>\n<li data-start=\"907\" data-end=\"953\">\n<p data-start=\"909\" data-end=\"953\">Kiv\u00e1l\u00f3 min\u0151s\u00e9g\u0171 hangkimenet, k\u00f6nnyen telep\u00edthet\u0151<\/p>\n<\/li>\n<\/ul>\n<p data-start=\"955\" data-end=\"1056\"><strong data-start=\"955\" data-end=\"976\">A csomag tartalma:<\/strong><br data-start=\"976\" data-end=\"979\" \/>1x Lenovo ThinkPad laptop hangsz\u00f3r\u00f3 k\u00e9szlet (04X5442 \/8 \/0 PK23000JJ00)<\/p>\n<p data-start=\"1058\" data-end=\"1137\">T\u00f6k\u00e9letes megold\u00e1s a recseg\u0151, torz vagy nem m\u0171k\u00f6d\u0151 hangsz\u00f3r\u00f3k cser\u00e9j\u00e9re.<\/p>\n","protected":false},"excerpt":{"rendered":"<p data-start=\"199\" data-end=\"333\">Eredeti <strong data-start=\"207\" data-end=\"276\">Lenovo ThinkPad laptop hangsz\u00f3r\u00f3k (04X5442 \/ 00HT878 \/ PK23000JJ00)<\/strong> T440, T4600 \u00e9s T4600 k\u00e9sz\u00fcl\u00e9kekhez. Eredeti A oszt\u00e1ly\u00fa alkatr\u00e9sz.<\/p>\n","protected":false},"featured_media":13048,"template":"","meta":[],"product_brand":[],"product_cat":[18],"product_tag":[26],"class_list":{"0":"post-13002","1":"product","2":"type-product","3":"status-publish","4":"has-post-thumbnail","6":"product_cat-laptop-speakers","7":"product_tag-lenovo","9":"first","10":"instock","11":"taxable","12":"shipping-taxable","13":"purchasable","14":"product-type-simple"},"_links":{"self":[{"href":"https:\/\/boreait.com\/hu\/wp-json\/wp\/v2\/product\/13002","targetHints":{"allow":["GET"]}}],"collection":[{"href":"https:\/\/boreait.com\/hu\/wp-json\/wp\/v2\/product"}],"about":[{"href":"https:\/\/boreait.com\/hu\/wp-json\/wp\/v2\/types\/product"}],"wp:featuredmedia":[{"embeddable":true,"href":"https:\/\/boreait.com\/hu\/wp-json\/wp\/v2\/media\/13048"}],"wp:attachment":[{"href":"https:\/\/boreait.com\/hu\/wp-json\/wp\/v2\/media?parent=13002"}],"wp:term":[{"taxonomy":"product_brand","embeddable":true,"href":"https:\/\/boreait.com\/hu\/wp-json\/wp\/v2\/product_brand?post=13002"},{"taxonomy":"product_cat","embeddable":true,"href":"https:\/\/boreait.com\/hu\/wp-json\/wp\/v2\/product_cat?post=13002"},{"taxonomy":"product_tag","embeddable":true,"href":"https:\/\/boreait.com\/hu\/wp-json\/wp\/v2\/product_tag?post=13002"}],"curies":[{"name":"wp","href":"https:\/\/api.w.org\/{rel}","templated":true}]}}