{"id":13001,"date":"2025-09-17T14:00:16","date_gmt":"2025-09-17T12:00:16","guid":{"rendered":"https:\/\/boreait.com\/hu\/?post_type=product&#038;p=13001"},"modified":"2025-09-17T14:03:43","modified_gmt":"2025-09-17T12:03:43","slug":"eredeti-lenovo-thinkpad-t460-csuklotamasz-felso-burkolat-am105000200-sb30j07817","status":"publish","type":"product","link":"https:\/\/boreait.com\/hu\/termek\/eredeti-lenovo-thinkpad-t460-csuklotamasz-felso-burkolat-am105000200-sb30j07817\/","title":{"rendered":"Eredeti Lenovo ThinkPad T460 csukl\u00f3t\u00e1masz fels\u0151 burkolat AM105000200 SB30J07817"},"content":{"rendered":"<p data-start=\"363\" data-end=\"623\">Vissza\u00e1ll\u00edtsa ThinkPad megjelen\u00e9s\u00e9t \u00e9s funkcionalit\u00e1s\u00e1t ezzel az <strong data-start=\"425\" data-end=\"468\">eredeti Lenovo T460 csukl\u00f3t\u00e1masz fels\u0151 bor\u00edt\u00e1ssal<\/strong>.<br data-start=\"469\" data-end=\"472\" \/>Ez az eredeti alkatr\u00e9sz a tart\u00f3ss\u00e1g \u00e9s a professzion\u00e1lis kivitelez\u00e9s mellett k\u00e9sz\u00fclt az \u00e9rint\u0151pad \u00e9s a billenty\u0171zet ter\u00fclet\u00e9t.<\/p>\n<p data-start=\"625\" data-end=\"647\"><strong data-start=\"625\" data-end=\"645\">Term\u00e9k r\u00e9szletei:<\/strong><\/p>\n<ul data-start=\"648\" data-end=\"949\">\n<li data-start=\"648\" data-end=\"697\">\n<p data-start=\"650\" data-end=\"697\">Modell kompatibilit\u00e1s: <strong data-start=\"671\" data-end=\"695\">Lenovo ThinkPad T460<\/strong><\/p>\n<\/li>\n<li data-start=\"698\" data-end=\"744\">\n<p data-start=\"700\" data-end=\"744\">Alkatr\u00e9szsz\u00e1mok: <strong data-start=\"714\" data-end=\"742\">AM105000200 \/ SB30J07817<\/strong><\/p>\n<\/li>\n<li data-start=\"745\" data-end=\"777\">\n<p data-start=\"747\" data-end=\"777\">T\u00edpus: <strong data-start=\"753\" data-end=\"775\">Teny\u00e9rt\u00e1masz fels\u0151 burkolat<\/strong><\/p>\n<\/li>\n<li data-start=\"778\" data-end=\"834\">\n<p data-start=\"780\" data-end=\"834\">\u00c1llapot: <strong data-start=\"791\" data-end=\"832\">Eredeti Lenovo, A fokozat, teljesen tesztelt<\/strong><\/p>\n<\/li>\n<li data-start=\"835\" data-end=\"890\">\n<p data-start=\"837\" data-end=\"890\">Kiv\u00e1l\u00f3 min\u0151s\u00e9g\u0171 konstrukci\u00f3 a tart\u00f3ss\u00e1g \u00e9s a prec\u00edz illeszked\u00e9s \u00e9rdek\u00e9ben<\/p>\n<\/li>\n<li data-start=\"891\" data-end=\"949\">\n<p data-start=\"893\" data-end=\"949\">T\u00e1mogatja az \u00e9rint\u0151pad telep\u00edt\u00e9s\u00e9t (az \u00e9rint\u0151pad nem tartoz\u00e9k)<\/p>\n<\/li>\n<\/ul>\n<p data-start=\"951\" data-end=\"1054\"><strong data-start=\"951\" data-end=\"972\">A csomag tartalma:<\/strong><br data-start=\"972\" data-end=\"975\" \/>1x eredeti Lenovo ThinkPad T460 csukl\u00f3t\u00e1masz fels\u0151 burkolat (0AM210 \/00) SB30J07817)<\/p>\n<p data-start=\"1056\" data-end=\"1130\">T\u00f6k\u00e9letes csere, ha a csukl\u00f3t\u00e1masz megrepedt, karcos vagy elhaszn\u00e1l\u00f3dott.<\/p>\n","protected":false},"excerpt":{"rendered":"<p>Eredeti <strong data-start=\"192\" data-end=\"235\">Lenovo ThinkPad T460 csukl\u00f3t\u00e1masz fels\u0151 burkolat<\/strong> (AM105000200 \/ SB30J07817). Eredeti alkatr\u00e9sz, A fokozat, \u00e9rint\u0151pad kiv\u00e1g\u00e1ssal.<\/p>\n","protected":false},"featured_media":13046,"template":"","meta":[],"product_brand":[],"product_cat":[16],"product_tag":[26],"class_list":{"0":"post-13001","1":"product","2":"type-product","3":"status-publish","4":"has-post-thumbnail","6":"product_cat-laptop-housing","7":"product_tag-lenovo","9":"first","10":"instock","11":"taxable","12":"shipping-taxable","13":"purchasable","14":"product-type-simple"},"_links":{"self":[{"href":"https:\/\/boreait.com\/hu\/wp-json\/wp\/v2\/product\/13001","targetHints":{"allow":["GET"]}}],"collection":[{"href":"https:\/\/boreait.com\/hu\/wp-json\/wp\/v2\/product"}],"about":[{"href":"https:\/\/boreait.com\/hu\/wp-json\/wp\/v2\/types\/product"}],"wp:featuredmedia":[{"embeddable":true,"href":"https:\/\/boreait.com\/hu\/wp-json\/wp\/v2\/media\/13046"}],"wp:attachment":[{"href":"https:\/\/boreait.com\/hu\/wp-json\/wp\/v2\/media?parent=13001"}],"wp:term":[{"taxonomy":"product_brand","embeddable":true,"href":"https:\/\/boreait.com\/hu\/wp-json\/wp\/v2\/product_brand?post=13001"},{"taxonomy":"product_cat","embeddable":true,"href":"https:\/\/boreait.com\/hu\/wp-json\/wp\/v2\/product_cat?post=13001"},{"taxonomy":"product_tag","embeddable":true,"href":"https:\/\/boreait.com\/hu\/wp-json\/wp\/v2\/product_tag?post=13001"}],"curies":[{"name":"wp","href":"https:\/\/api.w.org\/{rel}","templated":true}]}}