{"id":13000,"date":"2025-09-17T14:00:15","date_gmt":"2025-09-17T12:00:15","guid":{"rendered":"https:\/\/boreait.com\/hu\/?post_type=product&#038;p=13000"},"modified":"2025-09-17T14:03:31","modified_gmt":"2025-09-17T12:03:31","slug":"lenovo-thinkpad-t440p-t450-t460-nemet-billentyuzet-04y0836","status":"publish","type":"product","link":"https:\/\/boreait.com\/hu\/termek\/lenovo-thinkpad-t440p-t450-t460-nemet-billentyuzet-04y0836\/","title":{"rendered":"Lenovo ThinkPad T440p T450 T460 n\u00e9met billenty\u0171zet 04Y0836"},"content":{"rendered":"<p data-start=\"348\" data-end=\"600\">Cser\u00e9lje ki a hib\u00e1s vagy elhaszn\u00e1l\u00f3dott billenty\u0171zetet erre az <strong data-start=\"396\" data-end=\"450\">eredeti Lenovo ThinkPad n\u00e9met billenty\u0171zetre (04Y0836)<\/strong>.<br data-start=\"451\" data-end=\"45, t\u00f6k\u00e9letes ehhez a kiv\u00e1l\u00f3 min\u0151s\u00e9g\u0171 modellhez\" \/>Pat-45 r\u00e9sz vissza\u00e1ll\u00edtja a teljes g\u00e9pel\u00e9si funkcionalit\u00e1st a helyes n\u00e9met QWERTZ elrendez\u00e9ssel.<\/p>\n<p data-start=\"602\" data-end=\"624\"><strong data-start=\"602\" data-end=\"622\">Term\u00e9k r\u00e9szletei:<\/strong><\/p>\n<ul data-start=\"625\" data-end=\"872\">\n<li data-start=\"625\" data-end=\"646\">\n<p data-start=\"627\" data-end=\"646\">M\u00e1rka: <strong data-start=\"634\" data-end=\"644\">Lenovo<\/strong><\/p>\n<\/li>\n<li data-start=\"647\" data-end=\"700\">\n<p data-start=\"649\" data-end=\"700\">Kompatibilis modellek: <strong data-start=\"668\" data-end=\"698\">ThinkPad T440p, T450, T460<\/strong><\/p>\n<\/li>\n<li data-start=\"701\" data-end=\"732\">\n<p data-start=\"703\" data-end=\"732\">Elrendez\u00e9s: <strong data-start=\"711\" data-end=\"730\">n\u00e9met (QWERTZ)<\/strong><\/p>\n<\/li>\n<li data-start=\"733\" data-end=\"761\">\n<p data-start=\"735\" data-end=\"761\">Alkatr\u00e9szsz\u00e1m: <strong data-start=\"748\" data-end=\"759\">04Y0836<\/strong><\/p>\n<\/li>\n<li data-start=\"762\" data-end=\"818\">\n<p data-start=\"764\" data-end=\"818\">\u00c1llapot: <strong data-start=\"775\" data-end=\"816\">Eredeti Lenovo, A fokozat, teljesen tesztelt<\/strong><\/p>\n<\/li>\n<li data-start=\"819\" data-end=\"872\">\n<p data-start=\"821\" data-end=\"872\">Tart\u00f3s konstrukci\u00f3 a tart\u00f3s teljes\u00edtm\u00e9ny \u00e9rdek\u00e9ben<\/p>\n<\/li>\n<\/ul>\n<p data-start=\"874\" data-end=\"952\"><strong data-start=\"874\" data-end=\"895\">A csomag tartalma:<\/strong><br data-start=\"895\" data-end=\"898\" \/>1x eredeti Lenovo ThinkPad n\u00e9met billenty\u0171zet (04Y0836)<\/p>\n<p data-start=\"954\" data-end=\"1057\">Ide\u00e1lis megold\u00e1s t\u00f6r\u00f6tt billenty\u0171k, nem reag\u00e1l\u00f3 billenty\u0171zetek cser\u00e9j\u00e9re vagy a megfelel\u0151 elrendez\u00e9sre val\u00f3 friss\u00edt\u00e9shez.<\/p>\n","protected":false},"excerpt":{"rendered":"<p data-start=\"171\" data-end=\"302\">Eredeti <strong data-start=\"179\" data-end=\"224\">Lenovo ThinkPad n\u00e9met billenty\u0171zet (04Y0836)<\/strong>, T440p, T450 \u00e9s T460 kompatibilis. Eredeti elrendez\u00e9s, tesztelt \u00e9s A fokozat\u00fa.<\/p>\n","protected":false},"featured_media":13044,"template":"","meta":[],"product_brand":[],"product_cat":[35],"product_tag":[26],"class_list":{"0":"post-13000","1":"product","2":"type-product","3":"status-publish","4":"has-post-thumbnail","6":"product_cat-laptop-keyboard","7":"product_tag-lenovo","9":"first","10":"instock","11":"taxable","12":"shipping-taxable","13":"purchasable","14":"product-type-simple"},"_links":{"self":[{"href":"https:\/\/boreait.com\/hu\/wp-json\/wp\/v2\/product\/13000","targetHints":{"allow":["GET"]}}],"collection":[{"href":"https:\/\/boreait.com\/hu\/wp-json\/wp\/v2\/product"}],"about":[{"href":"https:\/\/boreait.com\/hu\/wp-json\/wp\/v2\/types\/product"}],"wp:featuredmedia":[{"embeddable":true,"href":"https:\/\/boreait.com\/hu\/wp-json\/wp\/v2\/media\/13044"}],"wp:attachment":[{"href":"https:\/\/boreait.com\/hu\/wp-json\/wp\/v2\/media?parent=13000"}],"wp:term":[{"taxonomy":"product_brand","embeddable":true,"href":"https:\/\/boreait.com\/hu\/wp-json\/wp\/v2\/product_brand?post=13000"},{"taxonomy":"product_cat","embeddable":true,"href":"https:\/\/boreait.com\/hu\/wp-json\/wp\/v2\/product_cat?post=13000"},{"taxonomy":"product_tag","embeddable":true,"href":"https:\/\/boreait.com\/hu\/wp-json\/wp\/v2\/product_tag?post=13000"}],"curies":[{"name":"wp","href":"https:\/\/api.w.org\/{rel}","templated":true}]}}