{"id":12990,"date":"2025-09-17T13:59:45","date_gmt":"2025-09-17T11:59:45","guid":{"rendered":"https:\/\/boreait.com\/hu\/?post_type=product&#038;p=12990"},"modified":"2025-09-17T14:03:17","modified_gmt":"2025-09-17T12:03:17","slug":"nm-a581-lenovo-thinkpad-t460-alaplap-i5-6200u-01aw320-01aw336-01aw344","status":"publish","type":"product","link":"https:\/\/boreait.com\/hu\/termek\/nm-a581-lenovo-thinkpad-t460-alaplap-i5-6200u-01aw320-01aw336-01aw344\/","title":{"rendered":"NM-A581 Lenovo ThinkPad T460 alaplap i5-6200U 01AW320 01AW336 01AW344"},"content":{"rendered":"<p data-start=\"340\" data-end=\"595\"><strong>TELJESEN M\u0170K\u00d6DIK \u2013 N\u00c9ZD MEG A FOT\u00d3KAT!<\/strong><\/p>\n<p data-start=\"340\" data-end=\"595\"> \u00c1ll\u00edtsa vissza Lenovo ThinkPad T460 k\u00e9sz\u00fcl\u00e9k\u00e9t ezzel az <strong data-start=\"384\" data-end=\"416\">eredeti NM-A581 alaplappal<\/strong>, a <strong data-start=\"432\" data-end=\"465\" data-end=\"465\" \">Ez az Intel 5-a2e<\/0>i folyamata. Eredeti Lenovo alkatr\u00e9sz, t\u00f6k\u00e9letes a hib\u00e1s vagy s\u00e9r\u00fclt alaplapok cser\u00e9j\u00e9hez, hogy \u00fajra \u00e9letre keltse laptopj\u00e1t.<\/p>\n<p data-start=\"597\" data-end=\"619\"><strong data-start=\"597\" data-end=\"617\">Term\u00e9k r\u00e9szletei:<\/strong><\/p>\n<ul data-start=\"620\" data-end=\"888\">\n<li data-start=\"620\" data-end=\"655\">\n<p data-start=\"622\" data-end=\"655\">Modell: <strong data-start=\"629\" data-end=\"653\">Lenovo ThinkPad T460<\/strong><\/p>\n<\/li>\n<li data-start=\"656\" data-end=\"684\">\n<p data-start=\"658\" data-end=\"684\">Alaplap: <strong data-start=\"671\" data-end=\"682\">NM-A581<\/strong><\/p>\n<\/li>\n<li data-start=\"685\" data-end=\"730\">\n<p data-start=\"687\" data-end=\"730\">CPU: <strong data-start=\"692\" data-end=\"715\">Intel Core i5-6200U<\/strong> (integr\u00e1lt)<\/p>\n<\/li>\n<li data-start=\"731\" data-end=\"780\">\n<p data-start=\"733\" data-end=\"780\">Alkatr\u00e9szsz\u00e1mok: <strong data-start=\"747\" data-end=\"778\">01AW320 \/ 01AW336 \/ 01AW344<\/strong><\/p>\n<\/li>\n<li data-start=\"781\" data-end=\"824\">\n<p data-start=\"783\" data-end=\"824\">\u00c1llapot: <strong data-start=\"794\" data-end=\"822\">Eredeti, A fokozat, tesztelt<\/strong><\/p>\n<\/li>\n<li data-start=\"825\" data-end=\"888\">\n<p data-start=\"827\" data-end=\"888\">Ide\u00e1lis csere a meghib\u00e1sodott vagy nem m\u0171k\u00f6d\u0151 alaplapokhoz<\/p>\n<\/li>\n<\/ul>\n<p data-start=\"890\" data-end=\"985\"><strong data-start=\"890\" data-end=\"911\">A csomag tartalma:<\/strong><br data-start=\"911\" data-end=\"914\" \/>1x Eredeti Lenovo ThinkPad T460 Alaplap <strong data-start=\"N\"-8=\"58\" data=\"8-58\"\">N i5-6200U<\/strong><\/p>\n<p data-start=\"987\" data-end=\"1062\">Megb\u00edzhat\u00f3, teljesen tesztelt \u00e9s telep\u00edt\u00e9sre k\u00e9sz a z\u00f6kken\u0151mentes jav\u00edt\u00e1si folyamat \u00e9rdek\u00e9ben.<\/p>\n","protected":false},"excerpt":{"rendered":"<p>Eredeti <strong data-start=\"177\" data-end=\"250\">Lenovo ThinkPad T460 alaplap NM-A581 Intel Core i5-6200U processzorral<\/strong>. Cikksz\u00e1mok: 01AW320, 01AW336, 01AW344.<\/p>\n","protected":false},"featured_media":13040,"template":"","meta":[],"product_brand":[],"product_cat":[27],"product_tag":[26],"class_list":{"0":"post-12990","1":"product","2":"type-product","3":"status-publish","4":"has-post-thumbnail","6":"product_cat-motherboards-board-parts","7":"product_tag-lenovo","9":"first","10":"instock","11":"taxable","12":"shipping-taxable","13":"purchasable","14":"product-type-simple"},"_links":{"self":[{"href":"https:\/\/boreait.com\/hu\/wp-json\/wp\/v2\/product\/12990","targetHints":{"allow":["GET"]}}],"collection":[{"href":"https:\/\/boreait.com\/hu\/wp-json\/wp\/v2\/product"}],"about":[{"href":"https:\/\/boreait.com\/hu\/wp-json\/wp\/v2\/types\/product"}],"wp:featuredmedia":[{"embeddable":true,"href":"https:\/\/boreait.com\/hu\/wp-json\/wp\/v2\/media\/13040"}],"wp:attachment":[{"href":"https:\/\/boreait.com\/hu\/wp-json\/wp\/v2\/media?parent=12990"}],"wp:term":[{"taxonomy":"product_brand","embeddable":true,"href":"https:\/\/boreait.com\/hu\/wp-json\/wp\/v2\/product_brand?post=12990"},{"taxonomy":"product_cat","embeddable":true,"href":"https:\/\/boreait.com\/hu\/wp-json\/wp\/v2\/product_cat?post=12990"},{"taxonomy":"product_tag","embeddable":true,"href":"https:\/\/boreait.com\/hu\/wp-json\/wp\/v2\/product_tag?post=12990"}],"curies":[{"name":"wp","href":"https:\/\/api.w.org\/{rel}","templated":true}]}}