{"id":1299,"date":"2025-09-17T09:58:22","date_gmt":"2025-09-17T07:58:22","guid":{"rendered":"https:\/\/boreait.com\/hu\/?post_type=product&#038;p=1299"},"modified":"2026-01-09T13:14:09","modified_gmt":"2026-01-09T12:14:09","slug":"acer-aspire-5250-cd-dvd-lejatszo-csatlakozo-lapos-ego-pew71-ls-6583p","status":"publish","type":"product","link":"https:\/\/boreait.com\/hu\/termek\/acer-aspire-5250-cd-dvd-lejatszo-csatlakozo-lapos-ego-pew71-ls-6583p\/","title":{"rendered":"Acer Aspire 5250 CD\/DVD lej\u00e1tsz\u00f3 csatlakoz\u00f3 + lapos \u00e9g\u0151 PEW71 LS-6583P"},"content":{"rendered":"<p>Az Acer Aspire 5250 CD\/DVD lej\u00e1tsz\u00f3 csatlakoz\u00f3 + lapos \u00edr\u00f3 PEW71 LS-6583P elengedhetetlen alkatr\u00e9sze Acer Aspire 5250 laptopj\u00e1nak, k\u00fcl\u00f6n\u00f6sen, ha CD\/DVD lej\u00e1tsz\u00f3t vagy \u00edr\u00f3t szeretne haszn\u00e1lni. Ez a csatlakoz\u00f3k\u00e1rtya interf\u00e9szk\u00e9nt szolg\u00e1l a CD\/DVD-lej\u00e1tsz\u00f3\/\u00edr\u00f3 \u00e9s a laptop alaplapja k\u00f6z\u00f6tt, lehet\u0151v\u00e9 t\u00e9ve az adatok olvas\u00e1s\u00e1t vagy \u00edr\u00e1s\u00e1t optikai lemezekr\u0151l.<\/p>\n<p>Ak\u00e1r filmeket szeretne n\u00e9zni, szoftvereket telep\u00edteni CD-r\u0151l vagy DVD-r\u0151l, ak\u00e1r saj\u00e1t lemezeket szeretne k\u00e9sz\u00edteni, ez a csatlakoz\u00f3k\u00e1rtya lehet\u0151v\u00e9 teszi mindezt. Z\u00f6kken\u0151mentes \u00e9s megb\u00edzhat\u00f3 kapcsolatot biztos\u00edt a CD\/DVD-lej\u00e1tsz\u00f3\/\u00edr\u00f3 \u00e9s a laptop k\u00f6z\u00f6tt, \u00edgy k\u00e9nyelmesen haszn\u00e1lhatja az optikai adathordoz\u00f3kat a k\u00e9sz\u00fcl\u00e9k\u00e9n.<\/p>\n<p>Az Acer Aspire 5250 CD\/DVD lej\u00e1tsz\u00f3 csatlakoz\u00f3 + lapos \u00e9g\u0151 PEW71 LS-6583P az Acer eredeti cserealkatr\u00e9sze, amely biztos\u00edtja a kompatibilit\u00e1st \u00e9s az optim\u00e1lis teljes\u00edtm\u00e9nyt. Megfelel\u0151 telep\u00edt\u00e9s eset\u00e9n z\u00f6kken\u0151mentesen integr\u00e1l\u00f3dik a laptop bels\u0151 alkatr\u00e9szeibe, lehet\u0151v\u00e9 t\u00e9ve, hogy \u00e9lvezze az Acer Aspire 5250 CD-\/DVD-lej\u00e1tsz\u00f3j\u00e1nak vagy \u00edr\u00f3j\u00e1nak minden el\u0151ny\u00e9t.<\/p>\n<p>Ha az eredeti csatlakoz\u00f3k\u00e1rtya hib\u00e1s vagy megs\u00e9r\u00fclt, az eredeti Acer cserealkatr\u00e9szre cser\u00e9lve vissza\u00e1ll\u00edtja laptopja CD\/DVD-funkci\u00f3it, lehet\u0151v\u00e9 t\u00e9ve az optikai lemezek k\u00fcl\u00f6nf\u00e9le c\u00e9lokra t\u00f6rt\u00e9n\u0151 haszn\u00e1lat\u00e1t. Friss\u00edtse Acer Aspire 5250 k\u00e9sz\u00fcl\u00e9k\u00e9t az Acer Aspire 5250 CD\/DVD lej\u00e1tsz\u00f3 csatlakoz\u00f3val + PEW71 LS-6583P lapos \u00e9g\u0151vel, \u00e9s t\u00e1rja fel laptopja k\u00e9pess\u00e9geiben rejl\u0151 lehet\u0151s\u00e9geket.<\/p>\n","protected":false},"excerpt":{"rendered":"<p>Az Acer Aspire 5250 CD\/DVD lej\u00e1tsz\u00f3 csatlakoz\u00f3 + lapos \u00e9g\u0151 PEW71 LS-6583P egy eredeti cserealkatr\u00e9sz, amelyet az Acer Aspire 5250 laptopokhoz terveztek. Ez a csatlakoz\u00f3k\u00e1rtya lehet\u0151v\u00e9 teszi, hogy CD\/DVD-lej\u00e1tsz\u00f3t vagy \u00edr\u00f3t csatlakoztasson \u00e9s haszn\u00e1ljon laptopj\u00e1n, lehet\u0151v\u00e9 t\u00e9ve az adatok olvas\u00e1s\u00e1t vagy \u00edr\u00e1s\u00e1t optikai lemezekr\u0151l.<\/p>\n","protected":false},"featured_media":1351,"template":"","meta":[],"product_brand":[],"product_cat":[27],"product_tag":[29],"class_list":{"0":"post-1299","1":"product","2":"type-product","3":"status-publish","4":"has-post-thumbnail","6":"product_cat-motherboards-board-parts","7":"product_tag-acer","9":"first","10":"instock","11":"taxable","12":"shipping-taxable","13":"purchasable","14":"product-type-simple"},"_links":{"self":[{"href":"https:\/\/boreait.com\/hu\/wp-json\/wp\/v2\/product\/1299","targetHints":{"allow":["GET"]}}],"collection":[{"href":"https:\/\/boreait.com\/hu\/wp-json\/wp\/v2\/product"}],"about":[{"href":"https:\/\/boreait.com\/hu\/wp-json\/wp\/v2\/types\/product"}],"wp:featuredmedia":[{"embeddable":true,"href":"https:\/\/boreait.com\/hu\/wp-json\/wp\/v2\/media\/1351"}],"wp:attachment":[{"href":"https:\/\/boreait.com\/hu\/wp-json\/wp\/v2\/media?parent=1299"}],"wp:term":[{"taxonomy":"product_brand","embeddable":true,"href":"https:\/\/boreait.com\/hu\/wp-json\/wp\/v2\/product_brand?post=1299"},{"taxonomy":"product_cat","embeddable":true,"href":"https:\/\/boreait.com\/hu\/wp-json\/wp\/v2\/product_cat?post=1299"},{"taxonomy":"product_tag","embeddable":true,"href":"https:\/\/boreait.com\/hu\/wp-json\/wp\/v2\/product_tag?post=1299"}],"curies":[{"name":"wp","href":"https:\/\/api.w.org\/{rel}","templated":true}]}}