{"id":12989,"date":"2025-09-17T13:59:45","date_gmt":"2025-09-17T11:59:45","guid":{"rendered":"https:\/\/boreait.com\/hu\/?post_type=product&#038;p=12989"},"modified":"2025-09-17T14:03:12","modified_gmt":"2025-09-17T12:03:12","slug":"lenovo-thinkpad-t510-w510-laptop-alaplap-vaz-60y5496-eredeti-a-osztalyu","status":"publish","type":"product","link":"https:\/\/boreait.com\/hu\/termek\/lenovo-thinkpad-t510-w510-laptop-alaplap-vaz-60y5496-eredeti-a-osztalyu\/","title":{"rendered":"Lenovo ThinkPad T510 W510 laptop alaplap v\u00e1z 60Y5496 Eredeti, A oszt\u00e1ly\u00fa"},"content":{"rendered":"<p data-start=\"334\" data-end=\"598\">Tartsa a legjobb \u00e1llapotban Lenovo ThinkPad-j\u00e9t ezzel az <strong data-start=\"387\" data-end=\"427\">eredeti alaplapkerettel (60Y5496)<\/strong> a <strong data-start=\"436\" data-end=\"453\">T510 data-end=&#8221;453&#8243;>T510 data-end=&#8221;453&#8243;>T510 data-end=&#8221;453&#8243;>T510<\/strong> data and W. data-end=&#8221;464&#8243; \/>Ez az eredeti Lenovo alkatr\u00e9sz szil\u00e1rd alapot biztos\u00edt az alaplapnak, biztos\u00edtva a megfelel\u0151 be\u00e1ll\u00edt\u00e1st, v\u00e9delmet \u00e9s hossz\u00fa t\u00e1v\u00fa stabilit\u00e1st.<\/p>\n<p data-start=\"600\" data-end=\"622\"><strong data-start=\"600\" data-end=\"620\">Term\u00e9k r\u00e9szletei:<\/strong><\/p>\n<ul data-start=\"623\" data-end=\"892\">\n<li data-start=\"623\" data-end=\"672\">\n<p data-start=\"625\" data-end=\"672\">Modell kompatibilit\u00e1s: <strong data-start=\"646\" data-end=\"670\">ThinkPad T510 \/ W510<\/strong><\/p>\n<\/li>\n<li data-start=\"673\" data-end=\"701\">\n<p data-start=\"675\" data-end=\"701\">Alkatr\u00e9szsz\u00e1m: <strong data-start=\"688\" data-end=\"699\">60Y5496<\/strong><\/p>\n<\/li>\n<li data-start=\"702\" data-end=\"751\">\n<p data-start=\"704\" data-end=\"751\">T\u00edpus: <strong data-start=\"710\" data-end=\"749\">Alaplap keret\/v\u00e1z t\u00e1mogat\u00e1s<\/strong><\/p>\n<\/li>\n<li data-start=\"752\" data-end=\"795\">\n<p data-start=\"754\" data-end=\"795\">\u00c1llapot: <strong data-start=\"765\" data-end=\"793\">Eredeti, A fokozat, tesztelt<\/strong><\/p>\n<\/li>\n<li data-start=\"796\" data-end=\"842\">\n<p data-start=\"798\" data-end=\"842\">Biztons\u00e1gos \u00e9s pontos alaplapi illeszked\u00e9st biztos\u00edt<\/p>\n<\/li>\n<li data-start=\"843\" data-end=\"892\">\n<p data-start=\"845\" data-end=\"892\">Seg\u00edt megv\u00e9deni a bels\u0151 alkatr\u00e9szeket a s\u00e9r\u00fcl\u00e9sekt\u0151l<\/p>\n<\/li>\n<\/ul>\n<p data-start=\"894\" data-end=\"977\"><strong data-start=\"894\" data-end=\"915\">A csomag tartalma:<\/strong><br data-start=\"915\" data-end=\"918\" \/>1x eredeti Lenovo T510 \/ W510 alaplapkeret (60Yp<\/549)\n\n\n\n<p data-start=\"979\" data-end=\"1084\">Ide\u00e1lis p\u00f3tl\u00e1sa s\u00e9r\u00fclt vagy hi\u00e1nyz\u00f3 alaplaptart\u00f3knak laptopja szervizel\u00e9se vagy \u00fajj\u00e1\u00e9p\u00edt\u00e9se sor\u00e1n.<\/p>\n","protected":false},"excerpt":{"rendered":"<p>Eredeti <strong data-start=\"160\" data-end=\"210\">Lenovo T510 \/ W510 alaplap keret (60Y5496)<\/strong>. Eredeti A oszt\u00e1ly\u00fa alkatr\u00e9sz a biztons\u00e1gos alaplap t\u00e1mogat\u00e1s\u00e9rt \u00e9s a tart\u00f3ss\u00e1g\u00e9rt.<\/p>\n","protected":false},"featured_media":13039,"template":"","meta":[],"product_brand":[],"product_cat":[16],"product_tag":[26],"class_list":{"0":"post-12989","1":"product","2":"type-product","3":"status-publish","4":"has-post-thumbnail","6":"product_cat-laptop-housing","7":"product_tag-lenovo","9":"first","10":"instock","11":"taxable","12":"shipping-taxable","13":"purchasable","14":"product-type-simple"},"_links":{"self":[{"href":"https:\/\/boreait.com\/hu\/wp-json\/wp\/v2\/product\/12989","targetHints":{"allow":["GET"]}}],"collection":[{"href":"https:\/\/boreait.com\/hu\/wp-json\/wp\/v2\/product"}],"about":[{"href":"https:\/\/boreait.com\/hu\/wp-json\/wp\/v2\/types\/product"}],"wp:featuredmedia":[{"embeddable":true,"href":"https:\/\/boreait.com\/hu\/wp-json\/wp\/v2\/media\/13039"}],"wp:attachment":[{"href":"https:\/\/boreait.com\/hu\/wp-json\/wp\/v2\/media?parent=12989"}],"wp:term":[{"taxonomy":"product_brand","embeddable":true,"href":"https:\/\/boreait.com\/hu\/wp-json\/wp\/v2\/product_brand?post=12989"},{"taxonomy":"product_cat","embeddable":true,"href":"https:\/\/boreait.com\/hu\/wp-json\/wp\/v2\/product_cat?post=12989"},{"taxonomy":"product_tag","embeddable":true,"href":"https:\/\/boreait.com\/hu\/wp-json\/wp\/v2\/product_tag?post=12989"}],"curies":[{"name":"wp","href":"https:\/\/api.w.org\/{rel}","templated":true}]}}