{"id":12988,"date":"2025-09-17T13:59:45","date_gmt":"2025-09-17T11:59:45","guid":{"rendered":"https:\/\/boreait.com\/hu\/?post_type=product&#038;p=12988"},"modified":"2025-09-17T14:03:03","modified_gmt":"2025-09-17T12:03:03","slug":"lenovo-thinkpad-t520-t530-w510-w520-w530-lcd-elolap-keret-burkolat-60y5482-75y4528","status":"publish","type":"product","link":"https:\/\/boreait.com\/hu\/termek\/lenovo-thinkpad-t520-t530-w510-w520-w530-lcd-elolap-keret-burkolat-60y5482-75y4528\/","title":{"rendered":"Lenovo ThinkPad T520 T530 W510 W520 W530 LCD el\u0151lap keret burkolat 60Y5482 75Y4528"},"content":{"rendered":"<p data-start=\"327\" data-end=\"557\">Cser\u00e9lje ki a t\u00f6r\u00f6tt vagy elhaszn\u00e1l\u00f3dott kijelz\u0151bor\u00edt\u00e1sokat erre az <strong data-start=\"375\" data-end=\"430\">eredeti Lenovo LCD el\u0151lapkerettel (60Y5482 \/ 75Y4528)<\/strong>.<br data-start=\"431\" restaur\u00e1lja a professzion\u00e1lis adatot\" \/> a ThinkPad, \u00e9s megfelel\u0151 v\u00e9delmet ny\u00fajt az LCD-panelnek.<\/p>\n<p data-start=\"559\" data-end=\"581\"><strong data-start=\"559\" data-end=\"579\">Term\u00e9k r\u00e9szletei:<\/strong><\/p>\n<ul data-start=\"582\" data-end=\"885\">\n<li data-start=\"582\" data-end=\"646\">\n<p data-start=\"584\" data-end=\"646\">Kompatibilis modellek: <strong data-start=\"603\" data-end=\"644\">ThinkPad T520, T530, W510, W520, W530<\/strong><\/p>\n<\/li>\n<li data-start=\"647\" data-end=\"685\">\n<p data-start=\"649\" data-end=\"685\">Alkatr\u00e9szsz\u00e1mok: <strong data-start=\"663\" data-end=\"683\">60Y5482, 75Y4528<\/strong><\/p>\n<\/li>\n<li data-start=\"686\" data-end=\"725\">\n<p data-start=\"688\" data-end=\"725\">T\u00edpus: <strong data-start=\"694\" data-end=\"723\">LCD el\u0151lap\/keret\/bor\u00edt\u00f3<\/strong><\/p>\n<\/li>\n<li data-start=\"726\" data-end=\"776\">\n<p data-start=\"728\" data-end=\"776\">\u00c1llapot: <strong data-start=\"739\" data-end=\"774\">Eredeti Lenovo, A fokozat, tesztelt<\/strong><\/p>\n<\/li>\n<li data-start=\"777\" data-end=\"834\">\n<p data-start=\"779\" data-end=\"834\">Tart\u00f3ss\u00e1got \u00e9s biztons\u00e1gos illeszked\u00e9st biztos\u00edt az LCD-k\u00e9perny\u0151h\u00f6z<\/p>\n<\/li>\n<li data-start=\"835\" data-end=\"885\">\n<p data-start=\"837\" data-end=\"885\">S\u00e9r\u00fclt vagy repedt keretek egyszer\u0171 cser\u00e9je<\/p>\n<\/li>\n<\/ul>\n<p data-start=\"887\" data-end=\"972\"><strong data-start=\"887\" data-end=\"908\">A csomag tartalma:<\/strong><br data-start=\"908\" data-end=\"911\" \/>1x Eredeti Lenovo LCD el\u0151lapi burkolat (60Y5482 \/ 8)5Y5482 \/ 8<\/p>\n<p data-start=\"974\" data-end=\"1059\">T\u00f6k\u00e9letes megold\u00e1s a ThinkPad kijelz\u0151keret\u00e9nek \u00fajszer\u0171 \u00e1llapotba \u00e1ll\u00edt\u00e1s\u00e1ra.<\/p>\n","protected":false},"excerpt":{"rendered":"<p>Eredeti <strong data-start=\"184\" data-end=\"229\">LCD el\u0151lap burkolat (60Y5482 \/ 75Y4528)<\/strong> Lenovo ThinkPad T520, T530, W510, W520, W530 sz\u00e1m\u00e1ra.<\/p>\n","protected":false},"featured_media":13037,"template":"","meta":[],"product_brand":[],"product_cat":[16],"product_tag":[26],"class_list":{"0":"post-12988","1":"product","2":"type-product","3":"status-publish","4":"has-post-thumbnail","6":"product_cat-laptop-housing","7":"product_tag-lenovo","9":"first","10":"instock","11":"taxable","12":"shipping-taxable","13":"purchasable","14":"product-type-simple"},"_links":{"self":[{"href":"https:\/\/boreait.com\/hu\/wp-json\/wp\/v2\/product\/12988","targetHints":{"allow":["GET"]}}],"collection":[{"href":"https:\/\/boreait.com\/hu\/wp-json\/wp\/v2\/product"}],"about":[{"href":"https:\/\/boreait.com\/hu\/wp-json\/wp\/v2\/types\/product"}],"wp:featuredmedia":[{"embeddable":true,"href":"https:\/\/boreait.com\/hu\/wp-json\/wp\/v2\/media\/13037"}],"wp:attachment":[{"href":"https:\/\/boreait.com\/hu\/wp-json\/wp\/v2\/media?parent=12988"}],"wp:term":[{"taxonomy":"product_brand","embeddable":true,"href":"https:\/\/boreait.com\/hu\/wp-json\/wp\/v2\/product_brand?post=12988"},{"taxonomy":"product_cat","embeddable":true,"href":"https:\/\/boreait.com\/hu\/wp-json\/wp\/v2\/product_cat?post=12988"},{"taxonomy":"product_tag","embeddable":true,"href":"https:\/\/boreait.com\/hu\/wp-json\/wp\/v2\/product_tag?post=12988"}],"curies":[{"name":"wp","href":"https:\/\/api.w.org\/{rel}","templated":true}]}}