{"id":12986,"date":"2025-09-17T13:59:44","date_gmt":"2025-09-17T11:59:44","guid":{"rendered":"https:\/\/boreait.com\/hu\/?post_type=product&#038;p=12986"},"modified":"2025-09-17T14:02:50","modified_gmt":"2025-09-17T12:02:50","slug":"lcd-lvds-kepernyokabel-6017b0428601-hp-elitebook-840-820-740-745-755-845-g1-g2-zbook-14-probookr-keszulekhez","status":"publish","type":"product","link":"https:\/\/boreait.com\/hu\/termek\/lcd-lvds-kepernyokabel-6017b0428601-hp-elitebook-840-820-740-745-755-845-g1-g2-zbook-14-probookr-keszulekhez\/","title":{"rendered":"LCD LVDS k\u00e9perny\u0151k\u00e1bel 6017B0428601 HP EliteBook 840 820 740 745 755 845 G1 G2 ZBook 14 ProBookR k\u00e9sz\u00fcl\u00e9khez"},"content":{"rendered":"<p>Cser\u00e9lje ki a s\u00e9r\u00fclt vagy hib\u00e1s k\u00e9perny\u0151k\u00e1belt erre az <strong data-start=\"374\" data-end=\"407\">LCD LVDS-k\u00e1bellel (6017B0428601)<\/strong>, amelyet a HP laptopok sz\u00e9les sk\u00e1l\u00e1j\u00e1hoz terveztek.<br data-start=\"449\" data-end=\"452\" \/>Ha a k\u00e9perny\u0151n egy\u00e1ltal\u00e1n nem l\u00e1that\u00f3 a gyors csere \u2013 ez a k\u00e1bel gyakran nem villog vagy villog, vissza\u00e1ll\u00edtja a t\u00f6k\u00e9letes megjelen\u00edt\u00e9si funkcionalit\u00e1st.<\/p>\n<p data-start=\"612\" data-end=\"634\"><strong data-start=\"612\" data-end=\"632\">Term\u00e9k r\u00e9szletei:<\/strong><\/p>\n<ul data-start=\"635\" data-end=\"807\">\n<li data-start=\"635\" data-end=\"668\">\n<p data-start=\"637\" data-end=\"668\">Alkatr\u00e9szsz\u00e1m: <strong data-start=\"650\" data-end=\"666\">6017B0428601<\/strong><\/p>\n<\/li>\n<li data-start=\"669\" data-end=\"704\">\n<p data-start=\"671\" data-end=\"704\">T\u00edpus: <strong data-start=\"677\" data-end=\"702\">LCD LVDS k\u00e9perny\u0151k\u00e1bel<\/strong><\/p>\n<\/li>\n<li data-start=\"705\" data-end=\"747\">\n<p data-start=\"707\" data-end=\"747\">Kiv\u00e1l\u00f3 min\u0151s\u00e9g\u0171 csere, teljesen tesztelt<\/p>\n<\/li>\n<li data-start=\"748\" data-end=\"807\">\n<p data-start=\"750\" data-end=\"807\">Ide\u00e1lis a hib\u00e1s k\u00e1belek \u00e1ltal okozott megjelen\u00edt\u00e9si probl\u00e9m\u00e1k megold\u00e1s\u00e1ra<\/p>\n<\/li>\n<\/ul>\n<p data-start=\"809\" data-end=\"836\"><strong data-start=\"809\" data-end=\"834\">Kompatibilis HP-modellek:<\/strong><\/p>\n<ul data-start=\"837\" data-end=\"930\">\n<li data-start=\"837\" data-end=\"893\">\n<p data-start=\"839\" data-end=\"893\"><strong data-start=\"839\" data-end=\"853\">EliteBook:<\/strong> 845, 840, 820, 755, 745, 740 (G1, G2)<\/p>\n<\/li>\n<li data-start=\"894\" data-end=\"910\">\n<p data-start=\"896\" data-end=\"910\"><strong data-start=\"896\" data-end=\"908\">ZBook 14<\/strong><\/p>\n<\/li>\n<li data-start=\"911\" data-end=\"930\">\n<p data-start=\"913\" data-end=\"930\"><strong data-start=\"913\" data-end=\"928\">ProBook 470<\/strong><\/p>\n<\/li>\n<\/ul>\n<p data-start=\"932\" data-end=\"997\"><strong data-start=\"932\" data-end=\"953\">A csomag tartalma:<\/strong><br data-start=\"953\" data-end=\"956\" \/>1x LCD LVDS k\u00e9perny\u0151k\u00e1bel (6017B0428601)<\/p>\n<p data-start=\"999\" data-end=\"1082\">K\u00f6nnyen telep\u00edthet\u0151 \u00e9s k\u00f6lts\u00e9ghat\u00e9kony megold\u00e1s a k\u00e9perny\u0151csatlakoz\u00e1si probl\u00e9m\u00e1k megold\u00e1s\u00e1ra.<\/p>\n","protected":false},"excerpt":{"rendered":"<p>Csere <strong data-start=\"147\" data-end=\"187\">LCD LVDS k\u00e9perny\u0151k\u00e1bel (6017B0428601)<\/strong> a HP EliteBook 840 \/ 820 \/ 740 \/ 745 \/ 755 \/ 845 G1 G2, a ZBook 14 \u00e9s a ProBook 470 sz\u00e1m\u00e1ra.<\/p>\n","protected":false},"featured_media":13035,"template":"","meta":[],"product_brand":[],"product_cat":[20],"product_tag":[25],"class_list":{"0":"post-12986","1":"product","2":"type-product","3":"status-publish","4":"has-post-thumbnail","6":"product_cat-cables","7":"product_tag-hp","9":"first","10":"instock","11":"taxable","12":"shipping-taxable","13":"purchasable","14":"product-type-simple"},"_links":{"self":[{"href":"https:\/\/boreait.com\/hu\/wp-json\/wp\/v2\/product\/12986","targetHints":{"allow":["GET"]}}],"collection":[{"href":"https:\/\/boreait.com\/hu\/wp-json\/wp\/v2\/product"}],"about":[{"href":"https:\/\/boreait.com\/hu\/wp-json\/wp\/v2\/types\/product"}],"wp:featuredmedia":[{"embeddable":true,"href":"https:\/\/boreait.com\/hu\/wp-json\/wp\/v2\/media\/13035"}],"wp:attachment":[{"href":"https:\/\/boreait.com\/hu\/wp-json\/wp\/v2\/media?parent=12986"}],"wp:term":[{"taxonomy":"product_brand","embeddable":true,"href":"https:\/\/boreait.com\/hu\/wp-json\/wp\/v2\/product_brand?post=12986"},{"taxonomy":"product_cat","embeddable":true,"href":"https:\/\/boreait.com\/hu\/wp-json\/wp\/v2\/product_cat?post=12986"},{"taxonomy":"product_tag","embeddable":true,"href":"https:\/\/boreait.com\/hu\/wp-json\/wp\/v2\/product_tag?post=12986"}],"curies":[{"name":"wp","href":"https:\/\/api.w.org\/{rel}","templated":true}]}}