{"id":1298,"date":"2025-09-17T09:58:22","date_gmt":"2025-09-17T07:58:22","guid":{"rendered":"https:\/\/boreait.com\/hu\/?post_type=product&#038;p=1298"},"modified":"2026-01-09T13:13:46","modified_gmt":"2026-01-09T12:13:46","slug":"hp-640-650-840695-001-800515-001-4441a-dfcn-4-nfc-modul-pcb-kartya","status":"publish","type":"product","link":"https:\/\/boreait.com\/hu\/termek\/hp-640-650-840695-001-800515-001-4441a-dfcn-4-nfc-modul-pcb-kartya\/","title":{"rendered":"Hp 640 650 840695-001 800515-001 4441A DFCN-4 NFC modul PCB k\u00e1rtya"},"content":{"rendered":"<p>A HP 640 650 840695-001 800515-001 4441A DFCN-4 NFC modul PCB k\u00e1rtya a HP laptopja n\u00e9lk\u00fcl\u00f6zhetetlen alkatr\u00e9sze, amely Near Field Communication (NFC) k\u00e9pess\u00e9geket biztos\u00edt a felhaszn\u00e1l\u00f3i \u00e9lm\u00e9ny fokoz\u00e1sa \u00e9rdek\u00e9ben. Az NFC technol\u00f3gia lehet\u0151v\u00e9 teszi a kis hat\u00f3t\u00e1vols\u00e1g\u00fa vezet\u00e9k n\u00e9lk\u00fcli kommunik\u00e1ci\u00f3t laptopja \u00e9s m\u00e1s NFC-k\u00e9pes eszk\u00f6z\u00f6k, p\u00e9ld\u00e1ul okostelefonok, t\u00e1blag\u00e9pek \u00e9s intelligens k\u00e1rty\u00e1k k\u00f6z\u00f6tt.<\/p>\n<p>Ezzel az NFC-modullal egyetlen \u00e9rint\u00e9ssel gyorsan \u00e1tvihet adatokat, megoszthat f\u00e1jlokat \u00e9s inform\u00e1ci\u00f3kat cser\u00e9lhet. Ez k\u00e9nyelmess\u00e9 teszi a koll\u00e9g\u00e1kkal val\u00f3 egy\u00fcttm\u0171k\u00f6d\u00e9st, a m\u00e9dia megoszt\u00e1s\u00e1t \u00e9s a n\u00e9vjegyek cser\u00e9j\u00e9t. Ezenk\u00edv\u00fcl az NFC biztons\u00e1gos hiteles\u00edt\u00e9st tesz lehet\u0151v\u00e9, \u00edgy ide\u00e1lis hozz\u00e1f\u00e9r\u00e9s-vez\u00e9rl\u00e9shez \u00e9s biztons\u00e1gos bejelentkez\u00e9shez.<\/p>\n<p>A HP 640 650 840695-001 800515-001 4441A DFCN-4 NFC modul PCB k\u00e1rty\u00e1t prec\u00edzen tervezt\u00e9k, \u00e9s szigor\u00faan tesztelt\u00e9k, hogy megfeleljen a HP min\u0151s\u00e9gi szabv\u00e1nyainak. Megfelel\u0151 telep\u00edt\u00e9s eset\u00e9n z\u00f6kken\u0151mentesen integr\u00e1l\u00f3dik a laptop bels\u0151 komponenseivel, megb\u00edzhat\u00f3 NFC-funkci\u00f3kat biztos\u00edtva a teljes\u00edtm\u00e9ny cs\u00f6kken\u00e9se n\u00e9lk\u00fcl.<\/p>\n<p>Cser\u00e9lje ki a hib\u00e1s vagy s\u00e9r\u00fclt NFC-modult erre az eredeti HP cserealkatr\u00e9szre, hogy z\u00f6kken\u0151mentes NFC-funkci\u00f3kat biztos\u00edtson laptopj\u00e1n. A HP 640 650 840695-001 800515-001 4441A DFCN-4 NFC modul PCB k\u00e1rtya kompatibilit\u00e1st garant\u00e1l a k\u00fcl\u00f6nb\u00f6z\u0151 HP laptopmodellekkel, \u00e9s megb\u00edzhat\u00f3 megold\u00e1st k\u00edn\u00e1l a vezet\u00e9k n\u00e9lk\u00fcli kommunik\u00e1ci\u00f3hoz \u00e9s az NFC-k\u00e9pes eszk\u00f6z\u00f6kkel val\u00f3 biztons\u00e1gos interakci\u00f3hoz.<\/p>\n","protected":false},"excerpt":{"rendered":"<p>A HP 640 650 840695-001 800515-001 4441A DFCN-4 NFC modul PCB k\u00e1rtya egy eredeti cserealkatr\u00e9sz, amelyet k\u00fcl\u00f6nf\u00e9le HP laptopmodellekhez terveztek. Ez a Near Field Communication (NFC) modul z\u00f6kken\u0151mentes vezet\u00e9k n\u00e9lk\u00fcli kommunik\u00e1ci\u00f3t tesz lehet\u0151v\u00e9 laptopja \u00e9s NFC-k\u00e9pes eszk\u00f6z\u00f6k k\u00f6z\u00f6tt, lehet\u0151v\u00e9 t\u00e9ve a gyors adat\u00e1tvitelt, a biztons\u00e1gos hiteles\u00edt\u00e9st \u00e9s egy\u00e9b NFC-alap\u00fa funkci\u00f3kat.<\/p>\n","protected":false},"featured_media":1350,"template":"","meta":[],"product_brand":[],"product_cat":[27],"product_tag":[25],"class_list":{"0":"post-1298","1":"product","2":"type-product","3":"status-publish","4":"has-post-thumbnail","6":"product_cat-motherboards-board-parts","7":"product_tag-hp","9":"first","10":"instock","11":"taxable","12":"shipping-taxable","13":"purchasable","14":"product-type-simple"},"_links":{"self":[{"href":"https:\/\/boreait.com\/hu\/wp-json\/wp\/v2\/product\/1298","targetHints":{"allow":["GET"]}}],"collection":[{"href":"https:\/\/boreait.com\/hu\/wp-json\/wp\/v2\/product"}],"about":[{"href":"https:\/\/boreait.com\/hu\/wp-json\/wp\/v2\/types\/product"}],"wp:featuredmedia":[{"embeddable":true,"href":"https:\/\/boreait.com\/hu\/wp-json\/wp\/v2\/media\/1350"}],"wp:attachment":[{"href":"https:\/\/boreait.com\/hu\/wp-json\/wp\/v2\/media?parent=1298"}],"wp:term":[{"taxonomy":"product_brand","embeddable":true,"href":"https:\/\/boreait.com\/hu\/wp-json\/wp\/v2\/product_brand?post=1298"},{"taxonomy":"product_cat","embeddable":true,"href":"https:\/\/boreait.com\/hu\/wp-json\/wp\/v2\/product_cat?post=1298"},{"taxonomy":"product_tag","embeddable":true,"href":"https:\/\/boreait.com\/hu\/wp-json\/wp\/v2\/product_tag?post=1298"}],"curies":[{"name":"wp","href":"https:\/\/api.w.org\/{rel}","templated":true}]}}