{"id":12978,"date":"2025-09-17T13:59:21","date_gmt":"2025-09-17T11:59:21","guid":{"rendered":"https:\/\/boreait.com\/hu\/?post_type=product&#038;p=12978"},"modified":"2025-09-17T14:02:45","modified_gmt":"2025-09-17T12:02:45","slug":"eredeti-hp-elitebook-840-g5-smart-card-board-6053b1482001-laptop-alkatresz","status":"publish","type":"product","link":"https:\/\/boreait.com\/hu\/termek\/eredeti-hp-elitebook-840-g5-smart-card-board-6053b1482001-laptop-alkatresz\/","title":{"rendered":"Eredeti HP EliteBook 840 G5 Smart Card Board 6053B1482001 laptop alkatr\u00e9sz"},"content":{"rendered":"<p data-start=\"572\" data-end=\"843\">Friss\u00edtse vagy jav\u00edtsa meg HP EliteBook 840 G5 k\u00e9sz\u00fcl\u00e9k\u00e9t ezzel az <strong data-start=\"625\" data-end=\"669\">eredeti Smart Card k\u00e1rty\u00e1val (6053B1482001)<\/strong>. Ez az eredeti HP laptop alkatr\u00e9sz teljes kompatibilit\u00e1st \u00e9s megb\u00edzhat\u00f3 teljes\u00edtm\u00e9nyt biztos\u00edt, \u00edgy t\u00f6k\u00e9letes csere, ha a megl\u00e9v\u0151 intelligens k\u00e1rtyalap s\u00e9r\u00fclt vagy hib\u00e1s.<\/p>\n<p data-start=\"845\" data-end=\"1061\">\u2714 <strong data-start=\"847\" data-end=\"867\">Kompatibilis modell<\/strong>: HP EliteBook 840 G5<br data-start=\"888\" data-end=\"891\" \/>\u2714 <strong data-start=\"893\"8<\/strong>data-end=&#8221;893&#8243;8 data-end=&#8221;893&#8243; 6053B1482001<br data-start=\"922\" data-end=\"925\" \/>\u2714 <strong data-start=\"927\" data-end=\"940\">\u00c1llapot<\/strong>: Eredeti \u00e9s tesztelt, m\u0171k\u00f6d\u0151 laptopokr\u00f3l sz\u00e1rmazik<br data-start=\"989\" data-end=\"992\" \/>\u2714\u200e9 data data-end=&#8221;1001&#8243;>Haszn\u00e1lat<\/strong>: Ide\u00e1lis csere hib\u00e1s vagy hi\u00e1nyz\u00f3 intelligensk\u00e1rtya-k\u00e1rtya eset\u00e9n<\/p>\n<p data-start=\"1063\" data-end=\"1286\">A <strong data-start=\"1066\" data-end=\"1080\">Siggmo<\/strong>n\u00e1l csak hiteles <strong data-start=\"1107\" data-end=\"1123\">laptop alkatr\u00e9szeket<\/strong> sz\u00e1ll\u00edtunk, amelyeket a sz\u00e1ll\u00edt\u00e1s el\u0151tt gondosan tesztelnek. A megjelen\u00edtett fot\u00f3k a <strong data-start=\"1195\" data-end=\"1210\">t\u00e9nyleges \u00e1rucikkr\u0151l<\/strong> k\u00e9sz\u00fcltek, amelyet kap \u2013 nincsenek rakt\u00e1ri k\u00e9pek, \u00edgy pontosan tudja, mit v\u00e1s\u00e1rol.<\/p>\n<p data-start=\"1288\" data-end=\"1426\">Telep\u00edt\u00e9si utas\u00edt\u00e1sokat nem adunk, de ha \u00fatmutat\u00e1sra van sz\u00fcks\u00e9ge, nyugodtan \u00edrjon nek\u00fcnk b\u00e1rmikor \u2013 csapatunk sz\u00edvesen seg\u00edt.<\/p>\n","protected":false},"excerpt":{"rendered":"<p>Eredeti HP EliteBook 840 G5 Smart Card k\u00e1rtya (6053B1482001). Tesztelt, eredeti laptop alkatr\u00e9sz \u2013 ide\u00e1lis csere k\u00e9sz\u00fcl\u00e9k\u00e9hez.<\/p>\n","protected":false},"featured_media":13034,"template":"","meta":[],"product_brand":[],"product_cat":[16],"product_tag":[25],"class_list":{"0":"post-12978","1":"product","2":"type-product","3":"status-publish","4":"has-post-thumbnail","6":"product_cat-laptop-housing","7":"product_tag-hp","9":"first","10":"instock","11":"taxable","12":"shipping-taxable","13":"purchasable","14":"product-type-simple"},"_links":{"self":[{"href":"https:\/\/boreait.com\/hu\/wp-json\/wp\/v2\/product\/12978","targetHints":{"allow":["GET"]}}],"collection":[{"href":"https:\/\/boreait.com\/hu\/wp-json\/wp\/v2\/product"}],"about":[{"href":"https:\/\/boreait.com\/hu\/wp-json\/wp\/v2\/types\/product"}],"wp:featuredmedia":[{"embeddable":true,"href":"https:\/\/boreait.com\/hu\/wp-json\/wp\/v2\/media\/13034"}],"wp:attachment":[{"href":"https:\/\/boreait.com\/hu\/wp-json\/wp\/v2\/media?parent=12978"}],"wp:term":[{"taxonomy":"product_brand","embeddable":true,"href":"https:\/\/boreait.com\/hu\/wp-json\/wp\/v2\/product_brand?post=12978"},{"taxonomy":"product_cat","embeddable":true,"href":"https:\/\/boreait.com\/hu\/wp-json\/wp\/v2\/product_cat?post=12978"},{"taxonomy":"product_tag","embeddable":true,"href":"https:\/\/boreait.com\/hu\/wp-json\/wp\/v2\/product_tag?post=12978"}],"curies":[{"name":"wp","href":"https:\/\/api.w.org\/{rel}","templated":true}]}}