{"id":12976,"date":"2025-09-17T13:59:20","date_gmt":"2025-09-17T11:59:20","guid":{"rendered":"https:\/\/boreait.com\/hu\/?post_type=product&#038;p=12976"},"modified":"2025-09-17T14:02:32","modified_gmt":"2025-09-17T12:02:32","slug":"ns-a933-lenovo-thinkpad-t470-x270-m-2-ssd-hdd-merevlemez-caddy-laptop-alkatresz","status":"publish","type":"product","link":"https:\/\/boreait.com\/hu\/termek\/ns-a933-lenovo-thinkpad-t470-x270-m-2-ssd-hdd-merevlemez-caddy-laptop-alkatresz\/","title":{"rendered":"NS-A933 Lenovo ThinkPad T470 X270 M.2 SSD HDD merevlemez Caddy laptop alkatr\u00e9sz"},"content":{"rendered":"<p data-start=\"562\" data-end=\"861\">B\u0151v\u00edtse vagy cser\u00e9lje ki t\u00e1rhely\u00e9t ezzel az <strong data-start=\"604\" data-end=\"632\">NS-A933 merevlemez-meghajt\u00f3val<\/strong>, amelyet kifejezetten <strong data-start=\"660\" data-end=\"693\">Lenovo ThinkPad T470 \u00e9s X270> laptopokhoz<\/strong> terveztek. Ez a kiv\u00e1l\u00f3 min\u0151s\u00e9g\u0171 <strong data-start=\"721\" data-end=\"736\">laptop alkatr\u00e9sz<\/strong> lehet\u0151v\u00e9 teszi <strong data-start=\"762\" data-end=\"780\">M.2 SSD vagy HDD<\/strong> telep\u00edt\u00e9s\u00e9t, \u00edgy nagyobb rugalmass\u00e1got biztos\u00edt a t\u00e1rhely b\u0151v\u00edt\u00e9s\u00e9ben vagy a hib\u00e1s meghajt\u00f3 cser\u00e9j\u00e9ben.<\/p>\n<p data-start=\"863\" data-end=\"1101\">Ak\u00e1r gyorsabb teljes\u00edtm\u00e9nyt szeretne SSD-vel, ak\u00e1r t\u00f6bb helyet HDD-vel, ez a caddy biztons\u00e1gos \u00e9s stabil illeszked\u00e9st biztos\u00edt a ThinkPad belsej\u00e9ben. Megb\u00edzhat\u00f3s\u00e1gra \u00e9s tart\u00f3ss\u00e1gra k\u00e9sz\u00fclt, \u00edgy kiv\u00e1l\u00f3 v\u00e1laszt\u00e1s hossz\u00fa t\u00e1v\u00fa haszn\u00e1latra.<\/p>\n<p data-start=\"1103\" data-end=\"1368\">\ud83d\udd39 <strong data-start=\"1106\" data-end=\"1127\">Kompatibilis modellek<\/strong>: Lenovo ThinkPad T470 \/ X270<br data-start=\"1156\" data-end=\"1159\" \/>62 data-end=&#8221;1159&#8243; \/>\ud83d\udd39tart adatok adatok<\/p>\n<p data-start=\"1370\" data-end=\"1497\">Ez ide\u00e1lis megold\u00e1s, ha <strong data-start=\"1411\" data-end=\"1437\">cser\u00e9lnie kell egy t\u00f6r\u00f6tt caddyt<\/strong>, vagy egyszer\u0171en csak t\u00f6bb t\u00e1rhelyet szeretne hozz\u00e1adni Lenovo laptopj\u00e1hoz.<\/p>\n<p data-start=\"1499\" data-end=\"1608\">\ud83d\udca1 <strong data-start=\"1502\" data-end=\"1510\">Megjegyz\u00e9s<\/strong>: A telep\u00edt\u00e9si utas\u00edt\u00e1sokat nem tartalmazza, de ha \u00fatmutat\u00e1sra van sz\u00fcks\u00e9ge, nyugodtan \u00edrjon nek\u00fcnk.<\/p>\n","protected":false},"excerpt":{"rendered":"<p>Megb\u00edzhat\u00f3 NS-A933 merevlemez-tart\u00f3 a Lenovo ThinkPad T470 \u00e9s X270 sz\u00e1m\u00e1ra. Kompatibilis az M.2 SSD-vel \u00e9s HDD-vel, t\u00f6k\u00e9letes t\u00e1rol\u00e1si b\u0151v\u00edt\u00e9shez \u00e9s cser\u00e9hez.<\/p>\n","protected":false},"featured_media":13031,"template":"","meta":[],"product_brand":[],"product_cat":[16],"product_tag":[26],"class_list":{"0":"post-12976","1":"product","2":"type-product","3":"status-publish","4":"has-post-thumbnail","6":"product_cat-laptop-housing","7":"product_tag-lenovo","9":"first","10":"instock","11":"taxable","12":"shipping-taxable","13":"purchasable","14":"product-type-simple"},"_links":{"self":[{"href":"https:\/\/boreait.com\/hu\/wp-json\/wp\/v2\/product\/12976","targetHints":{"allow":["GET"]}}],"collection":[{"href":"https:\/\/boreait.com\/hu\/wp-json\/wp\/v2\/product"}],"about":[{"href":"https:\/\/boreait.com\/hu\/wp-json\/wp\/v2\/types\/product"}],"wp:featuredmedia":[{"embeddable":true,"href":"https:\/\/boreait.com\/hu\/wp-json\/wp\/v2\/media\/13031"}],"wp:attachment":[{"href":"https:\/\/boreait.com\/hu\/wp-json\/wp\/v2\/media?parent=12976"}],"wp:term":[{"taxonomy":"product_brand","embeddable":true,"href":"https:\/\/boreait.com\/hu\/wp-json\/wp\/v2\/product_brand?post=12976"},{"taxonomy":"product_cat","embeddable":true,"href":"https:\/\/boreait.com\/hu\/wp-json\/wp\/v2\/product_cat?post=12976"},{"taxonomy":"product_tag","embeddable":true,"href":"https:\/\/boreait.com\/hu\/wp-json\/wp\/v2\/product_tag?post=12976"}],"curies":[{"name":"wp","href":"https:\/\/api.w.org\/{rel}","templated":true}]}}