{"id":12966,"date":"2025-09-17T13:58:57","date_gmt":"2025-09-17T11:58:57","guid":{"rendered":"https:\/\/boreait.com\/hu\/?post_type=product&#038;p=12966"},"modified":"2025-09-17T14:01:48","modified_gmt":"2025-09-17T12:01:48","slug":"hp-elitebook-840-g5-csuklopant-boritas-csere-eredeti-laptop-alkatreszek","status":"publish","type":"product","link":"https:\/\/boreait.com\/hu\/termek\/hp-elitebook-840-g5-csuklopant-boritas-csere-eredeti-laptop-alkatreszek\/","title":{"rendered":"HP EliteBook 840 G5 csukl\u00f3p\u00e1nt bor\u00edt\u00e1s csere \u2013 eredeti laptop alkatr\u00e9szek"},"content":{"rendered":"<p data-start=\"554\" data-end=\"791\">Ez a <strong data-start=\"559\" data-end=\"598\">HP EliteBook 840 G5 csukl\u00f3p\u00e1nt-burkolata<\/strong> egy megb\u00edzhat\u00f3 cserealkatr\u00e9sz, amelyet arra terveztek, hogy helyre\u00e1ll\u00edtsa laptopja megjelen\u00e9s\u00e9t \u00e9s meg\u00f3vja a csukl\u00f3p\u00e1nt mechanizmus\u00e1t. \u00dagy k\u00e9sz\u00fclt, hogy t\u00f6k\u00e9letesen illeszkedjen, seg\u00edt meg\u0151rizni eszk\u00f6z\u00e9t, hogy er\u0151s \u00e9s professzion\u00e1lis megjelen\u00e9s\u0171 legyen.<\/p>\n<p data-start=\"793\" data-end=\"998\">\u2714 <strong data-start=\"795\" data-end=\"815\">Kompatibilis modell<\/strong>: HP EliteBook 840 G5<br data-start=\"836\" data-end=\"839\" \/>\u2714 <strong data-start=\"839\" \/>\u2714 <strong data-start=\"848\">5. Bor\u00edt\u00f3<br data-start=\"867\" data-end=\"870\" \/>\u2714 <strong data-start=\"872\" data-end=\"885\">\u00c1llapot<\/strong>: Eredeti, tesztelt laptop alkatr\u00e9sz<br data-start=\"914\" data-end=\"917\" \/>\u2714 <strong data-start=\"919\"<\/strong> csereadat-s\u00e9r\u00fcl\u00e9sek eset\u00e9n, repedt vagy hi\u00e1nyz\u00f3 zsan\u00e9rburkolatok<\/p>\n<p data-start=\"1000\" data-end=\"1022\"><strong data-start=\"1000\" data-end=\"1020\">Mi\u00e9rt \u00e9rdemes t\u0151l\u00fcnk v\u00e1s\u00e1rolni?<\/strong><\/p>\n<ul data-start=\"1023\" data-end=\"1255\">\n<li data-start=\"1023\" data-end=\"1116\">\n<p data-start=\"1025\" data-end=\"1116\">A <strong data-start=\"1042\" data-end=\"1058\">laptop alkatr\u00e9szekre<\/strong> szakosodunk, gyors sz\u00e1ll\u00edt\u00e1ssal a vil\u00e1g minden t\u00e1j\u00e1ra, k\u00fcl\u00f6n\u00f6sen Eur\u00f3pa szerte.<\/p>\n<\/li>\n<li data-start=\"1117\" data-end=\"1199\">\n<p data-start=\"1119\" data-end=\"1199\">Az adatlapon szerepl\u0151 \u00f6sszes fot\u00f3 <strong data-start=\"1150\" data-end=\"1167\">val\u00f3di k\u00e9p<\/strong> arr\u00f3l a r\u00e9szr\u0151l, amelyet megkap.<\/p>\n<\/li>\n<li data-start=\"1200\" data-end=\"1255\">\n<p data-start=\"1202\" data-end=\"1255\">Nincs tal\u00e1lgat\u00e1s: pontosan azt kapod, amit l\u00e1tsz.<\/p>\n<\/li>\n<\/ul>\n<p data-start=\"1257\" data-end=\"1396\"><strong data-start=\"1257\" data-end=\"1266\">Megjegyz\u00e9s:<\/strong> Ez az adatlap nem tartalmaz l\u00e9p\u00e9sr\u0151l l\u00e9p\u00e9sre lecser\u00e9l\u00e9si utas\u00edt\u00e1sokat. Ha \u00fatmutat\u00e1sra van sz\u00fcks\u00e9ge, b\u00e1tran \u00edrjon nek\u00fcnk t\u00e1mogat\u00e1s\u00e9rt.<\/p>\n","protected":false},"excerpt":{"rendered":"<p>Csere zsan\u00e9rburkolat a HP EliteBook 840 G5 k\u00e9sz\u00fcl\u00e9khez. Eredeti laptop alkatr\u00e9sz, ide\u00e1lis eszk\u00f6ze eredeti megjelen\u00e9s\u00e9nek jav\u00edt\u00e1s\u00e1hoz vagy helyre\u00e1ll\u00edt\u00e1s\u00e1hoz.<\/p>\n","protected":false},"featured_media":13026,"template":"","meta":[],"product_brand":[],"product_cat":[16],"product_tag":[],"class_list":{"0":"post-12966","1":"product","2":"type-product","3":"status-publish","4":"has-post-thumbnail","6":"product_cat-laptop-housing","8":"first","9":"instock","10":"taxable","11":"shipping-taxable","12":"purchasable","13":"product-type-simple"},"_links":{"self":[{"href":"https:\/\/boreait.com\/hu\/wp-json\/wp\/v2\/product\/12966","targetHints":{"allow":["GET"]}}],"collection":[{"href":"https:\/\/boreait.com\/hu\/wp-json\/wp\/v2\/product"}],"about":[{"href":"https:\/\/boreait.com\/hu\/wp-json\/wp\/v2\/types\/product"}],"wp:featuredmedia":[{"embeddable":true,"href":"https:\/\/boreait.com\/hu\/wp-json\/wp\/v2\/media\/13026"}],"wp:attachment":[{"href":"https:\/\/boreait.com\/hu\/wp-json\/wp\/v2\/media?parent=12966"}],"wp:term":[{"taxonomy":"product_brand","embeddable":true,"href":"https:\/\/boreait.com\/hu\/wp-json\/wp\/v2\/product_brand?post=12966"},{"taxonomy":"product_cat","embeddable":true,"href":"https:\/\/boreait.com\/hu\/wp-json\/wp\/v2\/product_cat?post=12966"},{"taxonomy":"product_tag","embeddable":true,"href":"https:\/\/boreait.com\/hu\/wp-json\/wp\/v2\/product_tag?post=12966"}],"curies":[{"name":"wp","href":"https:\/\/api.w.org\/{rel}","templated":true}]}}