{"id":12964,"date":"2025-09-17T13:58:56","date_gmt":"2025-09-17T11:58:56","guid":{"rendered":"https:\/\/boreait.com\/hu\/?post_type=product&#038;p=12964"},"modified":"2025-09-17T14:01:31","modified_gmt":"2025-09-17T12:01:31","slug":"laptop-hangszoro-hp-elitebook-735-745-830-840-845-846-g5-g6-es-zbook-14u-keszulekekhez","status":"publish","type":"product","link":"https:\/\/boreait.com\/hu\/termek\/laptop-hangszoro-hp-elitebook-735-745-830-840-845-846-g5-g6-es-zbook-14u-keszulekekhez\/","title":{"rendered":"Laptop hangsz\u00f3r\u00f3 HP EliteBook 735 745 830 840 845 846 G5 G6 \u00e9s ZBook 14u k\u00e9sz\u00fcl\u00e9kekhez"},"content":{"rendered":"<p data-start=\"650\" data-end=\"817\">Friss\u00edtse vagy \u00e1ll\u00edtsa vissza laptopja hangteljes\u00edtm\u00e9ny\u00e9t ezzel a <strong data-start=\"711\" data-end=\"754\">j\u00f3 min\u0151s\u00e9g\u0171 csere laptop hangsz\u00f3r\u00f3val<\/strong>, amelyet a HP EliteBook \u00e9s ZBook modellek sz\u00e9les sk\u00e1l\u00e1j\u00e1hoz terveztek.<\/p>\n<p data-start=\"819\" data-end=\"845\">\u2705 <strong data-start=\"821\" data-end=\"843\">Kompatibilis modellek:<\/strong><\/p>\n<ul data-start=\"846\" data-end=\"962\">\n<li data-start=\"846\" data-end=\"899\">\n<p data-start=\"848\" data-end=\"899\">HP EliteBook 735, 745, 830, 836, 840, 845, 846 G5<\/p>\n<\/li>\n<li data-start=\"900\" data-end=\"933\">\n<p data-start=\"902\" data-end=\"933\">HP EliteBook 735, 830, 836 G6<\/p>\n<\/li>\n<li data-start=\"934\" data-end=\"962\">\n<p data-start=\"936\" data-end=\"962\">HP ZBook 14u (ls-ps1714)<\/p>\n<\/li>\n<\/ul>\n<p data-start=\"964\" data-end=\"992\">\ud83d\udd27 <strong data-start=\"967\" data-end=\"990\">Kiemelt term\u00e9kek:<\/strong><\/p>\n<ul data-start=\"993\" data-end=\"1214\">\n<li data-start=\"993\" data-end=\"1053\">\n<p data-start=\"995\" data-end=\"1053\">Eredeti laptopcserealkatr\u00e9sz a megb\u00edzhat\u00f3 teljes\u00edtm\u00e9ny \u00e9rdek\u00e9ben<\/p>\n<\/li>\n<li data-start=\"1054\" data-end=\"1111\">\n<p data-start=\"1056\" data-end=\"1111\">Tiszta \u00e9s \u00e9les hangmin\u0151s\u00e9g, ide\u00e1lis mindennapi haszn\u00e1latra<\/p>\n<\/li>\n<li data-start=\"1112\" data-end=\"1174\">\n<p data-start=\"1114\" data-end=\"1174\">T\u00f6k\u00e9letesen illeszkedik a felsorolt \u200b\u200bHP-modellekhez \u2013 nincs sz\u00fcks\u00e9g m\u00f3dos\u00edt\u00e1sra<\/p>\n<\/li>\n<li data-start=\"1175\" data-end=\"1214\">\n<p data-start=\"1177\" data-end=\"1214\">Sz\u00e1ll\u00edt\u00e1s el\u0151tt tesztelve \u00e9s ellen\u0151rizve<\/p>\n<\/li>\n<\/ul>\n<p data-start=\"1216\" data-end=\"1363\">\ud83d\udcf7 <strong data-start=\"1219\" data-end=\"1252\">Amit l\u00e1tsz, azt kapod:<\/strong><br data-start=\"1252\" data-end=\"1255\" \/>A list\u00e1n szerepl\u0151 \u00f6sszes fot\u00f3 a <strong>end-931&#8243;>kezd\u0151 adat:1=&#8221;12=&#8221;93&#8243; adat term\u00e9k<\/strong>et kap, \u00edgy b\u00e1tran v\u00e1s\u00e1rolhat.<\/p>\n<p data-start=\"1365\" data-end=\"1587\">\ud83d\udca1 <strong data-start=\"1368\" data-end=\"1377\">Megjegyz\u00e9s:<\/strong><br data-start=\"1377\" data-end=\"1380\" \/>Ez a lista csak a cserehangsz\u00f3r\u00f3ra vonatkozik. A telep\u00edt\u00e9si utas\u00edt\u00e1sokat nem tartalmazza, de ha tov\u00e1bbi seg\u00edts\u00e9gre van sz\u00fcks\u00e9ge a kompatibilit\u00e1s meghat\u00e1roz\u00e1s\u00e1hoz vagy \u00fatmutat\u00e1sra a v\u00e1s\u00e1rl\u00e1s el\u0151tt, nyugodtan \u00edrjon nek\u00fcnk.<\/p>\n<p data-start=\"1589\" data-end=\"1747\">Kezdje \u00fajra \u00e9letre laptopj\u00e1t ezzel a megb\u00edzhat\u00f3 <strong data-start=\"1639\" data-end=\"1683\">HP EliteBook\/ZBook hangsz\u00f3r\u00f3csere<\/strong>vel, amely biztos\u00edtja, hogy tiszta hangot \u00e9s hosszan tart\u00f3 teljes\u00edtm\u00e9nyt \u00e9lvezhessen.<\/p>\n","protected":false},"excerpt":{"rendered":"<p>Csere bels\u0151 laptop hangsz\u00f3r\u00f3, amely kompatibilis a HP EliteBook G5 \/ G6 sorozattal (735, 745, 830, 836, 840, 845, 846) \u00e9s a ZBook 14u. 100%-ban tesztelt, eredeti laptop alkatr\u00e9sz tiszta hangkimenettel.<\/p>\n","protected":false},"featured_media":13022,"template":"","meta":[],"product_brand":[],"product_cat":[18],"product_tag":[25],"class_list":{"0":"post-12964","1":"product","2":"type-product","3":"status-publish","4":"has-post-thumbnail","6":"product_cat-laptop-speakers","7":"product_tag-hp","9":"first","10":"instock","11":"taxable","12":"shipping-taxable","13":"purchasable","14":"product-type-simple"},"_links":{"self":[{"href":"https:\/\/boreait.com\/hu\/wp-json\/wp\/v2\/product\/12964","targetHints":{"allow":["GET"]}}],"collection":[{"href":"https:\/\/boreait.com\/hu\/wp-json\/wp\/v2\/product"}],"about":[{"href":"https:\/\/boreait.com\/hu\/wp-json\/wp\/v2\/types\/product"}],"wp:featuredmedia":[{"embeddable":true,"href":"https:\/\/boreait.com\/hu\/wp-json\/wp\/v2\/media\/13022"}],"wp:attachment":[{"href":"https:\/\/boreait.com\/hu\/wp-json\/wp\/v2\/media?parent=12964"}],"wp:term":[{"taxonomy":"product_brand","embeddable":true,"href":"https:\/\/boreait.com\/hu\/wp-json\/wp\/v2\/product_brand?post=12964"},{"taxonomy":"product_cat","embeddable":true,"href":"https:\/\/boreait.com\/hu\/wp-json\/wp\/v2\/product_cat?post=12964"},{"taxonomy":"product_tag","embeddable":true,"href":"https:\/\/boreait.com\/hu\/wp-json\/wp\/v2\/product_tag?post=12964"}],"curies":[{"name":"wp","href":"https:\/\/api.w.org\/{rel}","templated":true}]}}