{"id":12948,"date":"2025-09-17T13:58:32","date_gmt":"2025-09-17T11:58:32","guid":{"rendered":"https:\/\/boreait.com\/hu\/?post_type=product&#038;p=12948"},"modified":"2025-09-17T14:01:01","modified_gmt":"2025-09-17T12:01:01","slug":"csere-hp-elitebook-745-g3-840-g3-bekapcsologomb-kartya-821169-001-kabellel","status":"publish","type":"product","link":"https:\/\/boreait.com\/hu\/termek\/csere-hp-elitebook-745-g3-840-g3-bekapcsologomb-kartya-821169-001-kabellel\/","title":{"rendered":"Csere HP EliteBook 745 G3 840 G3 bekapcsol\u00f3gomb k\u00e1rtya 821169-001 k\u00e1bellel"},"content":{"rendered":"<p data-start=\"579\" data-end=\"847\">Ez a <strong data-start=\"584\" data-end=\"629\">bekapcsol\u00f3gomb-cserek\u00e1rtya k\u00e1bellel<\/strong> a <strong data-start=\"650\" data-end=\"684\">HP EliteBook 745 G3 \u00e9s 840 G3<\/strong> sorozat\u00fa laptopokhoz k\u00e9sz\u00fclt. Ez egy val\u00f3di min\u0151s\u00e9g\u0171 laptop alkatr\u00e9sz, amely megfelel\u0151 m\u0171k\u00f6d\u00e9st biztos\u00edt, ha az eredeti bekapcsol\u00f3gomb-panel hib\u00e1s, s\u00e9r\u00fclt vagy nem reag\u00e1l.<\/p>\n<ul data-start=\"849\" data-end=\"1069\">\n<li data-start=\"849\" data-end=\"916\">\n<p data-start=\"851\" data-end=\"916\"><strong data-start=\"851\" data-end=\"872\">Kompatibilis modellek<\/strong>: HP EliteBook 745 G3, HP EliteBook 840 G3<\/p>\n<\/li>\n<li data-start=\"917\" data-end=\"963\">\n<p data-start=\"919\" data-end=\"963\"><strong data-start=\"919\" data-end=\"935\">Alkatr\u00e9szsz\u00e1mok<\/strong>: 821169-001, 6050A2727401<\/p>\n<\/li>\n<li data-start=\"964\" data-end=\"1024\">\n<p data-start=\"966\" data-end=\"1024\"><strong data-start=\"966\" data-end=\"979\">\u00c1llapot<\/strong>: Tesztelt \u00e9s teljesen m\u0171k\u00f6d\u0151 cserealkatr\u00e9sz<\/p>\n<\/li>\n<li data-start=\"1025\" data-end=\"1069\">\n<p data-start=\"1027\" data-end=\"1069\"><strong data-start=\"1027\" data-end=\"1039\">Tartalmazza<\/strong>: bekapcsol\u00f3gomb panel + k\u00e1bel<\/p>\n<\/li>\n<\/ul>\n<p data-start=\"1071\" data-end=\"1272\">Ez az elem t\u00f6k\u00e9letes a laptop energiaell\u00e1t\u00e1s\u00e1nak helyre\u00e1ll\u00edt\u00e1s\u00e1hoz an\u00e9lk\u00fcl, hogy teljes alaplapcser\u00e9re lenne sz\u00fcks\u00e9g. Az adatlapon szerepl\u0151 \u00f6sszes fot\u00f3 <strong data-start=\"1219\" data-end=\"1252\">val\u00f3di k\u00e9p a pontos r\u00e9szr\u0151l<\/strong>, amelyet megkap.<\/p>\n<p data-start=\"1274\" data-end=\"1407\">Ha tov\u00e1bbi r\u00e9szletekre vagy seg\u00edts\u00e9gre van sz\u00fcks\u00e9ge a kompatibilit\u00e1s azonos\u00edt\u00e1s\u00e1hoz, b\u00e1tran <strong data-start=\"1350\" data-end=\"1373\">\u00fczenjen nek\u00fcnk k\u00f6zvetlen\u00fcl<\/strong> \u2013 mindig \u00f6r\u00f6mmel seg\u00edt\u00fcnk.<\/p>\n","protected":false},"excerpt":{"rendered":"<p>Kiv\u00e1l\u00f3 min\u0151s\u00e9g\u0171 csere bekapcsol\u00f3gomb panel k\u00e1bellel HP EliteBook 745 G3 \u00e9s 840 G3 laptopokhoz. Kompatibilis a 821169-001 \u00e9s 6050A2727401 cikksz\u00e1mokkal.<\/p>\n","protected":false},"featured_media":13013,"template":"","meta":[],"product_brand":[],"product_cat":[27],"product_tag":[25],"class_list":{"0":"post-12948","1":"product","2":"type-product","3":"status-publish","4":"has-post-thumbnail","6":"product_cat-motherboards-board-parts","7":"product_tag-hp","9":"first","10":"instock","11":"taxable","12":"shipping-taxable","13":"purchasable","14":"product-type-simple"},"_links":{"self":[{"href":"https:\/\/boreait.com\/hu\/wp-json\/wp\/v2\/product\/12948","targetHints":{"allow":["GET"]}}],"collection":[{"href":"https:\/\/boreait.com\/hu\/wp-json\/wp\/v2\/product"}],"about":[{"href":"https:\/\/boreait.com\/hu\/wp-json\/wp\/v2\/types\/product"}],"wp:featuredmedia":[{"embeddable":true,"href":"https:\/\/boreait.com\/hu\/wp-json\/wp\/v2\/media\/13013"}],"wp:attachment":[{"href":"https:\/\/boreait.com\/hu\/wp-json\/wp\/v2\/media?parent=12948"}],"wp:term":[{"taxonomy":"product_brand","embeddable":true,"href":"https:\/\/boreait.com\/hu\/wp-json\/wp\/v2\/product_brand?post=12948"},{"taxonomy":"product_cat","embeddable":true,"href":"https:\/\/boreait.com\/hu\/wp-json\/wp\/v2\/product_cat?post=12948"},{"taxonomy":"product_tag","embeddable":true,"href":"https:\/\/boreait.com\/hu\/wp-json\/wp\/v2\/product_tag?post=12948"}],"curies":[{"name":"wp","href":"https:\/\/api.w.org\/{rel}","templated":true}]}}