{"id":12947,"date":"2025-09-17T13:58:32","date_gmt":"2025-09-17T11:58:32","guid":{"rendered":"https:\/\/boreait.com\/hu\/?post_type=product&#038;p=12947"},"modified":"2025-09-17T14:00:56","modified_gmt":"2025-09-17T12:00:56","slug":"hp-elitebook-820-g3-intelligenskartya-olvaso-kartya-6050a2827101-6053b1167601-laptop-alkatreszek","status":"publish","type":"product","link":"https:\/\/boreait.com\/hu\/termek\/hp-elitebook-820-g3-intelligenskartya-olvaso-kartya-6050a2827101-6053b1167601-laptop-alkatreszek\/","title":{"rendered":"HP EliteBook 820 G3 intelligensk\u00e1rtya-olvas\u00f3 k\u00e1rtya 6050A2827101 6053B1167601 laptop alkatr\u00e9szek"},"content":{"rendered":"<p data-start=\"588\" data-end=\"900\">Friss\u00edtse vagy jav\u00edtsa meg HP EliteBook 820 G3 k\u00e9sz\u00fcl\u00e9k\u00e9t ezzel az <strong data-start=\"641\" data-end=\"676\">eredeti intelligensk\u00e1rtya-olvas\u00f3 k\u00e1rty\u00e1val<\/strong>, a cikksz\u00e1mok <strong data-start=\"691\" data-end=\"707\">6050A18<\/strong> \u00e9s <strong> data-start=&#8221;712&#8243; data-end=&#8221;728&#8243;>6053B1167601<\/strong>. Ezt az eredeti cserek\u00e1rty\u00e1t \u00fagy tervezt\u00e9k, hogy z\u00f6kken\u0151mentesen kompatibilis legyen a HP EliteBook 820 G3-mal, \u00edgy megb\u00edzhat\u00f3 v\u00e1laszt\u00e1s az intelligensk\u00e1rtya-funkci\u00f3k helyre\u00e1ll\u00edt\u00e1s\u00e1hoz.<\/p>\n<p data-start=\"902\" data-end=\"926\">\u2714 <strong data-start=\"904\" data-end=\"924\">Term\u00e9k r\u00e9szletei:<\/strong><\/p>\n<ul data-start=\"927\" data-end=\"1145\">\n<li data-start=\"927\" data-end=\"968\">\n<p data-start=\"929\" data-end=\"968\">Kompatibilis modell: HP EliteBook 820 G3<\/p>\n<\/li>\n<li data-start=\"969\" data-end=\"1013\">\n<p data-start=\"971\" data-end=\"1013\">Alkatr\u00e9szsz\u00e1mok: 6050A2827101, 6053B1167601<\/p>\n<\/li>\n<li data-start=\"1014\" data-end=\"1040\">\n<p data-start=\"1016\" data-end=\"1040\">Eredeti HP laptop alkatr\u00e9sz<\/p>\n<\/li>\n<li data-start=\"1041\" data-end=\"1082\">\n<p data-start=\"1043\" data-end=\"1082\">Teljesen tesztelt \u00e9s m\u0171k\u00f6d\u0151k\u00e9pes \u00e1llapotban<\/p>\n<\/li>\n<li data-start=\"1083\" data-end=\"1145\">\n<p data-start=\"1085\" data-end=\"1145\">Az adatlapon szerepl\u0151 fot\u00f3k az \u00d6n \u00e1ltal t\u00e9nylegesen megkapott fot\u00f3k<\/p>\n<\/li>\n<\/ul>\n<p data-start=\"1147\" data-end=\"1337\">Ez az intelligensk\u00e1rtya-olvas\u00f3 k\u00e1rtya ide\u00e1lis, ha a megl\u00e9v\u0151 k\u00e1rtya hib\u00e1s, s\u00e9r\u00fclt vagy hi\u00e1nyzik. Mivel egy <strong data-start=\"1249\" data-end=\"1277\">autentikus HP laptop alkatr\u00e9sz<\/strong>, stabil teljes\u00edtm\u00e9nyt \u00e9s hossz\u00fa t\u00e1v\u00fa megb\u00edzhat\u00f3s\u00e1got biztos\u00edt.<\/p>\n<p data-start=\"1339\" data-end=\"1360\">\ud83d\udca1 <strong data-start=\"1342\" data-end=\"1358\">K\u00e9rj\u00fck, vegye figyelembe:<\/strong><\/p>\n<ul data-start=\"1361\" data-end=\"1483\">\n<li data-start=\"1361\" data-end=\"1449\">\n<p data-start=\"1363\" data-end=\"1449\">Nem tartalmaz cser\u00e9re vonatkoz\u00f3 utas\u00edt\u00e1sokat. Ha seg\u00edts\u00e9gre van sz\u00fcks\u00e9ge, b\u00e1tran \u00edrjon nek\u00fcnk.<\/p>\n<\/li>\n<li data-start=\"1450\" data-end=\"1483\">\n<p data-start=\"1452\" data-end=\"1483\">Vil\u00e1gszerte el\u00e9rhet\u0151 sz\u00e1ll\u00edt\u00e1s.<\/p>\n<\/li>\n<\/ul>\n<p data-start=\"1485\" data-end=\"1641\">Ak\u00e1r jav\u00edt\u00e1st, friss\u00edt\u00e9st vagy tartal\u00e9k <strong data-start=\"1547\" data-end=\"1563\">laptop alkatr\u00e9szeket<\/strong> gy\u0171jt, ez a HP EliteBook 820 G3 intelligensk\u00e1rtya-olvas\u00f3 k\u00e1rtya megb\u00edzhat\u00f3 megold\u00e1s.<\/p>\n","protected":false},"excerpt":{"rendered":"<p>Eredeti HP EliteBook 820 G3 Smart Card Reader Board (6050A2827101 \/ 6053B1167601). Tesztelt, eredeti laptop alkatr\u00e9sz val\u00f3s fot\u00f3kkal a kapott term\u00e9kr\u0151l.<\/p>\n","protected":false},"featured_media":13012,"template":"","meta":[],"product_brand":[],"product_cat":[16],"product_tag":[25],"class_list":{"0":"post-12947","1":"product","2":"type-product","3":"status-publish","4":"has-post-thumbnail","6":"product_cat-laptop-housing","7":"product_tag-hp","9":"first","10":"instock","11":"taxable","12":"shipping-taxable","13":"purchasable","14":"product-type-simple"},"_links":{"self":[{"href":"https:\/\/boreait.com\/hu\/wp-json\/wp\/v2\/product\/12947","targetHints":{"allow":["GET"]}}],"collection":[{"href":"https:\/\/boreait.com\/hu\/wp-json\/wp\/v2\/product"}],"about":[{"href":"https:\/\/boreait.com\/hu\/wp-json\/wp\/v2\/types\/product"}],"wp:featuredmedia":[{"embeddable":true,"href":"https:\/\/boreait.com\/hu\/wp-json\/wp\/v2\/media\/13012"}],"wp:attachment":[{"href":"https:\/\/boreait.com\/hu\/wp-json\/wp\/v2\/media?parent=12947"}],"wp:term":[{"taxonomy":"product_brand","embeddable":true,"href":"https:\/\/boreait.com\/hu\/wp-json\/wp\/v2\/product_brand?post=12947"},{"taxonomy":"product_cat","embeddable":true,"href":"https:\/\/boreait.com\/hu\/wp-json\/wp\/v2\/product_cat?post=12947"},{"taxonomy":"product_tag","embeddable":true,"href":"https:\/\/boreait.com\/hu\/wp-json\/wp\/v2\/product_tag?post=12947"}],"curies":[{"name":"wp","href":"https:\/\/api.w.org\/{rel}","templated":true}]}}