{"id":12944,"date":"2025-09-17T13:58:32","date_gmt":"2025-09-17T11:58:32","guid":{"rendered":"https:\/\/boreait.com\/hu\/?post_type=product&#038;p=12944"},"modified":"2025-09-17T14:00:29","modified_gmt":"2025-09-17T12:00:29","slug":"eredeti-hp-elitebook-820-g3-lcd-elulso-keret-821658-001-laptop-alkatreszek","status":"publish","type":"product","link":"https:\/\/boreait.com\/hu\/termek\/eredeti-hp-elitebook-820-g3-lcd-elulso-keret-821658-001-laptop-alkatreszek\/","title":{"rendered":"Eredeti HP EliteBook 820 G3 LCD el\u00fcls\u0151 keret 821658-001 laptop alkatr\u00e9szek"},"content":{"rendered":"<p data-start=\"535\" data-end=\"806\">Ez egy <strong data-start=\"546\" data-end=\"625\">eredeti HP EliteBook 820 G3 LCD el\u0151lapkeret (cikksz\u00e1m: 821658-001)<\/strong>, amelyet \u00fagy terveztek, hogy t\u00f6k\u00e9letesen illeszkedjen az EliteBook 820 G3 sorozathoz. Ez egy eredeti laptop alkatr\u00e9sz, amely ugyanolyan tart\u00f3ss\u00e1got, megjelen\u00e9st \u00e9s kompatibilit\u00e1st biztos\u00edt, mint a gy\u00e1rilag beszerelt el\u0151lap.<\/p>\n<p data-start=\"808\" data-end=\"1073\">\u2705 <strong data-start=\"810\" data-end=\"823\">\u00c1llapot<\/strong>: Eredeti HP alkatr\u00e9sz<br data-start=\"841\" data-end=\"844\" \/>\u2705 <strong data-start=\"846\" data-end=\"844\" \/>\u2705 <strong data-start=\"846\" data-end=\"863\">0Compatibilit\u00e1s<\/strong>0 Elite=&#8221;863&#8243; sorozat: data-start=&#8221;888&#8243; data-end=&#8221;891&#8243; \/>\u2705 <strong data-start=\"893\" data-end=\"908\">Alkatr\u00e9szsz\u00e1m<\/strong>: 821658-001<br data-start=\"920\" data-end=\"923\" \/>\u2705 <strong data-start=\"923\" \/strong> Laptop r\u00e9szek \u2013 el\u0151lapi keret = &#8222;925&#8221;<\/strong> LCD keret el\u0151lap<br data-start=\"975\" data-end=\"978\" \/>\u2705 <strong data-start=\"980\" data-end=\"990\">Fot\u00f3k<\/strong>: A list\u00e1ban szerepl\u0151 k\u00e9pek val\u00f3di fot\u00f3k arr\u00f3l a term\u00e9kr\u0151l, amelyet pontosan kapni fog.<\/p>\n<p data-start=\"1075\" data-end=\"1259\">Ez az el\u0151lap ide\u00e1lis a HP EliteBook 820 G3 s\u00e9r\u00fclt vagy elhaszn\u00e1l\u00f3dott keret\u00e9nek cser\u00e9j\u00e9hez. Seg\u00edt meg\u0151rizni a k\u00e9perny\u0151 biztons\u00e1g\u00e1t, mik\u00f6zben meg\u0151rzi a tiszta, professzion\u00e1lis laptop megjelen\u00e9st.<\/p>\n<p data-start=\"1261\" data-end=\"1391\">\ud83d\udccc K\u00e9rj\u00fck, vegye figyelembe: a telep\u00edt\u00e9si utas\u00edt\u00e1sokat nem adjuk meg, de ha \u00fatmutat\u00e1sra van sz\u00fcks\u00e9ge, b\u00e1rmikor k\u00fcldhet \u00fczenetet seg\u00edts\u00e9g\u00e9rt.<\/p>\n<p data-start=\"1393\" data-end=\"1499\">Friss\u00edtse vagy jav\u00edtsa eszk\u00f6z\u00e9t eredeti HP laptop-alkatr\u00e9szekkel a legjobb teljes\u00edtm\u00e9ny \u00e9s hossz\u00fa \u00e9lettartam \u00e9rdek\u00e9ben.<\/p>\n","protected":false},"excerpt":{"rendered":"<p>Eredeti HP EliteBook 820 G3 LCD el\u00fcls\u0151 keret keret (821658-001). Kiv\u00e1l\u00f3 min\u0151s\u00e9g\u0171 csere laptop alkatr\u00e9sz, tesztelt, kit\u0171n\u0151 \u00e1llapotban.<\/p>\n","protected":false},"featured_media":13005,"template":"","meta":[],"product_brand":[],"product_cat":[16],"product_tag":[25],"class_list":{"0":"post-12944","1":"product","2":"type-product","3":"status-publish","4":"has-post-thumbnail","6":"product_cat-laptop-housing","7":"product_tag-hp","9":"first","10":"instock","11":"taxable","12":"shipping-taxable","13":"purchasable","14":"product-type-simple"},"_links":{"self":[{"href":"https:\/\/boreait.com\/hu\/wp-json\/wp\/v2\/product\/12944","targetHints":{"allow":["GET"]}}],"collection":[{"href":"https:\/\/boreait.com\/hu\/wp-json\/wp\/v2\/product"}],"about":[{"href":"https:\/\/boreait.com\/hu\/wp-json\/wp\/v2\/types\/product"}],"wp:featuredmedia":[{"embeddable":true,"href":"https:\/\/boreait.com\/hu\/wp-json\/wp\/v2\/media\/13005"}],"wp:attachment":[{"href":"https:\/\/boreait.com\/hu\/wp-json\/wp\/v2\/media?parent=12944"}],"wp:term":[{"taxonomy":"product_brand","embeddable":true,"href":"https:\/\/boreait.com\/hu\/wp-json\/wp\/v2\/product_brand?post=12944"},{"taxonomy":"product_cat","embeddable":true,"href":"https:\/\/boreait.com\/hu\/wp-json\/wp\/v2\/product_cat?post=12944"},{"taxonomy":"product_tag","embeddable":true,"href":"https:\/\/boreait.com\/hu\/wp-json\/wp\/v2\/product_tag?post=12944"}],"curies":[{"name":"wp","href":"https:\/\/api.w.org\/{rel}","templated":true}]}}