{"id":12928,"date":"2025-09-17T13:58:09","date_gmt":"2025-09-17T11:58:09","guid":{"rendered":"https:\/\/boreait.com\/hu\/?post_type=product&#038;p=12928"},"modified":"2025-09-17T13:59:43","modified_gmt":"2025-09-17T11:59:43","slug":"eredeti-lenovo-thinkpad-yoga-260-laptop-alkatreszek-cpu-hutoventilator-es-hutoborda-00hn996","status":"publish","type":"product","link":"https:\/\/boreait.com\/hu\/termek\/eredeti-lenovo-thinkpad-yoga-260-laptop-alkatreszek-cpu-hutoventilator-es-hutoborda-00hn996\/","title":{"rendered":"Eredeti Lenovo ThinkPad Yoga 260 laptop alkatr\u00e9szek CPU h\u0171t\u0151ventil\u00e1tor \u00e9s h\u0171t\u0151borda 00HN996"},"content":{"rendered":"<p data-start=\"579\" data-end=\"831\">Ez az <strong data-start=\"584\" data-end=\"641\">eredeti Lenovo CPU h\u0171t\u0151ventil\u00e1tor \u00e9s h\u0171t\u0151borda (00HN996)<\/strong> a <strong data-start=\"662\" data-end=\"683\">ThinkPad Yoga<\/strong> sz\u00e1m\u00e1ra k\u00e9sz\u00fclt. Kiv\u00e1l\u00f3 min\u0151s\u00e9g\u0171 <strong data-start=\"700\" data-end=\"715\">laptop alkatr\u00e9sz<\/strong>, amely seg\u00edt szab\u00e1lyozni a laptop h\u0151m\u00e9rs\u00e9klet\u00e9t, \u00edgy biztos\u00edtva a stabil teljes\u00edtm\u00e9nyt mindennapi haszn\u00e1lat vagy nagy munkaterhel\u00e9s eset\u00e9n.<\/p>\n<p data-start=\"833\" data-end=\"1095\">\u2705 <strong data-start=\"835\" data-end=\"856\">kompatibilis modell:<\/strong> Lenovo ThinkPad Yoga 260<br data-start=\"881\" data-end=\"884\" \/>\u2705 <strong data-start=\"835\" data-end=\"856\"> 00HN996<br data-start=\"910\" data-end=\"913\" \/>\u2705 <strong data-start=\"915\" data-end=\"924\">T\u00edpus:<\/strong> CPU h\u0171t\u0151ventil\u00e1tor &amp; H\u0171t\u0151borda-szerelv\u00e9ny<br data-start=\"960\" data-end=\"963\" \/>\u2705 <strong data-start=\"965\" data-end=\"979\">\u00c1llapot:<\/strong> Eredeti, tesztelt \u00e9s kiv\u00e1l\u00f3an m\u0171k\u00f6d\u0151k\u00e9pes<br data-start=\"1027\" data-end=\"1030\" \/>\u2705<strong data-end=\"1030\" \/>\u2705<strong data-end=\"1030\" \/>\u2705<strong data-end=\"1030\" \/>\u2705 <strong data-end=\"979\" data-end=\"1040\">Haszn\u00e1lat:<\/strong> Cserealkatr\u00e9sz hib\u00e1s vagy zajos h\u0171t\u0151rendszerekhez<\/p>\n<p data-start=\"1097\" data-end=\"1369\">Ak\u00e1r a szok\u00e1sosn\u00e1l melegebben fut, ak\u00e1r v\u00e1ratlanul le\u00e1ll, ak\u00e1r a ventil\u00e1tor zajoss\u00e1 v\u00e1lt, ez az eredeti Lenovo h\u0171t\u0151ventil\u00e1tor \u00e9s h\u0171t\u0151borda szerelv\u00e9ny az ide\u00e1lis megold\u00e1s. Helyre\u00e1ll\u00edtja a megfelel\u0151 l\u00e9g\u00e1raml\u00e1st \u00e9s h\u0151elvezet\u00e9st, meghosszabb\u00edtva ezzel laptopja \u00e9lettartam\u00e1t.<\/p>\n<p data-start=\"1371\" data-end=\"1553\">\ud83d\udd39 <strong data-start=\"1374\" data-end=\"1446\">Az adatlapon szerepl\u0151 fot\u00f3k az \u00d6n \u00e1ltal megkapott alkatr\u00e9sz val\u00f3s k\u00e9pei.<\/strong><br data-start=\"1446\" data-end=\"1449\" \/>-start=&#8221;1&#8243;>Nincs adat =5=&#8221;5&#8243; \/>\ud83d\udd39&#8221;> telep\u00edt\u00e9si utas\u00edt\u00e1sokat adunk, de ha seg\u00edts\u00e9gre van sz\u00fcks\u00e9ge, nyugodtan \u00edrjon nek\u00fcnk.<\/strong><\/p>\n<p data-start=\"1555\" data-end=\"1652\">N\u00f6velje laptopja megb\u00edzhat\u00f3s\u00e1g\u00e1t ezzel az alapvet\u0151 <strong data-start=\"1609\" data-end=\"1649\">Lenovo ThinkPad Yoga 260 laptop alkatr\u00e9sz\u00e9vel<\/strong>.<\/p>\n","protected":false},"excerpt":{"rendered":"<p>Tartsa h\u0171v\u00f6sen Lenovo ThinkPad Yoga 260-\u00e1t ezzel az eredeti CPU-h\u0171t\u0151ventil\u00e1torral \u00e9s h\u0171t\u0151bord\u00e1val (00HN996). Megb\u00edzhat\u00f3 laptop alkatr\u00e9sz, amelyet a rendszer teljes\u00edtm\u00e9ny\u00e9nek meg\u0151rz\u00e9s\u00e9re \u00e9s a t\u00falmeleged\u00e9s megel\u0151z\u00e9s\u00e9re terveztek.<\/p>\n","protected":false},"featured_media":12985,"template":"","meta":[],"product_brand":[],"product_cat":[33],"product_tag":[26],"class_list":{"0":"post-12928","1":"product","2":"type-product","3":"status-publish","4":"has-post-thumbnail","6":"product_cat-cpu-fans-heatsinks","7":"product_tag-lenovo","9":"first","10":"instock","11":"taxable","12":"shipping-taxable","13":"purchasable","14":"product-type-simple"},"_links":{"self":[{"href":"https:\/\/boreait.com\/hu\/wp-json\/wp\/v2\/product\/12928","targetHints":{"allow":["GET"]}}],"collection":[{"href":"https:\/\/boreait.com\/hu\/wp-json\/wp\/v2\/product"}],"about":[{"href":"https:\/\/boreait.com\/hu\/wp-json\/wp\/v2\/types\/product"}],"wp:featuredmedia":[{"embeddable":true,"href":"https:\/\/boreait.com\/hu\/wp-json\/wp\/v2\/media\/12985"}],"wp:attachment":[{"href":"https:\/\/boreait.com\/hu\/wp-json\/wp\/v2\/media?parent=12928"}],"wp:term":[{"taxonomy":"product_brand","embeddable":true,"href":"https:\/\/boreait.com\/hu\/wp-json\/wp\/v2\/product_brand?post=12928"},{"taxonomy":"product_cat","embeddable":true,"href":"https:\/\/boreait.com\/hu\/wp-json\/wp\/v2\/product_cat?post=12928"},{"taxonomy":"product_tag","embeddable":true,"href":"https:\/\/boreait.com\/hu\/wp-json\/wp\/v2\/product_tag?post=12928"}],"curies":[{"name":"wp","href":"https:\/\/api.w.org\/{rel}","templated":true}]}}