{"id":12927,"date":"2025-09-17T13:58:09","date_gmt":"2025-09-17T11:58:09","guid":{"rendered":"https:\/\/boreait.com\/hu\/?post_type=product&#038;p=12927"},"modified":"2025-09-17T13:59:39","modified_gmt":"2025-09-17T11:59:39","slug":"lenovo-thinkpad-yoga-260-alaplap-i7-6500u-eredeti-laptop-alkatresz-cseretabla","status":"publish","type":"product","link":"https:\/\/boreait.com\/hu\/termek\/lenovo-thinkpad-yoga-260-alaplap-i7-6500u-eredeti-laptop-alkatresz-cseretabla\/","title":{"rendered":"Lenovo ThinkPad Yoga 260 alaplap i7-6500U | Eredeti laptop alkatr\u00e9sz cseret\u00e1bla"},"content":{"rendered":"<p data-start=\"499\" data-end=\"699\"> Keltse \u00e9letre Lenovo ThinkPad Yoga 260 k\u00e9sz\u00fcl\u00e9k\u00e9t ezzel az eredeti cserealaplappal. A gondosan tesztelt \u00e9s ellen\u0151rz\u00f6tt t\u00e1bla megb\u00edzhat\u00f3 teljes\u00edtm\u00e9nyt \u00e9s kompatibilit\u00e1st biztos\u00edt az eszk\u00f6zzel. Processzor: i7-6500U<\/p>\n<p data-start=\"701\" data-end=\"965\">\u2714 <strong data-start=\"703\" data-end=\"717\">\u00c1llapot:<\/strong> 100%-ban eredeti, teljesen m\u0171k\u00f6d\u0151k\u00e9pes \u00e9s min\u0151s\u00e9gellen\u0151rz\u00f6tt<br data-start=\"766\" data-end=\"769=\"769\" \/>\u2714 <strong data-1\" data-end=\"789\">Kompatibilit\u00e1s:<\/strong> Kifejezetten a Lenovo ThinkPad Yoga 260-hoz tervezve<br data-start=\"840\" data-end=\"843\" \/>\u2714 <strong data-start=\"845\" data-end=\"858\">Kateg\u00f3ria:<\/strong> Laptop alkatr\u00e9szek \u2013 cserealaplap<strong>=97 data-start&#8221; \/89 data-start&#8221; \/89 data-start&#8221; data-start=&#8221;902&#8243; data-end=&#8221;913&#8243;>Fot\u00f3k:<\/strong> Val\u00f3di k\u00e9pek az aktu\u00e1lis r\u00e9szr\u0151l, amelyet kapni fog<\/p>\n<p data-start=\"967\" data-end=\"1212\">Ez az alaplap a t\u00f6k\u00e9letes megold\u00e1s, ha a Yoga 260 hardverhib\u00e1kat vagy ind\u00edt\u00e1si probl\u00e9m\u00e1kat tapasztal. A hib\u00e1s k\u00e1rtya cser\u00e9j\u00e9vel vissza\u00e1ll\u00edthatja laptopja sebess\u00e9g\u00e9t, stabilit\u00e1s\u00e1t \u00e9s m\u0171k\u00f6d\u0151k\u00e9pess\u00e9g\u00e9t an\u00e9lk\u00fcl, hogy \u00faj eszk\u00f6zt kellene v\u00e1s\u00e1rolnia.<\/p>\n<p data-start=\"1214\" data-end=\"1352\">\ud83d\udca1 <em data-start=\"1217\" data-end=\"1350\">K\u00e9rj\u00fck, vegye figyelembe: a telep\u00edt\u00e9si utas\u00edt\u00e1sokat nem tartalmazza. Ha seg\u00edts\u00e9gre van sz\u00fcks\u00e9ge, b\u00e1tran \u00edrjon nek\u00fcnk, \u00e9s sz\u00edvesen seg\u00edt\u00fcnk.<\/em><\/p>\n","protected":false},"excerpt":{"rendered":"<p data-start=\"293\" data-end=\"446\">Eredeti Lenovo ThinkPad Yoga 260 alaplap, tesztelt \u00e9s teljesen m\u0171k\u00f6d\u0151k\u00e9pes. Ide\u00e1lis a hib\u00e1s k\u00e1rtya cser\u00e9j\u00e9hez \u00e9s a laptop teljes\u00edtm\u00e9ny\u00e9nek helyre\u00e1ll\u00edt\u00e1s\u00e1hoz.<\/p>\n","protected":false},"featured_media":12983,"template":"","meta":[],"product_brand":[],"product_cat":[27],"product_tag":[26],"class_list":{"0":"post-12927","1":"product","2":"type-product","3":"status-publish","4":"has-post-thumbnail","6":"product_cat-motherboards-board-parts","7":"product_tag-lenovo","9":"first","10":"instock","11":"taxable","12":"shipping-taxable","13":"purchasable","14":"product-type-simple"},"_links":{"self":[{"href":"https:\/\/boreait.com\/hu\/wp-json\/wp\/v2\/product\/12927","targetHints":{"allow":["GET"]}}],"collection":[{"href":"https:\/\/boreait.com\/hu\/wp-json\/wp\/v2\/product"}],"about":[{"href":"https:\/\/boreait.com\/hu\/wp-json\/wp\/v2\/types\/product"}],"wp:featuredmedia":[{"embeddable":true,"href":"https:\/\/boreait.com\/hu\/wp-json\/wp\/v2\/media\/12983"}],"wp:attachment":[{"href":"https:\/\/boreait.com\/hu\/wp-json\/wp\/v2\/media?parent=12927"}],"wp:term":[{"taxonomy":"product_brand","embeddable":true,"href":"https:\/\/boreait.com\/hu\/wp-json\/wp\/v2\/product_brand?post=12927"},{"taxonomy":"product_cat","embeddable":true,"href":"https:\/\/boreait.com\/hu\/wp-json\/wp\/v2\/product_cat?post=12927"},{"taxonomy":"product_tag","embeddable":true,"href":"https:\/\/boreait.com\/hu\/wp-json\/wp\/v2\/product_tag?post=12927"}],"curies":[{"name":"wp","href":"https:\/\/api.w.org\/{rel}","templated":true}]}}