{"id":12918,"date":"2025-09-17T13:57:48","date_gmt":"2025-09-17T11:57:48","guid":{"rendered":"https:\/\/boreait.com\/hu\/?post_type=product&#038;p=12918"},"modified":"2025-09-17T13:59:34","modified_gmt":"2025-09-17T11:59:34","slug":"gintai-power-volume-gomb-alapkabel-lenovo-thinkpad-yoga-260-20fd-20fe-20gs-20gt-dc020027c00-laptop-alkatreszekhez","status":"publish","type":"product","link":"https:\/\/boreait.com\/hu\/termek\/gintai-power-volume-gomb-alapkabel-lenovo-thinkpad-yoga-260-20fd-20fe-20gs-20gt-dc020027c00-laptop-alkatreszekhez\/","title":{"rendered":"GINTAI Power Volume gomb alapk\u00e1bel Lenovo ThinkPad Yoga 260 20FD 20FE 20GS 20GT DC020027C00 Laptop alkatr\u00e9szekhez"},"content":{"rendered":"<p data-start=\"684\" data-end=\"898\">Megb\u00edzhat\u00f3 helyettes\u00edt\u0151t keres Lenovo Yoga-j\u00e1hoz? Ezt a <strong data-start=\"746\" data-end=\"788\">GINTAI bekapcsol\u00f3\/hanger\u0151 gomb alapk\u00e1belt<\/strong> kifejezetten a <strong data-start=\"818\" data-end=\"846\">Lenovo ThinkPad Yoga 260<\/strong> modellekhez tervezt\u00e9k, bele\u00e9rtve a <strong data-start=\"865\" data-end=\"89,5 \">20, FEGS \u00e9s 0. 20 GT<\/strong>.<\/p>\n<p data-start=\"900\" data-end=\"1131\">\ud83d\udd39 <strong data-start=\"903\" data-end=\"919\">Alkatr\u00e9szsz\u00e1m:<\/strong> DC020027C00<br data-start=\"931\" data-end=\"934\" \/>\ud83d\udd39 <strong data-start=\"6 Alkatr\u00e9szek \u2013 Bekapcsol\u00f3\/hanger\u0151 gomb k\u00e1rtya k\u00e1bel<br data-start=\"993\" data-end=\"996\" \/>\ud83d\udd39 <strong data-start=\"999\" data-end=\"1013\">\u00c1llapot:<\/strong> Kiv\u00e1l\u00f3 min\u0151s\u00e9g\u0171 cserealkatr\u00e9sz<br data-start=\"1043\" data-end=\"1046\" <strong \/>tart=&#8221;1 data-end=&#8221;1046&#8243; \/>tart data-end=&#8221;1067&#8243;>Kompatibilit\u00e1s:<\/strong> Kompatibilis a Lenovo ThinkPad Yoga 260 sorozattal (20FD, 20FE, 20GS, 20GT)<\/p>\n<p data-start=\"1133\" data-end=\"1367\">Ez a k\u00e1bel nagyszer\u0171 v\u00e1laszt\u00e1s, ha laptopja bekapcsol\u00f3- vagy hanger\u0151gombjai hib\u00e1s kapcsolat miatt nem v\u00e1laszolnak. \u00dagy tervezt\u00e9k, hogy pontosan illeszkedjen \u00e9s stabil teljes\u00edtm\u00e9nyt ny\u00fajtson, \u00e9s seg\u00edt vissza\u00e1ll\u00edtani az eszk\u00f6z teljes funkcionalit\u00e1s\u00e1t.<\/p>\n<p data-start=\"1369\" data-end=\"1510\">\ud83d\udca1 <strong data-start=\"1372\" data-end=\"1388\">K\u00e9rj\u00fck, vegye figyelembe:<\/strong> a telep\u00edt\u00e9si utas\u00edt\u00e1sokat nem tartalmazza, de ha tov\u00e1bbi seg\u00edts\u00e9gre van sz\u00fcks\u00e9ge, k\u00f6zvetlen\u00fcl \u00edrjon nek\u00fcnk.<\/p>\n<p data-start=\"1512\" data-end=\"1571\">\ud83d\udcf8 <strong data-start=\"1515\" data-end=\"1569\">A fot\u00f3k a t\u00e9nylegesen megkapott term\u00e9kr\u0151l k\u00e9sz\u00fcltek.<\/strong><\/p>\n<p data-start=\"1573\" data-end=\"1670\">Friss\u00edtse \u00e9s jav\u00edtsa Lenovo Yog\u00e1j\u00e1t magabiztosan ezzel a megb\u00edzhat\u00f3 GINTAI cserealkatr\u00e9szsel.<\/p>\n","protected":false},"excerpt":{"rendered":"<p>Cser\u00e9lje ki a hib\u00e1s vagy s\u00e9r\u00fclt bekapcsol\u00f3-\/hanger\u0151gomb-panel k\u00e1bel\u00e9t erre az eredeti GINTAI cserealkatr\u00e9szre a Lenovo ThinkPad Yoga 260-hoz (20FD, 20FE, 20GS, 20GT modellek). T\u00f6k\u00e9letes illeszked\u00e9s, megb\u00edzhat\u00f3 min\u0151s\u00e9g.<\/p>\n","protected":false},"featured_media":12982,"template":"","meta":[],"product_brand":[],"product_cat":[20],"product_tag":[26],"class_list":{"0":"post-12918","1":"product","2":"type-product","3":"status-publish","4":"has-post-thumbnail","6":"product_cat-cables","7":"product_tag-lenovo","9":"first","10":"instock","11":"taxable","12":"shipping-taxable","13":"purchasable","14":"product-type-simple"},"_links":{"self":[{"href":"https:\/\/boreait.com\/hu\/wp-json\/wp\/v2\/product\/12918","targetHints":{"allow":["GET"]}}],"collection":[{"href":"https:\/\/boreait.com\/hu\/wp-json\/wp\/v2\/product"}],"about":[{"href":"https:\/\/boreait.com\/hu\/wp-json\/wp\/v2\/types\/product"}],"wp:featuredmedia":[{"embeddable":true,"href":"https:\/\/boreait.com\/hu\/wp-json\/wp\/v2\/media\/12982"}],"wp:attachment":[{"href":"https:\/\/boreait.com\/hu\/wp-json\/wp\/v2\/media?parent=12918"}],"wp:term":[{"taxonomy":"product_brand","embeddable":true,"href":"https:\/\/boreait.com\/hu\/wp-json\/wp\/v2\/product_brand?post=12918"},{"taxonomy":"product_cat","embeddable":true,"href":"https:\/\/boreait.com\/hu\/wp-json\/wp\/v2\/product_cat?post=12918"},{"taxonomy":"product_tag","embeddable":true,"href":"https:\/\/boreait.com\/hu\/wp-json\/wp\/v2\/product_tag?post=12918"}],"curies":[{"name":"wp","href":"https:\/\/api.w.org\/{rel}","templated":true}]}}