{"id":12917,"date":"2025-09-17T13:57:48","date_gmt":"2025-09-17T11:57:48","guid":{"rendered":"https:\/\/boreait.com\/hu\/?post_type=product&#038;p=12917"},"modified":"2025-09-17T13:59:30","modified_gmt":"2025-09-17T11:59:30","slug":"enovo-thinkpad-yoga-260-bekapcsologombos-kapcsolotabla-ls-c582p","status":"publish","type":"product","link":"https:\/\/boreait.com\/hu\/termek\/enovo-thinkpad-yoga-260-bekapcsologombos-kapcsolotabla-ls-c582p\/","title":{"rendered":"enovo ThinkPad Yoga 260 bekapcsol\u00f3gombos kapcsol\u00f3t\u00e1bla LS-C582P"},"content":{"rendered":"<p data-start=\"371\" data-end=\"614\">Kezdje \u00fajra \u00e9letre Lenovo ThinkPad Yog\u00e1j\u00e1t ezzel a <strong data-start=\"426\" data-end=\"474\">Bekapcsol\u00f3gomb-kapcsol\u00f3k\u00e1rty\u00e1val (LS-C582P)<\/strong>.<br data-start=\"475\" data-end=\"478\" a laptop bekapcsol\u00f3gombja nem tudja elind\u00edtani, vagy nem tudja elind\u00edtani. kapcsol\u00f3 fizikailag s\u00e9r\u00fclt, ez az alkatr\u00e9sz az ide\u00e1lis megold\u00e1s.<\/p>\n<p data-start=\"616\" data-end=\"638\"><strong data-start=\"616\" data-end=\"636\">Term\u00e9k r\u00e9szletei:<\/strong><\/p>\n<ul data-start=\"639\" data-end=\"838\">\n<li data-start=\"639\" data-end=\"678\">\n<p data-start=\"641\" data-end=\"678\">Modell: <strong data-start=\"648\" data-end=\"676\">Lenovo ThinkPad Yoga 260<\/strong><\/p>\n<\/li>\n<li data-start=\"679\" data-end=\"708\">\n<p data-start=\"681\" data-end=\"708\">Alkatr\u00e9szsz\u00e1m: <strong data-start=\"694\" data-end=\"706\">LS-C582P<\/strong><\/p>\n<\/li>\n<li data-start=\"709\" data-end=\"739\">\n<p data-start=\"711\" data-end=\"739\">Tartalmazza a <strong data-start=\"720\" data-end=\"737\">t\u00e1bl\u00e1t\u00a0<\/strong><\/p>\n<\/li>\n<li data-start=\"740\" data-end=\"782\">\n<p data-start=\"742\" data-end=\"782\">Kiv\u00e1l\u00f3 min\u0151s\u00e9g\u0171, teljesen tesztelt csere<\/p>\n<\/li>\n<li data-start=\"783\" data-end=\"838\">\n<p data-start=\"785\" data-end=\"838\">Egyszer\u0171 telep\u00edt\u00e9s technikusok \u00e9s bark\u00e1cs-jav\u00edt\u00e1sok sz\u00e1m\u00e1ra<\/p>\n<\/li>\n<\/ul>\n<p data-start=\"840\" data-end=\"916\"><strong data-start=\"840\" data-end=\"861\">A csomag tartalma:<\/strong><br data-start=\"861\" data-end=\"864\" \/>1x bekapcsol\u00f3gomb kapcsol\u00f3k\u00e1rtya (LS-C582P)<\/p>\n<p data-start=\"918\" data-end=\"990\">Jav\u00edtsa meg gyorsan a Yoga 260-at, \u00e9s \u00e1ll\u00edtsa vissza a megb\u00edzhat\u00f3 bekapcsol\u00e1si funkci\u00f3t.<\/p>\n","protected":false},"excerpt":{"rendered":"<p>Csere <strong data-start=\"196\" data-end=\"247\">bekapcsol\u00f3gomb-kapcsol\u00f3k\u00e1rtya (LS-C582P)<\/strong> a Lenovo ThinkPad Yoga 260-hoz. Eredeti alkatr\u00e9sz az ind\u00edt\u00e1si probl\u00e9m\u00e1k megold\u00e1s\u00e1hoz.<\/p>\n","protected":false},"featured_media":12981,"template":"","meta":[],"product_brand":[],"product_cat":[27],"product_tag":[26],"class_list":{"0":"post-12917","1":"product","2":"type-product","3":"status-publish","4":"has-post-thumbnail","6":"product_cat-motherboards-board-parts","7":"product_tag-lenovo","9":"first","10":"instock","11":"taxable","12":"shipping-taxable","13":"purchasable","14":"product-type-simple"},"_links":{"self":[{"href":"https:\/\/boreait.com\/hu\/wp-json\/wp\/v2\/product\/12917","targetHints":{"allow":["GET"]}}],"collection":[{"href":"https:\/\/boreait.com\/hu\/wp-json\/wp\/v2\/product"}],"about":[{"href":"https:\/\/boreait.com\/hu\/wp-json\/wp\/v2\/types\/product"}],"wp:featuredmedia":[{"embeddable":true,"href":"https:\/\/boreait.com\/hu\/wp-json\/wp\/v2\/media\/12981"}],"wp:attachment":[{"href":"https:\/\/boreait.com\/hu\/wp-json\/wp\/v2\/media?parent=12917"}],"wp:term":[{"taxonomy":"product_brand","embeddable":true,"href":"https:\/\/boreait.com\/hu\/wp-json\/wp\/v2\/product_brand?post=12917"},{"taxonomy":"product_cat","embeddable":true,"href":"https:\/\/boreait.com\/hu\/wp-json\/wp\/v2\/product_cat?post=12917"},{"taxonomy":"product_tag","embeddable":true,"href":"https:\/\/boreait.com\/hu\/wp-json\/wp\/v2\/product_tag?post=12917"}],"curies":[{"name":"wp","href":"https:\/\/api.w.org\/{rel}","templated":true}]}}