{"id":12915,"date":"2025-09-17T13:57:48","date_gmt":"2025-09-17T11:57:48","guid":{"rendered":"https:\/\/boreait.com\/hu\/?post_type=product&#038;p=12915"},"modified":"2025-09-17T13:59:24","modified_gmt":"2025-09-17T11:59:24","slug":"lenovo-thinkpad-x380-yoga-260-133-laptop-alkatreszek-bal-es-jobb-belso-hangszoro-keszlet-pk23000re00","status":"publish","type":"product","link":"https:\/\/boreait.com\/hu\/termek\/lenovo-thinkpad-x380-yoga-260-133-laptop-alkatreszek-bal-es-jobb-belso-hangszoro-keszlet-pk23000re00\/","title":{"rendered":"Lenovo ThinkPad X380 Yoga 260 13,3&#8243; laptop alkatr\u00e9szek | Bal \u00e9s jobb bels\u0151 hangsz\u00f3r\u00f3 k\u00e9szlet PK23000RE00"},"content":{"rendered":"<p data-start=\"487\" data-end=\"763\">Friss\u00edtse vagy \u00e1ll\u00edtsa vissza Lenovo ThinkPad X380 Yoga 13.3&#8243; hangmin\u0151s\u00e9g\u00e9t ezzel az eredeti <strong data-start=\"583\" data-end=\"627\">bal \u00e9s jobb oldali hangsz\u00f3r\u00f3k\u00e9szlettel (PK23000RE00)<\/strong>. Ezeket az alkatr\u00e9szeket kifejezetten az X3-as sorozathoz tervezve, tiszta hangot biztos\u00edtanak, 8 laptophoz. ak\u00e1rcsak az eredeti.<\/p>\n<p data-start=\"765\" data-end=\"1064\">\u2705 <strong data-start=\"767\" data-end=\"788\">Kompatibilis modell:<\/strong> Lenovo ThinkPad X380 Yoga (13.3&#8243;)\/Yoga 260<br data-start=\"822\" <strong data-start=\"822\" <strong data->s&#8221; adatok adatok<\/p>\n<p data-start=\"1066\" data-end=\"1301\">Az adatlapon szerepl\u0151 \u00f6sszes fot\u00f3 <strong data-start=\"1097\" data-end=\"1131\">val\u00f3di k\u00e9p a pontos alkatr\u00e9szekr\u0151l<\/strong>, amelyeket megkap, \u00edgy \u00d6n pontosan tudja, mit v\u00e1s\u00e1rol. A telep\u00edt\u00e9si utas\u00edt\u00e1sokat nem tartalmazza, de ha tov\u00e1bbi \u00fatmutat\u00e1sra van sz\u00fcks\u00e9ge, forduljon hozz\u00e1nk bizalommal.<\/p>\n<p data-start=\"1303\" data-end=\"1413\">Kezdje \u00fajra \u00e9letre ThinkPadj\u00e9t megb\u00edzhat\u00f3, eredeti laptop-alkatr\u00e9szekkel, amelyeket tart\u00f3s teljes\u00edtm\u00e9nyre terveztek.<\/p>\n","protected":false},"excerpt":{"rendered":"<p>Csere bal \u00e9s jobb bels\u0151 hangsz\u00f3r\u00f3k\u00e9szlet (PK23000RE00) a Lenovo ThinkPad X380 Yoga 13,3&#8243;-hoz Eredeti laptop alkatr\u00e9szek, tesztelve \u00e9s beszerel\u00e9sre k\u00e9szen.<\/p>\n","protected":false},"featured_media":12979,"template":"","meta":[],"product_brand":[],"product_cat":[18],"product_tag":[26],"class_list":{"0":"post-12915","1":"product","2":"type-product","3":"status-publish","4":"has-post-thumbnail","6":"product_cat-laptop-speakers","7":"product_tag-lenovo","9":"first","10":"instock","11":"taxable","12":"shipping-taxable","13":"purchasable","14":"product-type-simple"},"_links":{"self":[{"href":"https:\/\/boreait.com\/hu\/wp-json\/wp\/v2\/product\/12915","targetHints":{"allow":["GET"]}}],"collection":[{"href":"https:\/\/boreait.com\/hu\/wp-json\/wp\/v2\/product"}],"about":[{"href":"https:\/\/boreait.com\/hu\/wp-json\/wp\/v2\/types\/product"}],"wp:featuredmedia":[{"embeddable":true,"href":"https:\/\/boreait.com\/hu\/wp-json\/wp\/v2\/media\/12979"}],"wp:attachment":[{"href":"https:\/\/boreait.com\/hu\/wp-json\/wp\/v2\/media?parent=12915"}],"wp:term":[{"taxonomy":"product_brand","embeddable":true,"href":"https:\/\/boreait.com\/hu\/wp-json\/wp\/v2\/product_brand?post=12915"},{"taxonomy":"product_cat","embeddable":true,"href":"https:\/\/boreait.com\/hu\/wp-json\/wp\/v2\/product_cat?post=12915"},{"taxonomy":"product_tag","embeddable":true,"href":"https:\/\/boreait.com\/hu\/wp-json\/wp\/v2\/product_tag?post=12915"}],"curies":[{"name":"wp","href":"https:\/\/api.w.org\/{rel}","templated":true}]}}