{"id":12912,"date":"2025-09-17T13:57:47","date_gmt":"2025-09-17T11:57:47","guid":{"rendered":"https:\/\/boreait.com\/hu\/?post_type=product&#038;p=12912"},"modified":"2025-09-17T13:59:11","modified_gmt":"2025-09-17T11:59:11","slug":"lenovo-yoga-260-billentyuzet-00pa218-st084-v152020ak1-nemet-elrendezes-sn20h35127-hattervilagitas","status":"publish","type":"product","link":"https:\/\/boreait.com\/hu\/termek\/lenovo-yoga-260-billentyuzet-00pa218-st084-v152020ak1-nemet-elrendezes-sn20h35127-hattervilagitas\/","title":{"rendered":"Lenovo Yoga 260 billenty\u0171zet 00PA218 ST084 V152020AK1 N\u00e9met elrendez\u00e9s SN20H35127 H\u00e1tt\u00e9rvil\u00e1g\u00edt\u00e1s"},"content":{"rendered":"<p data-start=\"703\" data-end=\"955\">Friss\u00edtse Lenovo Yoga 260-\u00e1t ezzel az <strong data-start=\"742\" data-end=\"774\">eredeti cserebillenty\u0171zettel<\/strong>, amelyet \u00fagy terveztek, hogy az eredetivel azonos k\u00e9nyelmet \u00e9s megb\u00edzhat\u00f3s\u00e1got biztos\u00edtson. Ez az alkatr\u00e9sz kiv\u00e1l\u00f3 v\u00e1laszt\u00e1s azoknak, akiknek tart\u00f3s cser\u00e9re van sz\u00fcks\u00e9g\u00fck a hib\u00e1s vagy s\u00e9r\u00fclt billenty\u0171zethez.<\/p>\n<p data-start=\"957\" data-end=\"1228\">\ud83d\udd39 <strong data-start=\"960\" data-end=\"977\">Kompatibilit\u00e1s<\/strong>: Lenovo Yoga 260 sorozat<br data-start=\"1001\" data-end=\"1004\" \/>\ud83d\udd39 <strong data-start=\"7-end=\"7-end=\"0\">Par0-start=&#8221;2=&#8221;3. Sz\u00e1mok<\/strong>: 00PA218, ST084, V152020AK1, SN20H35127<br data-start=\"1063\" data-end=\"1066\" \/>\ud83d\udd39 <strong data-start=\"1069\" data-end=\"1079\">Elrendez\u00e9s<\/strong>: <br \/>n\u00e9met (6&#8243;QWERTZ adatok) data-end=&#8221;1099&#8243; \/>\ud83d\udd39 <strong data-start=\"1102\" data-end=\"1115\">\u00c1llapot<\/strong>: Eredeti cserealkatr\u00e9sz \u2013 val\u00f3di fot\u00f3kat adunk meg a billenty\u0171zetr\u0151l, hogy pontosan tudja, mit fog kapni.<\/p>\n<p data-start=\"1230\" data-end=\"1508\">Ezt a kiv\u00e1l\u00f3 min\u0151s\u00e9g\u0171 <strong data-start=\"1248\" data-end=\"1263\">laptop-alkatr\u00e9szt<\/strong> \u00fagy tervezt\u00e9k, hogy t\u00f6k\u00e9letes illeszked\u00e9st \u00e9s m\u0171k\u00f6d\u00e9st biztos\u00edtson, \u00edgy a Lenovo Yoga 260 n\u00e9lk\u00fcl\u00f6zhetetlen cser\u00e9je. F\u00fcggetlen\u00fcl att\u00f3l, hogy a billenty\u0171k nem reag\u00e1lnak, a laptop z\u00f6kken\u0151mentesen m\u0171k\u00f6dik, a billenty\u0171zet meghib\u00e1sodik vagy hi\u00e1nyzik. rendelni.<\/p>\n<p data-start=\"1510\" data-end=\"1611\">\ud83d\udce6 <strong data-start=\"1513\" data-end=\"1529\">Amit kapsz<\/strong>: egy Lenovo Yoga 260 n\u00e9met elrendez\u00e9s\u0171 billenty\u0171zet \u2013 pontosan \u00fagy, ahogy a k\u00e9peken is l\u00e1that\u00f3.<\/p>\n<p data-start=\"1613\" data-end=\"1732\">\ud83d\udc49 K\u00e9rj\u00fck, vegye figyelembe: a telep\u00edt\u00e9si utas\u00edt\u00e1sokat nem tartalmazza. Ha seg\u00edts\u00e9gre van sz\u00fcks\u00e9ge, b\u00e1tran \u00edrjon nek\u00fcnk seg\u00edts\u00e9g\u00e9rt.<\/p>\n","protected":false},"excerpt":{"rendered":"<p>Eredeti Lenovo Yoga 260 cserebillenty\u0171zet (n\u00e9met elrendez\u00e9s). Kompatibilis a 00PA218, ST084, V152020AK1 \u00e9s SN20H35127 cikksz\u00e1mokkal. Ide\u00e1lis laptopja s\u00e9r\u00fclt billenty\u0171zet\u00e9nek jav\u00edt\u00e1s\u00e1hoz vagy cser\u00e9j\u00e9hez.<\/p>\n","protected":false},"featured_media":12971,"template":"","meta":[],"product_brand":[],"product_cat":[35],"product_tag":[26],"class_list":{"0":"post-12912","1":"product","2":"type-product","3":"status-publish","4":"has-post-thumbnail","6":"product_cat-laptop-keyboard","7":"product_tag-lenovo","9":"first","10":"instock","11":"taxable","12":"shipping-taxable","13":"purchasable","14":"product-type-simple"},"_links":{"self":[{"href":"https:\/\/boreait.com\/hu\/wp-json\/wp\/v2\/product\/12912","targetHints":{"allow":["GET"]}}],"collection":[{"href":"https:\/\/boreait.com\/hu\/wp-json\/wp\/v2\/product"}],"about":[{"href":"https:\/\/boreait.com\/hu\/wp-json\/wp\/v2\/types\/product"}],"wp:featuredmedia":[{"embeddable":true,"href":"https:\/\/boreait.com\/hu\/wp-json\/wp\/v2\/media\/12971"}],"wp:attachment":[{"href":"https:\/\/boreait.com\/hu\/wp-json\/wp\/v2\/media?parent=12912"}],"wp:term":[{"taxonomy":"product_brand","embeddable":true,"href":"https:\/\/boreait.com\/hu\/wp-json\/wp\/v2\/product_brand?post=12912"},{"taxonomy":"product_cat","embeddable":true,"href":"https:\/\/boreait.com\/hu\/wp-json\/wp\/v2\/product_cat?post=12912"},{"taxonomy":"product_tag","embeddable":true,"href":"https:\/\/boreait.com\/hu\/wp-json\/wp\/v2\/product_tag?post=12912"}],"curies":[{"name":"wp","href":"https:\/\/api.w.org\/{rel}","templated":true}]}}