{"id":12911,"date":"2025-09-17T13:57:47","date_gmt":"2025-09-17T11:57:47","guid":{"rendered":"https:\/\/boreait.com\/hu\/?post_type=product&#038;p=12911"},"modified":"2025-09-17T13:59:01","modified_gmt":"2025-09-17T11:59:01","slug":"lenovo-thinkpad-yoga-260-csuklotamasz-125-oem-laptop-alkatreszek-nelkul-billentyuzet-erintopad","status":"publish","type":"product","link":"https:\/\/boreait.com\/hu\/termek\/lenovo-thinkpad-yoga-260-csuklotamasz-125-oem-laptop-alkatreszek-nelkul-billentyuzet-erintopad\/","title":{"rendered":"Lenovo ThinkPad Yoga 260 csukl\u00f3t\u00e1masz 12,5&#8243; OEM laptop alkatr\u00e9szek n\u00e9lk\u00fcl billenty\u0171zet \u00e9rint\u0151pad"},"content":{"rendered":"<p data-start=\"546\" data-end=\"783\">Friss\u00edtse vagy jav\u00edtsa meg Lenovo ThinkPad Yoga 260 k\u00e9sz\u00fcl\u00e9k\u00e9t ezzel az <strong data-start=\"604\" data-end=\"642\">eredeti OEM 12,5&#8243;-es csukl\u00f3t\u00e1masz h\u00e1zzal<\/strong>. Ezt a cserealkatr\u00e9szt kifejezetten a Yoga 260 sorozathoz tervezt\u00e9k, \u00e9s az eredetivel megegyez\u0151 tart\u00f3ss\u00e1got \u00e9s tart\u00f3ss\u00e1got biztos\u00edt.<\/p>\n<p data-start=\"785\" data-end=\"1034\">\u2714 <strong data-start=\"787\" data-end=\"807\">Kompatibilis modell<\/strong>: Lenovo ThinkPad Yoga 260 (12.5&#8243;)<br data-start=\"841\" data-end=\"844\" \/>&#8222;6&#8221;start data-end=&#8221;859&#8243;>\u00c1llapot<\/strong>: eredeti OEM laptop alkatr\u00e9sz<br data-start=\"884\" data-end=\"887\" \/>\u2714 <strong data-start=\"889\" data-end=\"901\">Tartalmazza<\/strong>: Csak a csukl\u00f3t\u00e1masz h\u00e1za (a billenty\u0171zet \u00e9s az \u00e9rint\u0151pad nem tartoz\u00e9k)<br data-start=\"884\" data-end=\"887\" \/> data-start=&#8221;966&#8243; data-end=&#8221;979&#8243;>Ide\u00e1lis felhaszn\u00e1l\u00e1s<\/strong>: S\u00e9r\u00fclt, repedt vagy elhaszn\u00e1l\u00f3dott csukl\u00f3t\u00e1maszok cser\u00e9je<\/p>\n<p data-start=\"1036\" data-end=\"1210\">Ez a csukl\u00f3t\u00e1masz t\u00f6k\u00e9letes a laptop professzion\u00e1lis megjelen\u00e9s\u00e9nek \u00e9s funkcionalit\u00e1s\u00e1nak helyre\u00e1ll\u00edt\u00e1s\u00e1hoz. Mivel OEM alkatr\u00e9szr\u0151l van sz\u00f3, prec\u00edz illeszked\u00e9sre \u00e9s tart\u00f3s teljes\u00edtm\u00e9nyre sz\u00e1m\u00edthat.<\/p>\n<p data-start=\"1212\" data-end=\"1395\">\ud83d\udd39 <strong data-start=\"1215\" data-end=\"1249\">Az adatlapon szerepl\u0151 fot\u00f3k val\u00f3diak<\/strong>, \u00edgy pontosan azt fogod kapni, amit l\u00e1tsz.<br data-start=\"1290\" data-end=\"1293\">\ud83d\udd39 Telep\u00edt\u00e9si utas\u00edt\u00e1sok nem sz\u00fcks\u00e9gesek, de nincs sz\u00fcks\u00e9g telep\u00edt\u00e9si utas\u00edt\u00e1sra. k\u00f6zvetlen\u00fcl nek\u00fcnk.<\/p>\n<p data-start=\"1397\" data-end=\"1589\">Ak\u00e1r saj\u00e1t eszk\u00f6z\u00e9t jav\u00edtja, ak\u00e1r min\u0151s\u00e9gi <strong data-start=\"1464\" data-end=\"1480\">laptop-alkatr\u00e9szeket<\/strong> halmoz fel, ez a Lenovo ThinkPad Yoga 260 csukl\u00f3t\u00e1masz megb\u00edzhat\u00f3 v\u00e1laszt\u00e1s a technikusok,<\/strong>\u00e9s v\u00e9gfel\u00faj\u00edt\u00f3k sz\u00e1m\u00e1ra.<\/p>\n","protected":false},"excerpt":{"rendered":"<p>Eredeti Lenovo ThinkPad Yoga 260 12,5&#8243; OEM csukl\u00f3t\u00e1masz h\u00e1z. Eredeti laptop alkatr\u00e9sz, billenty\u0171zet \u00e9s \u00e9rint\u0151pad n\u00e9lk\u00fcl.<\/p>\n","protected":false},"featured_media":12969,"template":"","meta":[],"product_brand":[],"product_cat":[16],"product_tag":[26],"class_list":{"0":"post-12911","1":"product","2":"type-product","3":"status-publish","4":"has-post-thumbnail","6":"product_cat-laptop-housing","7":"product_tag-lenovo","9":"first","10":"instock","11":"taxable","12":"shipping-taxable","13":"purchasable","14":"product-type-simple"},"_links":{"self":[{"href":"https:\/\/boreait.com\/hu\/wp-json\/wp\/v2\/product\/12911","targetHints":{"allow":["GET"]}}],"collection":[{"href":"https:\/\/boreait.com\/hu\/wp-json\/wp\/v2\/product"}],"about":[{"href":"https:\/\/boreait.com\/hu\/wp-json\/wp\/v2\/types\/product"}],"wp:featuredmedia":[{"embeddable":true,"href":"https:\/\/boreait.com\/hu\/wp-json\/wp\/v2\/media\/12969"}],"wp:attachment":[{"href":"https:\/\/boreait.com\/hu\/wp-json\/wp\/v2\/media?parent=12911"}],"wp:term":[{"taxonomy":"product_brand","embeddable":true,"href":"https:\/\/boreait.com\/hu\/wp-json\/wp\/v2\/product_brand?post=12911"},{"taxonomy":"product_cat","embeddable":true,"href":"https:\/\/boreait.com\/hu\/wp-json\/wp\/v2\/product_cat?post=12911"},{"taxonomy":"product_tag","embeddable":true,"href":"https:\/\/boreait.com\/hu\/wp-json\/wp\/v2\/product_tag?post=12911"}],"curies":[{"name":"wp","href":"https:\/\/api.w.org\/{rel}","templated":true}]}}