{"id":12897,"date":"2025-09-17T13:57:21","date_gmt":"2025-09-17T11:57:21","guid":{"rendered":"https:\/\/boreait.com\/hu\/?post_type=product&#038;p=12897"},"modified":"2025-09-17T13:58:48","modified_gmt":"2025-09-17T11:58:48","slug":"lenovo-thinkpad-yoga-260-erintopad-00ur916-b152420b2s-eredeti-laptop-alkatresz","status":"publish","type":"product","link":"https:\/\/boreait.com\/hu\/termek\/lenovo-thinkpad-yoga-260-erintopad-00ur916-b152420b2s-eredeti-laptop-alkatresz\/","title":{"rendered":"Lenovo ThinkPad Yoga 260 \u00e9rint\u0151pad 00UR916 B152420B2S eredeti laptop alkatr\u00e9sz"},"content":{"rendered":"<p data-start=\"645\" data-end=\"940\">Friss\u00edtse laptopj\u00e1t ezzel a <strong data-start=\"675\" data-end=\"725\">eredeti Lenovo \u00e9rint\u0151paddal a ThinkPad Yoga 260-hoz<\/strong>.<br data-start=\"726\" data-end=\"729\" \/>Kompatibilis a k\u00f6vetkez\u0151kkel: cikksz\u00e1m: 5-&#8222;tart data-end=&#8221;769&#8243;>00UR916<\/strong> \u00e9s <strong data-start=\"774\" data-end=\"788\">B152420B2S<\/strong>, ez az eredeti laptop alkatr\u00e9sz pontos navig\u00e1ci\u00f3t, z\u00f6kken\u0151mentes reag\u00e1l\u00e1st \u00e9s megb\u00edzhat\u00f3 cser\u00e9t biztos\u00edt, ha a r\u00e9gi \u00e9rint\u0151pad elhaszn\u00e1l\u00f3dott vagy megs\u00e9r\u00fcl.<\/p>\n<ul data-start=\"942\" data-end=\"1202\">\n<li data-start=\"942\" data-end=\"997\">\n<p data-start=\"944\" data-end=\"997\">\u2705 <strong data-start=\"946\" data-end=\"970\">Modell kompatibilit\u00e1s:<\/strong> Lenovo ThinkPad Yoga 260<\/p>\n<\/li>\n<li data-start=\"998\" data-end=\"1041\">\n<p data-start=\"1000\" data-end=\"1041\">\u2705 <strong data-start=\"1002\" data-end=\"1019\">Alkatr\u00e9szsz\u00e1mok:<\/strong> 00UR916, B152420B2S<\/p>\n<\/li>\n<li data-start=\"1042\" data-end=\"1116\">\n<p data-start=\"1044\" data-end=\"1116\">\u2705 <strong data-start=\"1046\" data-end=\"1060\">\u00c1llapot:<\/strong> Eredeti, teljesen tesztelt \u00e9s kiv\u00e1l\u00f3an m\u0171k\u00f6d\u0151 \u00e1llapotban<\/p>\n<\/li>\n<li data-start=\"1117\" data-end=\"1202\">\n<p data-start=\"1119\" data-end=\"1202\">\u2705 <strong data-start=\"1121\" data-end=\"1134\">Haszn\u00e1lati eset:<\/strong> T\u00f6k\u00e9letes csere a hib\u00e1s, t\u00f6r\u00f6tt vagy nem reag\u00e1l\u00f3 \u00e9rint\u0151padokhoz<\/p>\n<\/li>\n<\/ul>\n<p data-start=\"1204\" data-end=\"1318\">Ez az elem a <strong data-start=\"1229\" data-end=\"1258\">j\u00f3 min\u0151s\u00e9g\u0171 laptop-alkatr\u00e9szek<\/strong> gy\u0171jtem\u00e9ny\u00fcnk r\u00e9sze, amelyben a felhaszn\u00e1l\u00f3k Eur\u00f3pa-szerte \u00e9s vil\u00e1gszerte megb\u00edznak.<\/p>\n<p data-start=\"1320\" data-end=\"1557\">\ud83d\udcf8 <em data-start=\"1323\" data-end=\"1405\">Az adatlapon szerepl\u0151 \u00f6sszes fot\u00f3 val\u00f3di, \u00e9s pontosan azt az \u00e9rint\u0151padot mutatja, amelyet kapni fog.<\/em><br data-start=\"1405\" data-end=\"1408\" <em data-start=\"1323\" data-end=\"1405\"> data-end=&#8221;1555&#8243;>A telep\u00edt\u00e9si utas\u00edt\u00e1sokat nem tartalmazza, de ha seg\u00edts\u00e9gre van sz\u00fcks\u00e9ge a kompatibilit\u00e1s azonos\u00edt\u00e1s\u00e1hoz, vagy k\u00e9rd\u00e9sei vannak, nyugodtan \u00edrjon nek\u00fcnk b\u00e1rmikor.<\/em><\/p>\n","protected":false},"excerpt":{"rendered":"<p>Eredeti Lenovo \u00e9rint\u0151pad csere ThinkPad Yoga 260-hoz. Eredeti laptop alkatr\u00e9sz, tesztelve, \u00e9s k\u00e9szen \u00e1ll a z\u00f6kken\u0151mentes teljes\u00edtm\u00e9ny helyre\u00e1ll\u00edt\u00e1s\u00e1ra.<\/p>\n","protected":false},"featured_media":12956,"template":"","meta":[],"product_brand":[],"product_cat":[42],"product_tag":[26],"class_list":{"0":"post-12897","1":"product","2":"type-product","3":"status-publish","4":"has-post-thumbnail","6":"product_cat-laptop-touchpads","7":"product_tag-lenovo","9":"first","10":"instock","11":"taxable","12":"shipping-taxable","13":"purchasable","14":"product-type-simple"},"_links":{"self":[{"href":"https:\/\/boreait.com\/hu\/wp-json\/wp\/v2\/product\/12897","targetHints":{"allow":["GET"]}}],"collection":[{"href":"https:\/\/boreait.com\/hu\/wp-json\/wp\/v2\/product"}],"about":[{"href":"https:\/\/boreait.com\/hu\/wp-json\/wp\/v2\/types\/product"}],"wp:featuredmedia":[{"embeddable":true,"href":"https:\/\/boreait.com\/hu\/wp-json\/wp\/v2\/media\/12956"}],"wp:attachment":[{"href":"https:\/\/boreait.com\/hu\/wp-json\/wp\/v2\/media?parent=12897"}],"wp:term":[{"taxonomy":"product_brand","embeddable":true,"href":"https:\/\/boreait.com\/hu\/wp-json\/wp\/v2\/product_brand?post=12897"},{"taxonomy":"product_cat","embeddable":true,"href":"https:\/\/boreait.com\/hu\/wp-json\/wp\/v2\/product_cat?post=12897"},{"taxonomy":"product_tag","embeddable":true,"href":"https:\/\/boreait.com\/hu\/wp-json\/wp\/v2\/product_tag?post=12897"}],"curies":[{"name":"wp","href":"https:\/\/api.w.org\/{rel}","templated":true}]}}