{"id":12883,"date":"2025-09-17T13:56:57","date_gmt":"2025-09-17T11:56:57","guid":{"rendered":"https:\/\/boreait.com\/hu\/?post_type=product&#038;p=12883"},"modified":"2025-09-17T13:58:35","modified_gmt":"2025-09-17T11:58:35","slug":"oem-dell-latitude-e5470-alapburkolat-haz-ap1fd000500-laptop-alkatreszek","status":"publish","type":"product","link":"https:\/\/boreait.com\/hu\/termek\/oem-dell-latitude-e5470-alapburkolat-haz-ap1fd000500-laptop-alkatreszek\/","title":{"rendered":"OEM Dell Latitude E5470 alapburkolat h\u00e1z AP1FD000500 \u2013 Laptop alkatr\u00e9szek"},"content":{"rendered":"<p data-start=\"582\" data-end=\"852\">Ez egy <strong data-start=\"593\" data-end=\"633\">eredeti Dell OEM alapburkolat<\/strong> a <strong data-start=\"642\" data-end=\"660\">Latitude E5470<\/strong>hez (kezdetsz\u00e1m: <strong data-4\"s data-end=\"689\">AP1FD000500<\/strong>). Ha laptopj\u00e1nak als\u00f3 h\u00e1za megrepedt, megkarcol\u00f3dott vagy megs\u00e9r\u00fclt, ez a csere ide\u00e1lis megold\u00e1s arra, hogy \u00fajra er\u0151t \u00e9s tiszta megjelen\u00e9st biztos\u00edtson eszk\u00f6z\u00e9nek.<\/p>\n<p data-start=\"854\" data-end=\"1029\">\u2714 <strong data-start=\"856\" data-end=\"876\">Kompatibilis modell<\/strong>: Dell Latitude E5470<br data-start=\"897\" data-end=\"900\" \/>\u2714 <strong data-start=\"854\" data-end=\"900\" \/>\u2714 <strong data-start=\"856\" data-end=\"902\"1>data-end=&#8221;902&#8243;1<\/strong>data AP1FD000500<br data-start=\"930\" data-end=\"933\" \/>\u2714 <strong data-start=\"935\" data-end=\"948\">\u00c1llapot<\/strong>: Eredeti OEM-alkatr\u00e9sz<br data-start=\"966\" data-end=\"969\" \/>\u2714\u2714 <strong>go1&#8243;-start=&#8221;3 Laptop alkatr\u00e9szek \u2013 Alapburkolat \/ alv\u00e1z<\/p>\n<p data-start=\"1031\" data-end=\"1154\">Eredeti Dell-alkatr\u00e9szk\u00e9nt <strong data-start=\"1070\" data-end=\"1114\">t\u00f6k\u00e9letes illeszked\u00e9sre, tart\u00f3ss\u00e1gra \u00e9s megb\u00edzhat\u00f3s\u00e1gra<\/strong> sz\u00e1m\u00edthat a harmadik felek alternat\u00edv\u00e1ihoz k\u00e9pest.<\/p>\n<p data-start=\"1156\" data-end=\"1371\">\ud83d\udcf8 <strong data-start=\"1159\" data-end=\"1177\">Term\u00e9kk\u00e9pek<\/strong>: A list\u00e1n szerepl\u0151 \u00f6sszes fot\u00f3 a t\u00e9nylegesen megkapott t\u00e9telr\u0151l k\u00e9sz\u00fclt.<br data-start=\"1246\" data-end=\"1249\" \/>\ud83d\udc92&#8221; data-end=&#8221;1266&#8243;>Seg\u00edts\u00e9gre van sz\u00fcks\u00e9ge?<\/strong> B\u00e1r a telep\u00edt\u00e9si utas\u00edt\u00e1sokat nem tartalmazza, sz\u00fcks\u00e9g eset\u00e9n forduljon hozz\u00e1nk \u00fatmutat\u00e1s\u00e9rt.<\/p>\n<p data-start=\"1373\" data-end=\"1510\">B\u00e1tran friss\u00edtse vagy jav\u00edtsa meg Dell Latitude E5470 k\u00e9sz\u00fcl\u00e9k\u00e9t \u2013 ez az OEM-alapburkolat biztons\u00e1gban tartja laptopj\u00e1t, \u00e9s professzion\u00e1lis megjelen\u00e9st biztos\u00edt.<\/p>\n","protected":false},"excerpt":{"rendered":"<p>Eredeti <strong data-start=\"384\" data-end=\"444\">Dell Latitude E5470 OEM alapburkolat h\u00e1z (AP1FD000500)<\/strong>. Tart\u00f3s csere laptop alkatr\u00e9sz, t\u00f6k\u00e9letes a k\u00e9sz\u00fcl\u00e9k eredeti min\u0151s\u00e9g\u00e9nek vissza\u00e1ll\u00edt\u00e1s\u00e1hoz.<\/p>\n","protected":false},"featured_media":12950,"template":"","meta":[],"product_brand":[],"product_cat":[16],"product_tag":[17],"class_list":{"0":"post-12883","1":"product","2":"type-product","3":"status-publish","4":"has-post-thumbnail","6":"product_cat-laptop-housing","7":"product_tag-dell","9":"first","10":"instock","11":"taxable","12":"shipping-taxable","13":"purchasable","14":"product-type-simple"},"_links":{"self":[{"href":"https:\/\/boreait.com\/hu\/wp-json\/wp\/v2\/product\/12883","targetHints":{"allow":["GET"]}}],"collection":[{"href":"https:\/\/boreait.com\/hu\/wp-json\/wp\/v2\/product"}],"about":[{"href":"https:\/\/boreait.com\/hu\/wp-json\/wp\/v2\/types\/product"}],"wp:featuredmedia":[{"embeddable":true,"href":"https:\/\/boreait.com\/hu\/wp-json\/wp\/v2\/media\/12950"}],"wp:attachment":[{"href":"https:\/\/boreait.com\/hu\/wp-json\/wp\/v2\/media?parent=12883"}],"wp:term":[{"taxonomy":"product_brand","embeddable":true,"href":"https:\/\/boreait.com\/hu\/wp-json\/wp\/v2\/product_brand?post=12883"},{"taxonomy":"product_cat","embeddable":true,"href":"https:\/\/boreait.com\/hu\/wp-json\/wp\/v2\/product_cat?post=12883"},{"taxonomy":"product_tag","embeddable":true,"href":"https:\/\/boreait.com\/hu\/wp-json\/wp\/v2\/product_tag?post=12883"}],"curies":[{"name":"wp","href":"https:\/\/api.w.org\/{rel}","templated":true}]}}