{"id":12881,"date":"2025-09-17T13:56:57","date_gmt":"2025-09-17T11:56:57","guid":{"rendered":"https:\/\/boreait.com\/hu\/?post_type=product&#038;p=12881"},"modified":"2025-09-17T13:58:27","modified_gmt":"2025-09-17T11:58:27","slug":"dell-latitude-e5470-e5570-erintopad-egergomb-tabla-cn-a151na-laptop-alkatreszek","status":"publish","type":"product","link":"https:\/\/boreait.com\/hu\/termek\/dell-latitude-e5470-e5570-erintopad-egergomb-tabla-cn-a151na-laptop-alkatreszek\/","title":{"rendered":"Dell Latitude E5470 E5570 \u00e9rint\u0151pad eg\u00e9rgomb t\u00e1bla CN-A151NA laptop alkatr\u00e9szek"},"content":{"rendered":"<p>Ez egy eredeti Dell Latitude E5470 \/ E5570 \u00e9rint\u0151pad eg\u00e9rgombos t\u00e1bla<\/p>\n<p>CN-A151NA (A151NA) cikksz\u00e1mmal. Ha a laptop \u00e9rint\u0151pad gombjai m\u00e1r nincsenek<\/p>\n<p>reszponz\u00edv vagy megfelel\u0151en m\u0171k\u00f6d\u0151k\u00e9pes, ez a cserek\u00e1rtya az ide\u00e1lis megold\u00e1s.<\/p>\n<p>\u2714 Kompatibilis modellek: Dell Latitude E5470, Dell Latitude E5570<\/p>\n<p>\u2714 Cikksz\u00e1m: CN-A151NA (A151NA)<\/p>\n<p>\u2714 \u00c1llapot: Tesztelt, 100%-ban m\u0171k\u00f6d\u0151k\u00e9pes, eredeti laptopokb\u00f3l h\u00fazva<\/p>\n<p>\u2714 Haszn\u00e1lat: Csere \u00e9rint\u0151pad eg\u00e9rgomb t\u00e1bla<\/p>\n<p>Csak val\u00f3di f\u00e9nyk\u00e9peket haszn\u00e1lunk a list\u00e1nkban \u2013 pontosan azt a r\u00e9szt kapja meg, amit l\u00e1tni fog.<\/p>\n<p>Ez a laptop alkatr\u00e9sz k\u00f6zvetlen\u00fcl helyettes\u00edti a Dell Latitude teljes funkcionalit\u00e1s\u00e1t.<\/p>\n<p>K\u00e9rj\u00fck, vegye figyelembe: nem adunk telep\u00edt\u00e9si utas\u00edt\u00e1sokat, de ha seg\u00edts\u00e9gre van sz\u00fcks\u00e9ge<\/p>\n<p>v\u00e1s\u00e1rl\u00e1s el\u0151tt vagy ut\u00e1n, nyugodtan \u00edrjon nek\u00fcnk.<\/p>\n<p>Ide\u00e1lis laptopjav\u00edt\u00e1shoz, fel\u00faj\u00edt\u00e1shoz \u00e9s friss\u00edt\u00e9shez \u2013 v\u00e1s\u00e1roljon bizalommal a Siggm\u00f3t\u00f3l,<br \/>\naz \u00d6n megb\u00edzhat\u00f3 forr\u00e1sa a min\u0151s\u00e9gi laptop alkatr\u00e9szekhez Eur\u00f3p\u00e1ban \u00e9s vil\u00e1gszerte.<\/p>\n","protected":false},"excerpt":{"rendered":"<p>Eredeti Dell Latitude E5470 \/ E5570 \u00e9rint\u0151pad eg\u00e9rgombos k\u00e1rtya (CN-A151NA).<\/p>\n<p>Teljesen tesztelt laptop alkatr\u00e9sz, cser\u00e9re k\u00e9sz. Val\u00f3di term\u00e9kfot\u00f3k mell\u00e9kelve.<\/p>\n","protected":false},"featured_media":12940,"template":"","meta":[],"product_brand":[],"product_cat":[42],"product_tag":[17],"class_list":{"0":"post-12881","1":"product","2":"type-product","3":"status-publish","4":"has-post-thumbnail","6":"product_cat-laptop-touchpads","7":"product_tag-dell","9":"first","10":"instock","11":"taxable","12":"shipping-taxable","13":"purchasable","14":"product-type-simple"},"_links":{"self":[{"href":"https:\/\/boreait.com\/hu\/wp-json\/wp\/v2\/product\/12881","targetHints":{"allow":["GET"]}}],"collection":[{"href":"https:\/\/boreait.com\/hu\/wp-json\/wp\/v2\/product"}],"about":[{"href":"https:\/\/boreait.com\/hu\/wp-json\/wp\/v2\/types\/product"}],"wp:featuredmedia":[{"embeddable":true,"href":"https:\/\/boreait.com\/hu\/wp-json\/wp\/v2\/media\/12940"}],"wp:attachment":[{"href":"https:\/\/boreait.com\/hu\/wp-json\/wp\/v2\/media?parent=12881"}],"wp:term":[{"taxonomy":"product_brand","embeddable":true,"href":"https:\/\/boreait.com\/hu\/wp-json\/wp\/v2\/product_brand?post=12881"},{"taxonomy":"product_cat","embeddable":true,"href":"https:\/\/boreait.com\/hu\/wp-json\/wp\/v2\/product_cat?post=12881"},{"taxonomy":"product_tag","embeddable":true,"href":"https:\/\/boreait.com\/hu\/wp-json\/wp\/v2\/product_tag?post=12881"}],"curies":[{"name":"wp","href":"https:\/\/api.w.org\/{rel}","templated":true}]}}