{"id":12866,"date":"2025-09-17T13:56:34","date_gmt":"2025-09-17T11:56:34","guid":{"rendered":"https:\/\/boreait.com\/hu\/?post_type=product&#038;p=12866"},"modified":"2025-09-17T13:58:13","modified_gmt":"2025-09-17T11:58:13","slug":"dell-latitude-e5470-e5480-04jmfp-caddy-080rk8-laptop-alkatreszek","status":"publish","type":"product","link":"https:\/\/boreait.com\/hu\/termek\/dell-latitude-e5470-e5480-04jmfp-caddy-080rk8-laptop-alkatreszek\/","title":{"rendered":"Dell Latitude E5470 E5480 04JMFP Caddy 080RK8 laptop alkatr\u00e9szek"},"content":{"rendered":"<p data-start=\"589\" data-end=\"757\">Friss\u00edtse vagy jav\u00edtsa meg Dell Latitude laptopj\u00e1t ezzel a <strong data-start=\"643\" data-end=\"704\">kiv\u00e1l\u00f3 min\u0151s\u00e9g\u0171 SATA merevlemezes Caddy-vel<\/strong>, amelyet a <strong data-start=\"726\" data-end=\"754\">Latitude E47<\/strong>0<\/strong> E4-8<\/strong> modellekhez terveztek.<\/p>\n<p data-start=\"759\" data-end=\"1073\">Ez a k\u00e9szlet tartalmazza a <strong data-start=\"781\" data-end=\"821\">HDD-t (04JMFP \/ 4JMFP)<\/strong>\u00a0<strong data-start=\"830\" data-end=\"866\">a merevlemez-meghajt\u00f3 \u00e9s a caddy tart\u00f3 biztons\u00e1gos m\u0171k\u00f6d\u00e9s\u00e9t (080, RK8)<\/strong> megb\u00edzhat\u00f3an. F\u00fcggetlen\u00fcl att\u00f3l, hogy hib\u00e1s merevlemezt cser\u00e9l, vagy \u00faj merevlemezt ad hozz\u00e1, ez a r\u00e9sz seg\u00edt vissza\u00e1ll\u00edtani laptopja teljes\u00edtm\u00e9ny\u00e9t a pontos illeszked\u00e9ssel.<\/p>\n<p data-start=\"1075\" data-end=\"1388\">\u2714 <strong data-start=\"1077\" data-end=\"1099\">Kompatibilis modellek:<\/strong> Dell Latitude E5470, E5480<br data-start=\"1126\" data-end=\"1129\" \/>-3&#8243; data-end=&#8221;1148&#8243;>Alkatr\u00e9szsz\u00e1mok:<\/strong> 04JMFP \/ 4JMFP 080RK8 (caddy)<br data-start=\"1197\" data-end=\"1200\" \/>\u2714 <strong data-start=\"1202\" data-end=\"1216=\"1216\">\u00c1llapot:<\/strong> Eredeti adat4-es laptop cserealkatr\u00e9sz data-end=&#8221;1251&#8243; \/>\u2714 <strong data-start=\"1253\" data-end=\"1266\">Haszn\u00e1lati eset:<\/strong> Ide\u00e1lis HDD-telep\u00edt\u00e9shez, friss\u00edt\u00e9shez vagy jav\u00edt\u00e1shoz<br data-start=\"1315\" data-end=\"1318\" \/>\u2714 <strong data-start=\"1253\" data-end=\"1266\" a laptop val\u00f3di r\u00e9szei:<\/strong> kapni fog<\/p>\n<p>ot<\/p>\n<p data-start=\"1390\" data-end=\"1509\">Ez a term\u00e9k elengedhetetlen csere, ha a rendszer nem ismeri fel a laptop HDD-j\u00e9t, vagy \u00fajra kell telep\u00edtenie egy meghajt\u00f3t.<\/p>\n<p data-start=\"1511\" data-end=\"1650\"><em data-start=\"1511\" data-end=\"1648\">K\u00e9rj\u00fck, vegye figyelembe: a telep\u00edt\u00e9si utas\u00edt\u00e1sokat nem tartalmazza. Ha \u00fatmutat\u00e1sra van sz\u00fcks\u00e9ge, b\u00e1tran \u00edrjon nek\u00fcnk, \u00e9s sz\u00edvesen seg\u00edt\u00fcnk.<\/em><\/p>\n","protected":false},"excerpt":{"rendered":"<p data-start=\"397\" data-end=\"538\">Megb\u00edzhat\u00f3 SATA HDD caddy k\u00e9szlet Dell Latitude E5470\/E5480-hoz. Eredeti cserealkatr\u00e9sz a merevlemez biztons\u00e1gos telep\u00edt\u00e9s\u00e9hez.<\/p>\n","protected":false},"featured_media":12934,"template":"","meta":[],"product_brand":[],"product_cat":[16],"product_tag":[17],"class_list":{"0":"post-12866","1":"product","2":"type-product","3":"status-publish","4":"has-post-thumbnail","6":"product_cat-laptop-housing","7":"product_tag-dell","9":"first","10":"instock","11":"taxable","12":"shipping-taxable","13":"purchasable","14":"product-type-simple"},"_links":{"self":[{"href":"https:\/\/boreait.com\/hu\/wp-json\/wp\/v2\/product\/12866","targetHints":{"allow":["GET"]}}],"collection":[{"href":"https:\/\/boreait.com\/hu\/wp-json\/wp\/v2\/product"}],"about":[{"href":"https:\/\/boreait.com\/hu\/wp-json\/wp\/v2\/types\/product"}],"wp:featuredmedia":[{"embeddable":true,"href":"https:\/\/boreait.com\/hu\/wp-json\/wp\/v2\/media\/12934"}],"wp:attachment":[{"href":"https:\/\/boreait.com\/hu\/wp-json\/wp\/v2\/media?parent=12866"}],"wp:term":[{"taxonomy":"product_brand","embeddable":true,"href":"https:\/\/boreait.com\/hu\/wp-json\/wp\/v2\/product_brand?post=12866"},{"taxonomy":"product_cat","embeddable":true,"href":"https:\/\/boreait.com\/hu\/wp-json\/wp\/v2\/product_cat?post=12866"},{"taxonomy":"product_tag","embeddable":true,"href":"https:\/\/boreait.com\/hu\/wp-json\/wp\/v2\/product_tag?post=12866"}],"curies":[{"name":"wp","href":"https:\/\/api.w.org\/{rel}","templated":true}]}}