{"id":12864,"date":"2025-09-17T13:56:34","date_gmt":"2025-09-17T11:56:34","guid":{"rendered":"https:\/\/boreait.com\/hu\/?post_type=product&#038;p=12864"},"modified":"2025-09-17T13:58:05","modified_gmt":"2025-09-17T11:58:05","slug":"eredeti-dell-latitude-e5470-laptop-alkatreszek-beepitett-hangszoro-cn-0cgdgm","status":"publish","type":"product","link":"https:\/\/boreait.com\/hu\/termek\/eredeti-dell-latitude-e5470-laptop-alkatreszek-beepitett-hangszoro-cn-0cgdgm\/","title":{"rendered":"Eredeti Dell Latitude E5470 laptop alkatr\u00e9szek Be\u00e9p\u00edtett hangsz\u00f3r\u00f3 CN-0CGDGM"},"content":{"rendered":"<p data-start=\"620\" data-end=\"909\">Friss\u00edtse vagy \u00e1ll\u00edtsa vissza Dell Latitude E5470 hangmin\u0151s\u00e9g\u00e9t ezzel az <strong data-start=\"695\" data-end=\"743\">eredeti be\u00e9p\u00edtett laptop hangsz\u00f3r\u00f3val (CN-0CGDGM)<\/strong>. Ez a kifejezetten a Latitude E5470-hez tervezett eredeti Dell alkatr\u00e9sz megb\u00edzhat\u00f3 teljes\u00edtm\u00e9nyt, \u00e9les hangkimenetet \u00e9s m\u00f3dos\u00edt\u00e1s n\u00e9lk\u00fcli kompatibilit\u00e1st biztos\u00edt.<\/p>\n<p data-start=\"911\" data-end=\"1162\">Ez egy <strong data-start=\"922\" data-end=\"952\">autentikus Dell laptop alkatr\u00e9sz<\/strong>, nem egy \u00e1ltal\u00e1nos csere, ez\u00e9rt ide\u00e1lis, ha a jelenlegi hangsz\u00f3r\u00f3 s\u00e9r\u00fclt, torz, vagy m\u00e1r nem ad ki hangot. A list\u00e1n szerepl\u0151 \u00f6sszes fot\u00f3 <strong data-start=\"1105\" data-end=\"1120\">val\u00f3di k\u00e9pe<\/strong> a t\u00e9nyleges hangsz\u00f3r\u00f3r\u00f3l, amelyet kapni fog.<\/p>\n<p data-start=\"1164\" data-end=\"1364\">\u2714 <strong data-start=\"1166\" data-end=\"1176\">Modell:<\/strong> Dell Latitude E5470<br data-start=\"1196\" data-end=\"1199\" \/>\u2714 <strong>Par0 data-start=&#8221;1&#8243;-1. CN-0CGDGM<br data-start=\"1227\" data-end=\"1230\" \/>\u2714 <strong data-start=\"1232\" data-end=\"1241\">T\u00edpus:<\/strong> Bels\u0151 be\u00e9p\u00edtett laptop hangsz\u00f3r\u00f3<br data-start=\"1274\" data-end=\"1277\" \/79\" data-end=\"1277\" \/>9&#8243; data-end=&#8221;1293&#8243;>\u00c1llapot:<\/strong> Eredeti \/ Tesztelve m\u0171k\u00f6d\u0151<br data-start=\"1319\" data-end=\"1322\" \/>\u2714 <strong data-start=\"1324\" data-end=\"1335\">R\u00e9gi\u00f3:<\/strong> Vil\u00e1gszerte haszn\u00e1lhat\u00f3<\/p>\n<p data-start=\"1366\" data-end=\"1576\">A <strong data-start=\"1383\" data-end=\"1399\">laptop alkatr\u00e9szekre<\/strong> specializ\u00e1l\u00f3dtunk, \u00e9s eredeti cser\u00e9ket biztos\u00edtunk a tart\u00f3s teljes\u00edtm\u00e9ny \u00e9rdek\u00e9ben. Ha tov\u00e1bbi seg\u00edts\u00e9gre van sz\u00fcks\u00e9ge laptopja megfelel\u0151 alkatr\u00e9sz\u00e9nek kiv\u00e1laszt\u00e1s\u00e1hoz, forduljon hozz\u00e1nk k\u00f6zvetlen\u00fcl.<\/p>\n","protected":false},"excerpt":{"rendered":"<p>Eredeti Dell Latitude E5470 bels\u0151 be\u00e9p\u00edtett hangsz\u00f3r\u00f3 (CN-0CGDGM). T\u00f6k\u00e9letes csere laptop alkatr\u00e9sz a tiszta hangteljes\u00edtm\u00e9ny helyre\u00e1ll\u00edt\u00e1s\u00e1hoz.<\/p>\n","protected":false},"featured_media":12925,"template":"","meta":[],"product_brand":[],"product_cat":[18],"product_tag":[17],"class_list":{"0":"post-12864","1":"product","2":"type-product","3":"status-publish","4":"has-post-thumbnail","6":"product_cat-laptop-speakers","7":"product_tag-dell","9":"first","10":"instock","11":"taxable","12":"shipping-taxable","13":"purchasable","14":"product-type-simple"},"_links":{"self":[{"href":"https:\/\/boreait.com\/hu\/wp-json\/wp\/v2\/product\/12864","targetHints":{"allow":["GET"]}}],"collection":[{"href":"https:\/\/boreait.com\/hu\/wp-json\/wp\/v2\/product"}],"about":[{"href":"https:\/\/boreait.com\/hu\/wp-json\/wp\/v2\/types\/product"}],"wp:featuredmedia":[{"embeddable":true,"href":"https:\/\/boreait.com\/hu\/wp-json\/wp\/v2\/media\/12925"}],"wp:attachment":[{"href":"https:\/\/boreait.com\/hu\/wp-json\/wp\/v2\/media?parent=12864"}],"wp:term":[{"taxonomy":"product_brand","embeddable":true,"href":"https:\/\/boreait.com\/hu\/wp-json\/wp\/v2\/product_brand?post=12864"},{"taxonomy":"product_cat","embeddable":true,"href":"https:\/\/boreait.com\/hu\/wp-json\/wp\/v2\/product_cat?post=12864"},{"taxonomy":"product_tag","embeddable":true,"href":"https:\/\/boreait.com\/hu\/wp-json\/wp\/v2\/product_tag?post=12864"}],"curies":[{"name":"wp","href":"https:\/\/api.w.org\/{rel}","templated":true}]}}