{"id":12863,"date":"2025-09-17T13:56:33","date_gmt":"2025-09-17T11:56:33","guid":{"rendered":"https:\/\/boreait.com\/hu\/?post_type=product&#038;p=12863"},"modified":"2025-09-17T13:58:03","modified_gmt":"2025-09-17T11:58:03","slug":"dell-latitude-e5470-intelligens-kartyaolvaso-kabellel-8w72n-cn-08w72n-laptop-alkatreszek","status":"publish","type":"product","link":"https:\/\/boreait.com\/hu\/termek\/dell-latitude-e5470-intelligens-kartyaolvaso-kabellel-8w72n-cn-08w72n-laptop-alkatreszek\/","title":{"rendered":"Dell Latitude E5470 intelligens k\u00e1rtyaolvas\u00f3 k\u00e1bellel 8W72N CN-08W72N laptop alkatr\u00e9szek"},"content":{"rendered":"<p data-start=\"566\" data-end=\"837\">Friss\u00edtse vagy cser\u00e9lje ki hib\u00e1s intelligensk\u00e1rtya-olvas\u00f3j\u00e1t ezzel az <strong data-start=\"625\" data-end=\"710\">eredeti Dell Latitude E5470 intelligensk\u00e1rtya-olvas\u00f3val, k\u00e1bellel (8W72N \/ CN-08W72N)<\/strong>. Ez az eredeti <strong data-start=\"726\" data-end=\"741\">laptop alkatr\u00e9sz<\/strong> z\u00f6kken\u0151mentes kompatibilit\u00e1st \u00e9s megb\u00edzhat\u00f3 teljes\u00edtm\u00e9nyt biztos\u00edt Dell Latitude E5470 sorozat\u00e1val.<\/p>\n<p data-start=\"839\" data-end=\"861\"><strong data-start=\"839\" data-end=\"859\">Term\u00e9k r\u00e9szletei:<\/strong><\/p>\n<ul data-start=\"862\" data-end=\"1141\">\n<li data-start=\"862\" data-end=\"892\">\n<p data-start=\"864\" data-end=\"892\">Modell: Dell Latitude E5470<\/p>\n<\/li>\n<li data-start=\"893\" data-end=\"927\">\n<p data-start=\"895\" data-end=\"927\">Alkatr\u00e9szsz\u00e1m: 8W72N \/ CN-08W72N<\/p>\n<\/li>\n<li data-start=\"928\" data-end=\"966\">\n<p data-start=\"930\" data-end=\"966\">T\u00edpus: Intelligens k\u00e1rtyaolvas\u00f3 k\u00e1bellel<\/p>\n<\/li>\n<li data-start=\"967\" data-end=\"1020\">\n<p data-start=\"969\" data-end=\"1020\">\u00c1llapot: Eredeti, tesztelt \u00e9s teljesen m\u0171k\u00f6d\u0151k\u00e9pes<\/p>\n<\/li>\n<li data-start=\"1021\" data-end=\"1141\">\n<p data-start=\"1023\" data-end=\"1141\">Kompatibilit\u00e1s: Dell Latitude E5470-hez tervezve (lehet, hogy hasonl\u00f3 Latitude modellekhez illeszkedik, v\u00e1s\u00e1rl\u00e1s el\u0151tt ellen\u0151rizze a cikksz\u00e1mot)<\/p>\n<\/li>\n<\/ul>\n<p data-start=\"1143\" data-end=\"1398\"><strong data-start=\"1143\" data-end=\"1175\">Mi\u00e9rt v\u00e1lassza ezt a laptop-alkatr\u00e9szt?<\/strong><br data-start=\"1175\" data-end=\"1178\" \/>\u2714 100%-ban eredeti Dell adat \u2013 5=&#8221;12 adat \u2013 nem ut\u00e1ngy\u00e1rtott&#8221;2&#8243;2&#8243;-1. \/>\u2714 A s\u00e9r\u00fclt vagy hi\u00e1nyz\u00f3 intelligensk\u00e1rtya-olvas\u00f3k t\u00f6k\u00e9letes p\u00f3tl\u00e1sa<br data-start=\"1291\" data-end=\"1294\" \/>\u2714 Teljes\u00edtm\u00e9ny \u00e9s megb\u00edzhat\u00f3s\u00e1g teljes k\u00f6r\u0171en tesztelve<br data-start=\"1340\" data-end=\"1343\" \/>\u2714 A val\u00f3di k\u00e9peken l\u00e1that\u00f3 pontos k\u00e1bellel sz\u00e1ll\u00edtjuk.<\/p>\n<p data-start=\"1400\" data-end=\"1422\"><strong data-start=\"1400\" data-end=\"1420\">Fontos megjegyz\u00e9sek:<\/strong><\/p>\n<ul data-start=\"1423\" data-end=\"1602\">\n<li data-start=\"1423\" data-end=\"1516\">\n<p data-start=\"1425\" data-end=\"1516\">Nem tartalmaz telep\u00edt\u00e9si utas\u00edt\u00e1st. Ha \u00fatmutat\u00e1sra van sz\u00fcks\u00e9ge, b\u00e1tran \u00edrjon nek\u00fcnk.<\/p>\n<\/li>\n<li data-start=\"1517\" data-end=\"1602\">\n?<\/p>\n<\/li>\n<\/ul>\n<p data-start=\"1604\" data-end=\"1781\">Ez a Dell Latitude E5470 intelligensk\u00e1rtya-olvas\u00f3 t\u00f6k\u00e9letes v\u00e1laszt\u00e1s mindazok sz\u00e1m\u00e1ra, akik eredeti, megb\u00edzhat\u00f3 cserealkatr\u00e9szekkel szeretn\u00e9k vissza\u00e1ll\u00edtani laptopjuk teljes funkcionalit\u00e1s\u00e1t.<\/p>\n","protected":false},"excerpt":{"rendered":"<p>Eredeti Dell Latitude E5470 intelligensk\u00e1rtya-olvas\u00f3 k\u00e1bellel (8W72N CN-08W72N). 100%-ban tesztelt, eredeti laptop alkatr\u00e9sz \u2013 ide\u00e1lis cser\u00e9re vagy jav\u00edt\u00e1sra.<\/p>\n","protected":false},"featured_media":12924,"template":"","meta":[],"product_brand":[],"product_cat":[16],"product_tag":[17],"class_list":{"0":"post-12863","1":"product","2":"type-product","3":"status-publish","4":"has-post-thumbnail","6":"product_cat-laptop-housing","7":"product_tag-dell","9":"first","10":"instock","11":"taxable","12":"shipping-taxable","13":"purchasable","14":"product-type-simple"},"_links":{"self":[{"href":"https:\/\/boreait.com\/hu\/wp-json\/wp\/v2\/product\/12863","targetHints":{"allow":["GET"]}}],"collection":[{"href":"https:\/\/boreait.com\/hu\/wp-json\/wp\/v2\/product"}],"about":[{"href":"https:\/\/boreait.com\/hu\/wp-json\/wp\/v2\/types\/product"}],"wp:featuredmedia":[{"embeddable":true,"href":"https:\/\/boreait.com\/hu\/wp-json\/wp\/v2\/media\/12924"}],"wp:attachment":[{"href":"https:\/\/boreait.com\/hu\/wp-json\/wp\/v2\/media?parent=12863"}],"wp:term":[{"taxonomy":"product_brand","embeddable":true,"href":"https:\/\/boreait.com\/hu\/wp-json\/wp\/v2\/product_brand?post=12863"},{"taxonomy":"product_cat","embeddable":true,"href":"https:\/\/boreait.com\/hu\/wp-json\/wp\/v2\/product_cat?post=12863"},{"taxonomy":"product_tag","embeddable":true,"href":"https:\/\/boreait.com\/hu\/wp-json\/wp\/v2\/product_tag?post=12863"}],"curies":[{"name":"wp","href":"https:\/\/api.w.org\/{rel}","templated":true}]}}