{"id":1285,"date":"2025-09-17T09:58:00","date_gmt":"2025-09-17T07:58:00","guid":{"rendered":"https:\/\/boreait.com\/hu\/?post_type=product&#038;p=1285"},"modified":"2026-01-09T13:13:09","modified_gmt":"2026-01-09T12:13:09","slug":"hp-6735s-laptop-szamitogep-kamerakartya-001-67063l-b01","status":"publish","type":"product","link":"https:\/\/boreait.com\/hu\/termek\/hp-6735s-laptop-szamitogep-kamerakartya-001-67063l-b01\/","title":{"rendered":"HP 6735S laptop sz\u00e1m\u00edt\u00f3g\u00e9p kamerak\u00e1rtya 001-67063L-B01"},"content":{"rendered":"<p>A HP 6735S laptop sz\u00e1m\u00edt\u00f3g\u00e9p-kamerak\u00e1rtya (cikksz\u00e1m: 001-67063L-B01) a HP 6735S laptop alapvet\u0151 eleme, amely lehet\u0151v\u00e9 teszi videoh\u00edv\u00e1sok lebonyol\u00edt\u00e1s\u00e1t, k\u00e9pek k\u00e9sz\u00edt\u00e9s\u00e9t \u00e9s videokonferenci\u00e1kon val\u00f3 r\u00e9szv\u00e9telt. Ez az eredeti HP cserealkatr\u00e9sz z\u00f6kken\u0151mentes integr\u00e1ci\u00f3t biztos\u00edt laptopj\u00e1val, \u00e9s kiv\u00e1l\u00f3 min\u0151s\u00e9g\u0171 k\u00e9palkot\u00e1si k\u00e9pess\u00e9geket biztos\u00edt.<\/p>\n<p>Az integr\u00e1lt kamerak\u00e1rty\u00e1val kapcsolatban maradhat csal\u00e1dj\u00e1val \u00e9s bar\u00e1taival videoh\u00edv\u00e1sokon kereszt\u00fcl, vagy virtu\u00e1lis megbesz\u00e9l\u00e9seket folytathat koll\u00e9g\u00e1ival \u00e9s \u00fcgyfelekkel. Jav\u00edtja laptopja kommunik\u00e1ci\u00f3s funkci\u00f3it, lehet\u0151v\u00e9 t\u00e9ve a szemt\u0151l szembeni interakci\u00f3t \u00e9s el\u0151seg\u00edti a hat\u00e9kony egy\u00fcttm\u0171k\u00f6d\u00e9st.<\/p>\n<p>A kamerak\u00e1rtya \u00e9les \u00e9s tiszta k\u00e9peket biztos\u00edt, \u00edgy a videoh\u00edv\u00e1sok z\u00f6kken\u0151mentesek \u00e9s vonz\u00f3ak lesznek. Leny\u0171g\u00f6z\u0151 tisztas\u00e1ggal k\u00e9sz\u00edt f\u00e9nyk\u00e9peket \u00e9s vide\u00f3kat, \u00edgy \u00e9rt\u00e9kes eszk\u00f6z a k\u00fcl\u00f6nf\u00e9le alkalmaz\u00e1sokhoz, az alkalmi haszn\u00e1latt\u00f3l a professzion\u00e1lis c\u00e9lokig.<\/p>\n<p>Ezt a HP 6735S laptop sz\u00e1m\u00edt\u00f3g\u00e9pes kamerak\u00e1rty\u00e1t prec\u00edzen k\u00e9sz\u00edtett\u00e9k el, \u00e9s szigor\u00fa tesztel\u00e9snek vetik al\u00e1, hogy megfeleljen a HP min\u0151s\u00e9gi szabv\u00e1nyainak. Megfelel\u0151 telep\u00edt\u00e9s eset\u00e9n z\u00f6kken\u0151mentesen illeszkedik a laptop diz\u00e1jnj\u00e1ba, meg\u0151rzi a laptop eleg\u00e1ns megjelen\u00e9s\u00e9t, mik\u00f6zben praktikus funkcionalit\u00e1st biztos\u00edt.<\/p>\n<p>Friss\u00edtse HP 6735S laptopj\u00e1t ezzel az eredeti kamerak\u00e1rty\u00e1val, \u00e9s fedezze fel a videokommunik\u00e1ci\u00f3 \u00e9s a multim\u00e9di\u00e1s k\u00e9pess\u00e9gek k\u00e9nyelm\u00e9t. Maradjon kapcsolatban, m\u0171k\u00f6dj\u00f6n egy\u00fctt hat\u00e9konyan, \u00e9s k\u00f6nnyed\u00e9n r\u00f6gz\u00edtse eml\u00e9keit a HP 6735S laptop sz\u00e1m\u00edt\u00f3g\u00e9pes kamerak\u00e1rty\u00e1val (cikksz\u00e1m: 001-67063L-B01).<\/p>\n","protected":false},"excerpt":{"rendered":"<p>A HP 6735S laptop sz\u00e1m\u00edt\u00f3g\u00e9p-kamerak\u00e1rtya (cikksz\u00e1m: 001-67063L-B01) egy eredeti HP cserealkatr\u00e9sz, amelyet a HP 6735S laptophoz terveztek. Ezzel a kamerak\u00e1rty\u00e1val videoh\u00edv\u00e1sokat kezdem\u00e9nyezhet, f\u00e9nyk\u00e9peket k\u00e9sz\u00edthet \u00e9s videokonferencia-alkalmaz\u00e1sokat haszn\u00e1lhat, jav\u00edtva ezzel az \u00e1ltal\u00e1nos laptop \u00e9lm\u00e9nyt.<\/p>\n","protected":false},"featured_media":1348,"template":"","meta":[],"product_brand":[],"product_cat":[23],"product_tag":[25],"class_list":{"0":"post-1285","1":"product","2":"type-product","3":"status-publish","4":"has-post-thumbnail","6":"product_cat-laptop-camera","7":"product_tag-hp","9":"first","10":"instock","11":"taxable","12":"shipping-taxable","13":"purchasable","14":"product-type-simple"},"_links":{"self":[{"href":"https:\/\/boreait.com\/hu\/wp-json\/wp\/v2\/product\/1285","targetHints":{"allow":["GET"]}}],"collection":[{"href":"https:\/\/boreait.com\/hu\/wp-json\/wp\/v2\/product"}],"about":[{"href":"https:\/\/boreait.com\/hu\/wp-json\/wp\/v2\/types\/product"}],"wp:featuredmedia":[{"embeddable":true,"href":"https:\/\/boreait.com\/hu\/wp-json\/wp\/v2\/media\/1348"}],"wp:attachment":[{"href":"https:\/\/boreait.com\/hu\/wp-json\/wp\/v2\/media?parent=1285"}],"wp:term":[{"taxonomy":"product_brand","embeddable":true,"href":"https:\/\/boreait.com\/hu\/wp-json\/wp\/v2\/product_brand?post=1285"},{"taxonomy":"product_cat","embeddable":true,"href":"https:\/\/boreait.com\/hu\/wp-json\/wp\/v2\/product_cat?post=1285"},{"taxonomy":"product_tag","embeddable":true,"href":"https:\/\/boreait.com\/hu\/wp-json\/wp\/v2\/product_tag?post=1285"}],"curies":[{"name":"wp","href":"https:\/\/api.w.org\/{rel}","templated":true}]}}