{"id":12847,"date":"2025-09-17T13:56:08","date_gmt":"2025-09-17T11:56:08","guid":{"rendered":"https:\/\/boreait.com\/hu\/?post_type=product&#038;p=12847"},"modified":"2025-09-17T13:57:40","modified_gmt":"2025-09-17T11:57:40","slug":"lenovo-thinkpad-x280-a285-x390-x395-l13-billentyuzet","status":"publish","type":"product","link":"https:\/\/boreait.com\/hu\/termek\/lenovo-thinkpad-x280-a285-x390-x395-l13-billentyuzet\/","title":{"rendered":"Lenovo Thinkpad X280 A285 X390 X395 L13 billenty\u0171zet"},"content":{"rendered":"<p data-start=\"260\" data-end=\"638\">Friss\u00edtse vagy cser\u00e9lje ki hib\u00e1s billenty\u0171zet\u00e9t erre a <strong data-start=\"365\" data-end=\"398\">megb\u00edzhat\u00f3 cserebillenty\u0171zetre<\/strong>, amelyet kifejezetten a Lenovo ThinkPad sorozat\u00fa modellekhez terveztek. <strong data-start=\"456\" data-end=\"509,5\">E85, E,9,5 L580, L590 \u00e9s P52<\/strong>t. A tart\u00f3ss\u00e1gra \u00e9s pontoss\u00e1gra \u00e9p\u00edtett billenty\u0171zet t\u00f6k\u00e9letes illeszked\u00e9st \u00e9s sima g\u00e9pel\u00e9si \u00e9lm\u00e9nyt biztos\u00edt, ak\u00e1rcsak az eredeti.<\/p>\n<ul data-start=\"640\" data-end=\"1063\">\n<li data-start=\"640\" data-end=\"716\">\n<p data-start=\"642\" data-end=\"716\">\u2705 <strong data-start=\"644\" data-end=\"668\">Modell kompatibilit\u00e1s:<\/strong> E580, E585, E590, E595, T590, L580, L590, P52<\/p>\n<\/li>\n<li data-start=\"717\" data-end=\"791\">\n<p data-start=\"719\" data-end=\"791\">\u2705 <strong data-start=\"721\" data-end=\"744\">Kiv\u00e1l\u00f3 min\u0151s\u00e9g\u0171 fel\u00e9p\u00edt\u00e9s:<\/strong> Tart\u00f3s kulcsok kiv\u00e1l\u00f3 tapinthat\u00f3 visszajelz\u00e9ssel<\/p>\n<\/li>\n<li data-start=\"792\" data-end=\"871\">\n<p data-start=\"794\" data-end=\"871\">\u2705 <strong data-start=\"796\" data-end=\"813\">Pontos illeszked\u00e9s:<\/strong> z\u00f6kken\u0151mentes, m\u00f3dos\u00edt\u00e1s n\u00e9lk\u00fcli telep\u00edt\u00e9sre tervezve<\/p>\n<\/li>\n<li data-start=\"872\" data-end=\"949\">\n<p data-start=\"874\" data-end=\"949\">\u2705 <strong data-start=\"876\" data-end=\"900\">Val\u00f3di term\u00e9kfot\u00f3k:<\/strong> Amit l\u00e1tsz, azt kapod \u2013 nincsenek stock k\u00e9pek<\/p>\n<\/li>\n<li data-start=\"950\" data-end=\"1063\">\n<p data-start=\"952\" data-end=\"1063\">\u2705 <strong data-start=\"954\" data-end=\"978\">Jav\u00edt\u00e1shoz t\u00f6k\u00e9letes:<\/strong> Ide\u00e1lis megold\u00e1s, ha az eredeti billenty\u0171zet s\u00e9r\u00fclt, hi\u00e1nyoznak a billenty\u0171k vagy nem reag\u00e1l<\/p>\n<\/li>\n<\/ul>\n<p data-start=\"1065\" data-end=\"1210\">Ak\u00e1r jav\u00edt\u00f3 szakember, ak\u00e1r egyszer\u0171en saj\u00e1t laptopalkatr\u00e9sz\u00e9t cser\u00e9li, ez a billenty\u0171zet k\u00f6lts\u00e9ghat\u00e9kony \u00e9s megb\u00edzhat\u00f3 megold\u00e1st k\u00edn\u00e1l.<\/p>\n","protected":false},"excerpt":{"rendered":"<p>Megb\u00edzhat\u00f3 cserebillenty\u0171zet a Lenovo ThinkPad E580, E585, E590, E595, T590, L580, L590 \u00e9s P52 modellekhez. Kiv\u00e1l\u00f3 min\u0151s\u00e9g\u0171 laptop alkatr\u00e9sz prec\u00edz illeszked\u00e9ssel \u00e9s val\u00f3di term\u00e9kfot\u00f3kkal.<\/p>\n","protected":false},"featured_media":12907,"template":"","meta":[],"product_brand":[],"product_cat":[35],"product_tag":[26],"class_list":{"0":"post-12847","1":"product","2":"type-product","3":"status-publish","4":"has-post-thumbnail","6":"product_cat-laptop-keyboard","7":"product_tag-lenovo","9":"first","10":"instock","11":"taxable","12":"shipping-taxable","13":"purchasable","14":"product-type-simple"},"_links":{"self":[{"href":"https:\/\/boreait.com\/hu\/wp-json\/wp\/v2\/product\/12847","targetHints":{"allow":["GET"]}}],"collection":[{"href":"https:\/\/boreait.com\/hu\/wp-json\/wp\/v2\/product"}],"about":[{"href":"https:\/\/boreait.com\/hu\/wp-json\/wp\/v2\/types\/product"}],"wp:featuredmedia":[{"embeddable":true,"href":"https:\/\/boreait.com\/hu\/wp-json\/wp\/v2\/media\/12907"}],"wp:attachment":[{"href":"https:\/\/boreait.com\/hu\/wp-json\/wp\/v2\/media?parent=12847"}],"wp:term":[{"taxonomy":"product_brand","embeddable":true,"href":"https:\/\/boreait.com\/hu\/wp-json\/wp\/v2\/product_brand?post=12847"},{"taxonomy":"product_cat","embeddable":true,"href":"https:\/\/boreait.com\/hu\/wp-json\/wp\/v2\/product_cat?post=12847"},{"taxonomy":"product_tag","embeddable":true,"href":"https:\/\/boreait.com\/hu\/wp-json\/wp\/v2\/product_tag?post=12847"}],"curies":[{"name":"wp","href":"https:\/\/api.w.org\/{rel}","templated":true}]}}