{"id":12839,"date":"2025-09-17T13:55:46","date_gmt":"2025-09-17T11:55:46","guid":{"rendered":"https:\/\/boreait.com\/hu\/?post_type=product&#038;p=12839"},"modified":"2025-09-17T13:57:36","modified_gmt":"2025-09-17T11:57:36","slug":"eredeti-lenovo-thinkpad-l490-l480-also-tok-d-shell-ap1az000700-laptop-alkatreszek","status":"publish","type":"product","link":"https:\/\/boreait.com\/hu\/termek\/eredeti-lenovo-thinkpad-l490-l480-also-tok-d-shell-ap1az000700-laptop-alkatreszek\/","title":{"rendered":"Eredeti Lenovo ThinkPad L490 L480 als\u00f3 tok D Shell AP1AZ000700 laptop alkatr\u00e9szek"},"content":{"rendered":"<p data-start=\"584\" data-end=\"878\">Ez egy <strong data-start=\"595\" data-end=\"645\">eredeti Lenovo ThinkPad als\u00f3 tok (D shell)<\/strong>, amelyet az <strong data-start=\"663\" data-end=\"695\">L490 \u00e9s L480-as sorozatsz\u00e1m\u00fa <strong> data=&#8221;7-9&#8243; sorozatsz\u00e1m\u00fa laptopokhoz<\/strong> data-end=&#8221;724&#8243;>AP1AZ000700<\/strong>. Ha a jelenlegi als\u00f3 h\u00e1z megrepedt, megkarcol\u00f3dott vagy megs\u00e9r\u00fclt, ez a csere visszaadja a ThinkPad tart\u00f3ss\u00e1g\u00e1t \u00e9s professzion\u00e1lis megjelen\u00e9s\u00e9t.<\/p>\n<p data-start=\"880\" data-end=\"1094\">\u2714 <strong data-start=\"882\" data-end=\"903\">Kompatibilis modellek<\/strong>: Lenovo ThinkPad L490, L480 sorozat<br data-start=\"938\" data-end=\"941\" \/>\u2714 <strong data-start=\"882\" data-end=\"903\">\u2714 <strong data-start=\"882\" data-end=\"903\"> Sz\u00e1m<\/strong>: AP1AZ000700<br data-start=\"971\" data-end=\"974\" \/>\u2714 <strong data-start=\"976\" data-end=\"989\">\u00c1llapot<\/strong>: Eredeti, tesztelt, kiv\u00e1l\u00f3an m\u0171k\u00f6d\u0151 \u00e1llapotban<br data-start=\"1039\" data-end=\"1042\" \/4>\u2714start=&#8221;1042&#8243; data-end=&#8221;1056&#8243;>Kateg\u00f3ria<\/strong>: Laptop alkatr\u00e9szek \u2013 als\u00f3 h\u00e1zh\u00e1z<\/p>\n<p data-start=\"1096\" data-end=\"1265\">Ak\u00e1r eszk\u00f6z\u00e9t jav\u00edtja, ak\u00e1r egyszer\u0171en csak elhaszn\u00e1l\u00f3dott alkatr\u00e9szeket cser\u00e9l, ez az als\u00f3 tok megb\u00edzhat\u00f3 v\u00e1laszt\u00e1s, hogy laptopja v\u00e9dve \u00e9s m\u0171k\u00f6d\u0151k\u00e9pes maradjon.<\/p>\n<p data-start=\"1267\" data-end=\"1285\"><strong data-start=\"1267\" data-end=\"1283\">K\u00e9rj\u00fck, vegye figyelembe:<\/strong><\/p>\n<ul data-start=\"1286\" data-end=\"1556\">\n<li data-start=\"1286\" data-end=\"1370\">\n<p data-start=\"1288\" data-end=\"1370\">Ez a lista csak az als\u00f3 h\u00e1zat tartalmazza (kieg\u00e9sz\u00edt\u0151 csavarok vagy alkatr\u00e9szek n\u00e9lk\u00fcl).<\/p>\n<\/li>\n<li data-start=\"1371\" data-end=\"1490\">\n<p data-start=\"1373\" data-end=\"1490\">Telep\u00edt\u00e9si utas\u00edt\u00e1sokat nem adunk meg, de ha \u00fatmutat\u00e1sra van sz\u00fcks\u00e9ge, k\u00fcldj\u00f6n \u00fczenetet seg\u00edts\u00e9g\u00e9rt.<\/p>\n<\/li>\n<li data-start=\"1491\" data-end=\"1556\">\n<p data-start=\"1493\" data-end=\"1556\">Az \u00f6sszes megjelen\u00edtett fot\u00f3 a <strong data-start=\"1521\" data-end=\"1553\">t\u00e9nyleges t\u00e9telr\u0151l k\u00e9sz\u00fclt<\/strong>.<\/p>\n<\/li>\n<\/ul>\n<p data-start=\"1558\" data-end=\"1662\">A <strong data-start=\"1561\" data-end=\"1575\">Siggmo<\/strong>n\u00e1l kiv\u00e1l\u00f3 min\u0151s\u00e9g\u0171 <strong data-start=\"1607\" data-end=\"1623\">laptop-alkatr\u00e9szekre<\/strong> szakosodunk, amelyeket Eur\u00f3pa-szerte \u00e9s vil\u00e1gszerte sz\u00e1ll\u00edtanak.<\/p>\n","protected":false},"excerpt":{"rendered":"<p>Eredeti Lenovo ThinkPad L490 \/ L480 als\u00f3 tok (D shell) \u2013 cikksz\u00e1m: AP1AZ000700. T\u00f6k\u00e9letes csere a s\u00e9r\u00fclt vagy elhaszn\u00e1l\u00f3dott laptop burkolat\u00e1ra.<\/p>\n","protected":false},"featured_media":12906,"template":"","meta":[],"product_brand":[],"product_cat":[16],"product_tag":[26],"class_list":{"0":"post-12839","1":"product","2":"type-product","3":"status-publish","4":"has-post-thumbnail","6":"product_cat-laptop-housing","7":"product_tag-lenovo","9":"first","10":"instock","11":"taxable","12":"shipping-taxable","13":"purchasable","14":"product-type-simple"},"_links":{"self":[{"href":"https:\/\/boreait.com\/hu\/wp-json\/wp\/v2\/product\/12839","targetHints":{"allow":["GET"]}}],"collection":[{"href":"https:\/\/boreait.com\/hu\/wp-json\/wp\/v2\/product"}],"about":[{"href":"https:\/\/boreait.com\/hu\/wp-json\/wp\/v2\/types\/product"}],"wp:featuredmedia":[{"embeddable":true,"href":"https:\/\/boreait.com\/hu\/wp-json\/wp\/v2\/media\/12906"}],"wp:attachment":[{"href":"https:\/\/boreait.com\/hu\/wp-json\/wp\/v2\/media?parent=12839"}],"wp:term":[{"taxonomy":"product_brand","embeddable":true,"href":"https:\/\/boreait.com\/hu\/wp-json\/wp\/v2\/product_brand?post=12839"},{"taxonomy":"product_cat","embeddable":true,"href":"https:\/\/boreait.com\/hu\/wp-json\/wp\/v2\/product_cat?post=12839"},{"taxonomy":"product_tag","embeddable":true,"href":"https:\/\/boreait.com\/hu\/wp-json\/wp\/v2\/product_tag?post=12839"}],"curies":[{"name":"wp","href":"https:\/\/api.w.org\/{rel}","templated":true}]}}