{"id":12838,"date":"2025-09-17T13:55:46","date_gmt":"2025-09-17T11:55:46","guid":{"rendered":"https:\/\/boreait.com\/hu\/?post_type=product&#038;p=12838"},"modified":"2025-09-17T13:57:34","modified_gmt":"2025-09-17T11:57:34","slug":"thinkpad-x280-felso-csuklotamasz-burkolat-01yn057-am16p000600","status":"publish","type":"product","link":"https:\/\/boreait.com\/hu\/termek\/thinkpad-x280-felso-csuklotamasz-burkolat-01yn057-am16p000600\/","title":{"rendered":"ThinkPad X280 fels\u0151 csukl\u00f3t\u00e1masz burkolat 01YN057 AM16P000600"},"content":{"rendered":"<p data-start=\"690\" data-end=\"892\">Ez a <strong data-start=\"695\" data-end=\"745\">Lenovo ThinkPad X280 nagybet\u0171s csukl\u00f3t\u00e1masz bor\u00edt\u00f3<\/strong> (alkatr\u00e9szsz\u00e1mok: <strong data-start=\"761\" data-end=\"772\">01YN057 data-end=&#8221;772&#8243;>01YN057<\/strong>s \u00e9s <strong>7-7&#8243;> data-end=&#8221;792&#8243;>AM16P000600<\/strong>) egy eredeti cserealkatr\u00e9sz, amelyet arra terveztek, hogy vissza\u00e1ll\u00edtsa laptopja eredeti megjelen\u00e9s\u00e9t \u00e9s m\u0171k\u00f6d\u00e9s\u00e9t.<\/p>\n<p data-start=\"894\" data-end=\"1231\">Kifejezetten a <strong data-start=\"920\" data-end=\"944\">ThinkPad X280 sorozathoz<\/strong> k\u00e9sz\u00fclt csukl\u00f3t\u00e1masz er\u0151s \u00e9s k\u00e9nyelmes fel\u00fcletet biztos\u00edt a g\u00e9pel\u00e9shez, mik\u00f6zben v\u00e9di laptopja bels\u0151 alkatr\u00e9szeit. Ha a megl\u00e9v\u0151 csukl\u00f3t\u00e1masz megrepedt, megkarcol\u00f3dott vagy elhaszn\u00e1l\u00f3dott, akkor az eredeti Lenovo fels\u0151 tokkal val\u00f3 cser\u00e9je tart\u00f3ss\u00e1got \u00e9s felfriss\u00fclt megjelen\u00e9st biztos\u00edt.<\/p>\n<p data-start=\"1233\" data-end=\"1255\"><strong data-start=\"1233\" data-end=\"1253\">Term\u00e9k r\u00e9szletei:<\/strong><\/p>\n<ul data-start=\"1256\" data-end=\"1504\">\n<li data-start=\"1256\" data-end=\"1298\">\n<p data-start=\"1258\" data-end=\"1298\">Kompatibilis modell: Lenovo ThinkPad X280<\/p>\n<\/li>\n<li data-start=\"1299\" data-end=\"1338\">\n<p data-start=\"1301\" data-end=\"1338\">Alkatr\u00e9szsz\u00e1mok: 01YN057 \/ AM16P000600<\/p>\n<\/li>\n<li data-start=\"1339\" data-end=\"1376\">\n<p data-start=\"1341\" data-end=\"1376\">T\u00edpus: nagybet\u0171 \/ csukl\u00f3t\u00e1masz bor\u00edt\u00f3ja<\/p>\n<\/li>\n<li data-start=\"1377\" data-end=\"1435\">\n<p data-start=\"1379\" data-end=\"1435\">\u00c1llapot: Eredeti \u00e9s kiv\u00e1l\u00f3 m\u0171k\u00f6d\u00e9si \u00e1llapotban<\/p>\n<\/li>\n<li data-start=\"1436\" data-end=\"1504\">\n<p data-start=\"1438\" data-end=\"1504\">Haszn\u00e1lat: Ide\u00e1lis csere t\u00f6r\u00f6tt, s\u00e9r\u00fclt vagy hib\u00e1s csukl\u00f3t\u00e1masz eset\u00e9n<\/p>\n<\/li>\n<\/ul>\n<p data-start=\"1506\" data-end=\"1741\">\u2714\ufe0f T\u00f6k\u00e9letesen illeszkedik a ThinkPad X280 sorozathoz<br data-start=\"1545\" data-end=\"1548\" \/>\u2714\ufe0f Eredeti Lenovo alkatr\u00e9sz a megb\u00edzhat\u00f3 teljes\u00edtm\u00e9ny \u00e9rdek\u00e9ben<br data-start=\"1595\" data-end=\"159\" \/> pontosan azt kapod, amit kapsz l\u00e1sd<br data-start=\"1656\" data-end=\"1659\" \/>\u2714\ufe0f Alkalmas jav\u00edt\u00f3technikusok, viszontelad\u00f3k \u00e9s a bark\u00e1csol\u00f3 laptopjav\u00edt\u00e1s szerelmesei sz\u00e1m\u00e1ra<\/p>\n<blockquote data-start=\"1743\" data-end=\"1894\">\n<p data-start=\"1745\" data-end=\"1894\">\ud83d\udccc <strong data-start=\"1748\" data-end=\"1757\">Megjegyz\u00e9s:<\/strong> A telep\u00edt\u00e9si utas\u00edt\u00e1sokat nem tartalmazza. Ha seg\u00edts\u00e9gre van sz\u00fcks\u00e9ge a kompatibilit\u00e1s azonos\u00edt\u00e1s\u00e1hoz, vagy b\u00e1rmilyen k\u00e9rd\u00e9se van, \u00edrjon nek\u00fcnk \u00fczenetet.<\/p>\n<\/blockquote>\n<p data-start=\"1896\" data-end=\"2103\">Ez a csere csukl\u00f3t\u00e1masz a Siggmo-n\u00e1l kaphat\u00f3 <strong data-start=\"1951\" data-end=\"1967\">laptop alkatr\u00e9szeink<\/strong> sz\u00e9les v\u00e1laszt\u00e9k\u00e1nak r\u00e9sze. Ak\u00e1r k\u00e9perny\u0151re, billenty\u0171zetre, zsan\u00e9rra vagy burkolatra van sz\u00fcks\u00e9ge, min\u0151s\u00e9gi alkatr\u00e9szeket biztos\u00edtunk a Lenovo, a HP, a Dell \u00e9s egyebek sz\u00e1m\u00e1ra.<\/p>\n","protected":false},"excerpt":{"rendered":"<p>Cser\u00e9lje ki elhaszn\u00e1l\u00f3dott vagy s\u00e9r\u00fclt csukl\u00f3t\u00e1masz\u00e1t erre az eredeti Lenovo ThinkPad X280 fels\u0151h\u00e1zra (cikksz\u00e1m: 01YN057, AM16P000600). Ez a kiv\u00e1l\u00f3 min\u0151s\u00e9g\u0171 laptop-alkatr\u00e9sz visszaadja a tart\u00f3ss\u00e1got \u00e9s a k\u00e9nyelmet, biztos\u00edtva, hogy k\u00e9sz\u00fcl\u00e9ke \u00fajszer\u0171 megjelen\u00e9st \u00e9s \u00e9rzetet keltsen. Val\u00f3di term\u00e9kfot\u00f3k mell\u00e9kelve.<\/p>\n","protected":false},"featured_media":12904,"template":"","meta":[],"product_brand":[],"product_cat":[16],"product_tag":[26],"class_list":{"0":"post-12838","1":"product","2":"type-product","3":"status-publish","4":"has-post-thumbnail","6":"product_cat-laptop-housing","7":"product_tag-lenovo","9":"first","10":"instock","11":"taxable","12":"shipping-taxable","13":"purchasable","14":"product-type-simple"},"_links":{"self":[{"href":"https:\/\/boreait.com\/hu\/wp-json\/wp\/v2\/product\/12838","targetHints":{"allow":["GET"]}}],"collection":[{"href":"https:\/\/boreait.com\/hu\/wp-json\/wp\/v2\/product"}],"about":[{"href":"https:\/\/boreait.com\/hu\/wp-json\/wp\/v2\/types\/product"}],"wp:featuredmedia":[{"embeddable":true,"href":"https:\/\/boreait.com\/hu\/wp-json\/wp\/v2\/media\/12904"}],"wp:attachment":[{"href":"https:\/\/boreait.com\/hu\/wp-json\/wp\/v2\/media?parent=12838"}],"wp:term":[{"taxonomy":"product_brand","embeddable":true,"href":"https:\/\/boreait.com\/hu\/wp-json\/wp\/v2\/product_brand?post=12838"},{"taxonomy":"product_cat","embeddable":true,"href":"https:\/\/boreait.com\/hu\/wp-json\/wp\/v2\/product_cat?post=12838"},{"taxonomy":"product_tag","embeddable":true,"href":"https:\/\/boreait.com\/hu\/wp-json\/wp\/v2\/product_tag?post=12838"}],"curies":[{"name":"wp","href":"https:\/\/api.w.org\/{rel}","templated":true}]}}