{"id":1283,"date":"2025-09-17T09:57:59","date_gmt":"2025-09-17T07:57:59","guid":{"rendered":"https:\/\/boreait.com\/hu\/?post_type=product&#038;p=1283"},"modified":"2026-01-09T13:12:46","modified_gmt":"2026-01-09T12:12:46","slug":"708230-141-hp-webkamera-kamera-m6-serie","status":"publish","type":"product","link":"https:\/\/boreait.com\/hu\/termek\/708230-141-hp-webkamera-kamera-m6-serie\/","title":{"rendered":"708230-141 HP webkamera kamera M6-Serie"},"content":{"rendered":"<p>A 708230-141 HP webkamera kamera egy eredeti HP cserealkatr\u00e9sz, amelyet M6 sorozat\u00fa laptopokhoz terveztek. Ez a webkamera n\u00e9lk\u00fcl\u00f6zhetetlen eleme a z\u00f6kken\u0151mentes videokonferenci\u00e1knak, online tal\u00e1lkoz\u00f3knak, videocseveg\u00e9snek \u00e9s egy\u00e9b kommunik\u00e1ci\u00f3s c\u00e9loknak.<\/p>\n<p>A fejlett k\u00e9palkot\u00e1si technol\u00f3gi\u00e1val felszerelt HP webkamera-kamera krist\u00e1lytiszta vide\u00f3min\u0151s\u00e9get biztos\u00edt, lehet\u0151v\u00e9 t\u00e9ve, hogy m\u00e9g vonz\u00f3bb m\u00f3don maradjon kapcsolatban bar\u00e1taival, csal\u00e1dj\u00e1val, koll\u00e9g\u00e1ival \u00e9s \u00fcgyfeleivel. Be\u00e9p\u00edtett mikrofonja tiszta hangot r\u00f6gz\u00edt, \u00edgy hangosan \u00e9s tiszt\u00e1n hallhat\u00f3 a virtu\u00e1lis besz\u00e9lget\u00e9sek sor\u00e1n.<\/p>\n<p>A k\u00f6nnyen haszn\u00e1lhat\u00f3ra tervezett eredeti HP webkamera k\u00f6nnyed\u00e9n integr\u00e1lhat\u00f3 az M6-Serie laptophoz, \u00edgy plug-and-play funkci\u00f3t biztos\u00edt a probl\u00e9mamentes be\u00e1ll\u00edt\u00e1shoz. Kompatibilis a n\u00e9pszer\u0171 kommunik\u00e1ci\u00f3s alkalmaz\u00e1sokkal \u00e9s platformokkal, \u00edgy szem\u00e9lyes \u00e9s professzion\u00e1lis haszn\u00e1latra is ide\u00e1lis.<\/p>\n<p>A legmagasabb min\u0151s\u00e9gi \u00e9s teljes\u00edtm\u00e9nyi szabv\u00e1nyokat betartva a 708230-141 HP webkamera alapos tesztel\u00e9snek vetik al\u00e1 az optim\u00e1lis teljes\u00edtm\u00e9nyt, megb\u00edzhat\u00f3s\u00e1got \u00e9s hossz\u00fa \u00e9lettartamot. Eredeti HP term\u00e9kk\u00e9nt t\u00f6k\u00e9letes illeszked\u00e9st \u00e9s z\u00f6kken\u0151mentes integr\u00e1ci\u00f3t garant\u00e1l laptopj\u00e1val.<\/p>\n<p>Ak\u00e1r szeretteivel tart kapcsolatot, ak\u00e1r koll\u00e9g\u00e1kkal dolgozik, online \u00f3r\u00e1kon vesz r\u00e9szt, vagy virtu\u00e1lis megbesz\u00e9l\u00e9seket tart, a 708230-141 HP webkamera megb\u00edzhat\u00f3 \u00e9s k\u00e9nyelmes eszk\u00f6z a digit\u00e1lis kommunik\u00e1ci\u00f3s \u00e9lm\u00e9ny fokoz\u00e1s\u00e1ra M6-Serie laptopj\u00e1n. \u00c9lvezze az \u00e9les vide\u00f3t \u00e9s a tiszta hangot minden online interakci\u00f3hoz ezzel a kiv\u00e1l\u00f3 min\u0151s\u00e9g\u0171 webkamer\u00e1val.<\/p>\n","protected":false},"excerpt":{"rendered":"<p>A 708230-141 HP webkamera kamera egy eredeti HP cserealkatr\u00e9sz, amelyet az M6 sorozat\u00fa laptopokhoz terveztek. Ez a webkamera kiv\u00e1l\u00f3 min\u0151s\u00e9g\u0171 vide\u00f3t \u00e9s hangot biztos\u00edt videokonferenci\u00e1khoz, online tal\u00e1lkoz\u00f3khoz \u00e9s egy\u00e9b kommunik\u00e1ci\u00f3s ig\u00e9nyekhez.<\/p>\n","protected":false},"featured_media":1346,"template":"","meta":[],"product_brand":[],"product_cat":[23],"product_tag":[25],"class_list":{"0":"post-1283","1":"product","2":"type-product","3":"status-publish","4":"has-post-thumbnail","6":"product_cat-laptop-camera","7":"product_tag-hp","9":"first","10":"instock","11":"taxable","12":"shipping-taxable","13":"purchasable","14":"product-type-simple"},"_links":{"self":[{"href":"https:\/\/boreait.com\/hu\/wp-json\/wp\/v2\/product\/1283","targetHints":{"allow":["GET"]}}],"collection":[{"href":"https:\/\/boreait.com\/hu\/wp-json\/wp\/v2\/product"}],"about":[{"href":"https:\/\/boreait.com\/hu\/wp-json\/wp\/v2\/types\/product"}],"wp:featuredmedia":[{"embeddable":true,"href":"https:\/\/boreait.com\/hu\/wp-json\/wp\/v2\/media\/1346"}],"wp:attachment":[{"href":"https:\/\/boreait.com\/hu\/wp-json\/wp\/v2\/media?parent=1283"}],"wp:term":[{"taxonomy":"product_brand","embeddable":true,"href":"https:\/\/boreait.com\/hu\/wp-json\/wp\/v2\/product_brand?post=1283"},{"taxonomy":"product_cat","embeddable":true,"href":"https:\/\/boreait.com\/hu\/wp-json\/wp\/v2\/product_cat?post=1283"},{"taxonomy":"product_tag","embeddable":true,"href":"https:\/\/boreait.com\/hu\/wp-json\/wp\/v2\/product_tag?post=1283"}],"curies":[{"name":"wp","href":"https:\/\/api.w.org\/{rel}","templated":true}]}}