{"id":12824,"date":"2025-09-17T13:55:22","date_gmt":"2025-09-17T11:55:22","guid":{"rendered":"https:\/\/boreait.com\/hu\/?post_type=product&#038;p=12824"},"modified":"2025-09-17T13:57:17","modified_gmt":"2025-09-17T11:57:17","slug":"lenovo-l490-laptop-alkatreszek-ketsavos-vezetek-nelkuli-ac-9260ngw-wifi-kartya-1730mbps-bt-5-0","status":"publish","type":"product","link":"https:\/\/boreait.com\/hu\/termek\/lenovo-l490-laptop-alkatreszek-ketsavos-vezetek-nelkuli-ac-9260ngw-wifi-kartya-1730mbps-bt-5-0\/","title":{"rendered":"Lenovo L490 laptop alkatr\u00e9szek k\u00e9ts\u00e1vos vezet\u00e9k n\u00e9lk\u00fcli AC 9260NGW WiFi k\u00e1rtya 1730Mbps BT 5.0"},"content":{"rendered":"<p data-start=\"578\" data-end=\"778\">Megb\u00edzhat\u00f3 <strong data-start=\"599\" data-end=\"615\">laptop alkatr\u00e9szeket<\/strong> keres, hogy Lenovoja a lehet\u0151 legjobban m\u0171k\u00f6dj\u00f6n? Ezt az <strong data-start=\"662\" data-end=\"706\">Intel Dual Band Wireless-AC 9260NGW k\u00e1rty\u00e1t<\/strong> a Lenovo L490-hez tervezt\u00e9k, sebess\u00e9get \u00e9s stabilit\u00e1st egyar\u00e1nt biztos\u00edtva.<\/p>\n<p data-start=\"780\" data-end=\"1073\">A <strong data-start=\"797\" data-end=\"831\">k\u00e9ts\u00e1vos Wi-Fi (2,4 GHz \u00e9s 5 GHz) t\u00e1mogat\u00e1s\u00e1val<\/strong> \u00e9s a <strong data-start=\"849\" data-end=\"861\" data-end=\"861\">z\u00f6kken\u0151mentes<\/strong>17, rowing<\/strong> streaming \u00e9s f\u00e1jl\u00e1tvitel. Az integr\u00e1lt <strong data-start=\"944\" data-end=\"961\">Bluetooth 5.0<\/strong> er\u0151s, energiahat\u00e9kony kapcsolatot biztos\u00edt vezet\u00e9k n\u00e9lk\u00fcli tartoz\u00e9kokkal, p\u00e9ld\u00e1ul fejhallgat\u00f3kkal, billenty\u0171zetekkel \u00e9s egerekkel.<\/p>\n<p data-start=\"1075\" data-end=\"1097\">\ud83d\udd39 <strong data-start=\"1078\" data-end=\"1095\">F\u0151bb jellemz\u0151k:<\/strong><\/p>\n<ul data-start=\"1098\" data-end=\"1467\">\n<li data-start=\"1098\" data-end=\"1211\">\n<p data-start=\"1100\" data-end=\"1211\">Kompatibilis a <strong data-start=\"1116\" data-end=\"1131\">Lenovo L490<\/strong>vel (m\u0171k\u00f6dhet m\u00e1s NGFF\/M.2 slot laptopokkal is \u2013 ellen\u0151rizze a kompatibilit\u00e1st)<\/p>\n<\/li>\n<li data-start=\"1212\" data-end=\"1287\">\n<p data-start=\"1214\" data-end=\"1287\"><strong data-start=\"1214\" data-end=\"1234\">Intel AC 9260NGW<\/strong> lapkak\u00e9szlet a nagy teljes\u00edtm\u00e9ny\u0171 vezet\u00e9k n\u00e9lk\u00fcli kapcsolathoz<\/p>\n<\/li>\n<li data-start=\"1288\" data-end=\"1357\">\n<p data-start=\"1290\" data-end=\"1357\"><strong data-start=\"1290\" data-end=\"1308\">K\u00e9ts\u00e1vos WiFi<\/strong> (2,4 GHz \u00e9s 5 GHz) ak\u00e1r <strong data-start=\"1343\" data-end=\"1355\" data-end=\"1355\" data-end=\"1355\"\">1730\/p><\/strong><bps><\/p>\n<\/li>\n<li data-start=\"1358\" data-end=\"1423\">\n<p data-start=\"1360\" data-end=\"1423\"><strong data-start=\"1360\" data-end=\"1377\">Bluetooth 5.0<\/strong> a stabil kapcsolatok\u00e9rt alacsony fogyaszt\u00e1s mellett<\/p>\n<\/li>\n<li data-start=\"1424\" data-end=\"1467\">\n<p data-start=\"1426\" data-end=\"1467\">T\u00f6m\u00f6r <strong data-start=\"1434\" data-end=\"1453\">NGFF (M.2 2230)<\/strong> form\u00e1tum<\/p>\n<\/li>\n<\/ul>\n<p data-start=\"1469\" data-end=\"1714\">\ud83d\udce6 <strong data-start=\"1472\" data-end=\"1486\">\u00c1llapot:<\/strong> Eredeti haszn\u00e1lt alkatr\u00e9sz, teljesen tesztelt \u00e9s m\u0171k\u00f6d\u0151k\u00e9pes.<br data-start=\"1531\" data-end=\"1534\" \/>\ud83d\uddbc=&#8221;1 data-start=&#8221;8 data-end=&#8221;1549&#8243;>Fot\u00f3k:<\/strong> Az \u00f6sszes k\u00e9p a t\u00e9nylegesen megkapott t\u00e9telr\u0151l k\u00e9sz\u00fclt.<br data-start=\"1599\" data-end=\"1602\" \/>\ud83d\udcac <strong data-start=\"1605\" data-end=\"1617\">T\u00e1mogat\u00e1s:<\/strong> A cser\u00e9re vonatkoz\u00f3 utas\u00edt\u00e1sokat nem adjuk meg, de ha b\u00e1rmikor seg\u00edts\u00e9gre van sz\u00fcks\u00e9ge,<\/p>\n<p> forduljon hozz\u00e1nk.<\/p>\n<p data-start=\"1716\" data-end=\"1876\">Ak\u00e1r jav\u00edt\u00e1st vagy friss\u00edt\u00e9st v\u00e9gez, ez a <strong data-start=\"1760\" data-end=\"1797\">Lenovo L490 WiFi &amp; A Bluetooth k\u00e1rtya<\/strong> a t\u00f6k\u00e9letes v\u00e1laszt\u00e1s laptopja gyors \u00e9s megb\u00edzhat\u00f3 kapcsolat\u00e1nak helyre\u00e1ll\u00edt\u00e1s\u00e1hoz.<\/p>\n","protected":false},"excerpt":{"rendered":"<p>Friss\u00edtse Lenovo L490 k\u00e9sz\u00fcl\u00e9k\u00e9t az Intel Wireless-AC 9260NGW k\u00e1rty\u00e1val. \u00c9lvezze az ultragyors, 1730 Mbps-os k\u00e9ts\u00e1vos WiFi-t \u00e9s a stabil Bluetooth 5.0-s kapcsolatot a z\u00f6kken\u0151mentes teljes\u00edtm\u00e9ny \u00e9rdek\u00e9ben.<\/p>\n","protected":false},"featured_media":12891,"template":"","meta":[],"product_brand":[],"product_cat":[27],"product_tag":[26],"class_list":{"0":"post-12824","1":"product","2":"type-product","3":"status-publish","4":"has-post-thumbnail","6":"product_cat-motherboards-board-parts","7":"product_tag-lenovo","9":"first","10":"instock","11":"taxable","12":"shipping-taxable","13":"purchasable","14":"product-type-simple"},"_links":{"self":[{"href":"https:\/\/boreait.com\/hu\/wp-json\/wp\/v2\/product\/12824","targetHints":{"allow":["GET"]}}],"collection":[{"href":"https:\/\/boreait.com\/hu\/wp-json\/wp\/v2\/product"}],"about":[{"href":"https:\/\/boreait.com\/hu\/wp-json\/wp\/v2\/types\/product"}],"wp:featuredmedia":[{"embeddable":true,"href":"https:\/\/boreait.com\/hu\/wp-json\/wp\/v2\/media\/12891"}],"wp:attachment":[{"href":"https:\/\/boreait.com\/hu\/wp-json\/wp\/v2\/media?parent=12824"}],"wp:term":[{"taxonomy":"product_brand","embeddable":true,"href":"https:\/\/boreait.com\/hu\/wp-json\/wp\/v2\/product_brand?post=12824"},{"taxonomy":"product_cat","embeddable":true,"href":"https:\/\/boreait.com\/hu\/wp-json\/wp\/v2\/product_cat?post=12824"},{"taxonomy":"product_tag","embeddable":true,"href":"https:\/\/boreait.com\/hu\/wp-json\/wp\/v2\/product_tag?post=12824"}],"curies":[{"name":"wp","href":"https:\/\/api.w.org\/{rel}","templated":true}]}}