{"id":12820,"date":"2025-09-17T13:55:22","date_gmt":"2025-09-17T11:55:22","guid":{"rendered":"https:\/\/boreait.com\/hu\/?post_type=product&#038;p=12820"},"modified":"2025-09-17T13:57:03","modified_gmt":"2025-09-17T11:57:03","slug":"lenovo-l490-laptop-hangszorok-eredeti-csere-belso-hangalkatreszek","status":"publish","type":"product","link":"https:\/\/boreait.com\/hu\/termek\/lenovo-l490-laptop-hangszorok-eredeti-csere-belso-hangalkatreszek\/","title":{"rendered":"Lenovo L490 laptop hangsz\u00f3r\u00f3k | Eredeti csere bels\u0151 hangalkatr\u00e9szek"},"content":{"rendered":"<p data-start=\"493\" data-end=\"807\">Friss\u00edtse vagy \u00e1ll\u00edtsa vissza laptopja hangj\u00e1t ezekkel az <strong data-start=\"543\" data-end=\"582\">eredeti Lenovo L490 laptop hangsz\u00f3r\u00f3kkal<\/strong>. A kifejezetten a Lenovo ThinkPad L490 modellhez tervezett bels\u0151 hangsz\u00f3r\u00f3k tiszta \u00e9s kiegyens\u00falyozott hangkimenetet biztos\u00edtanak a mindennapi haszn\u00e1latra, ak\u00e1r filmeket n\u00e9z, ak\u00e1r online tal\u00e1lkoz\u00f3kon vesz r\u00e9szt, vagy zen\u00e9t hallgat.<\/p>\n<p data-start=\"809\" data-end=\"834\">\ud83d\udd39 <strong data-start=\"812\" data-end=\"832\">Term\u00e9k r\u00e9szletei:<\/strong><\/p>\n<ul data-start=\"835\" data-end=\"1124\">\n<li data-start=\"835\" data-end=\"880\">\n<p data-start=\"837\" data-end=\"880\">Modell kompatibilit\u00e1s: Lenovo ThinkPad L490<\/p>\n<\/li>\n<li data-start=\"881\" data-end=\"933\">\n<p data-start=\"883\" data-end=\"933\">Alkatr\u00e9sz t\u00edpusa: Bels\u0151 Bal &amp; Jobb oldali laptop hangsz\u00f3r\u00f3k<\/p>\n<\/li>\n<li data-start=\"934\" data-end=\"1007\">\n<p data-start=\"936\" data-end=\"1007\">\u00c1llapot: Eredeti, teljesen tesztelt, kiv\u00e1l\u00f3 m\u0171k\u00f6d\u00e9si \u00e1llapotban<\/p>\n<\/li>\n<li data-start=\"1008\" data-end=\"1071\">\n<p data-start=\"1010\" data-end=\"1071\">Ide\u00e1lis a hib\u00e1s, s\u00e9r\u00fclt vagy alacsony hanger\u0151ss\u00e9g\u0171 hangsz\u00f3r\u00f3k cser\u00e9j\u00e9hez<\/p>\n<\/li>\n<li data-start=\"1072\" data-end=\"1124\">\n<p data-start=\"1074\" data-end=\"1124\">Autentikus Lenovo alkatr\u00e9szek \u2013 nem \u00e1ltal\u00e1nos helyettes\u00edt\u0151k<\/p>\n<\/li>\n<\/ul>\n<p data-start=\"1126\" data-end=\"1302\">\u2705 Az \u00f6sszes term\u00e9kfot\u00f3 <strong data-start=\"1151\" data-end=\"1205\">val\u00f3di k\u00e9pe a pontos hangsz\u00f3r\u00f3kr\u00f3l, amelyeket kapni fog<\/strong>.<br data-start=\"1206\" data-end=\"1209\" \/>\u2705 Ha seg\u00edts\u00e9gre van sz\u00fcks\u00e9ge, k\u00e9rj\u00fck, k\u00e9rjen seg\u00edts\u00e9get.<\/p>\n<p data-start=\"1304\" data-end=\"1574\">Ezek a laptop-hangsz\u00f3r\u00f3k a <strong data-start=\"1356\" data-end=\"1385\">kiv\u00e1l\u00f3 min\u0151s\u00e9g\u0171 laptop-alkatr\u00e9szeink<\/strong> sz\u00e9les v\u00e1laszt\u00e9k\u00e1nak r\u00e9sz\u00e9t k\u00e9pezik, amelyeket a tart\u00f3ss\u00e1g \u00e9s a teljes\u00edtm\u00e9ny biztos\u00edt\u00e1sa \u00e9rdek\u00e9ben szerezt\u00fcnk be \u00e9s tesztelt\u00fcnk. Ak\u00e1r szem\u00e9lyes haszn\u00e1latra, ak\u00e1r egy jav\u00edt\u00f3m\u0171helyt \u00fczemeltet laptopot, ezek a Lenovo L490 hangsz\u00f3r\u00f3k megb\u00edzhat\u00f3 v\u00e1laszt\u00e1st jelentenek.<\/p>\n","protected":false},"excerpt":{"rendered":"<p>Eredeti Lenovo L490 laptop hangsz\u00f3r\u00f3k. T\u00f6k\u00e9letes csere a hib\u00e1s vagy s\u00e9r\u00fclt bels\u0151 hangsz\u00f3r\u00f3khoz. Tesztelt, megb\u00edzhat\u00f3 \u00e9s k\u00e9szen \u00e1ll arra, hogy \u00fajra \u00e9letre keltse a laptop hangj\u00e1t.<\/p>\n","protected":false},"featured_media":12885,"template":"","meta":[],"product_brand":[],"product_cat":[18],"product_tag":[26],"class_list":{"0":"post-12820","1":"product","2":"type-product","3":"status-publish","4":"has-post-thumbnail","6":"product_cat-laptop-speakers","7":"product_tag-lenovo","9":"first","10":"instock","11":"taxable","12":"shipping-taxable","13":"purchasable","14":"product-type-simple"},"_links":{"self":[{"href":"https:\/\/boreait.com\/hu\/wp-json\/wp\/v2\/product\/12820","targetHints":{"allow":["GET"]}}],"collection":[{"href":"https:\/\/boreait.com\/hu\/wp-json\/wp\/v2\/product"}],"about":[{"href":"https:\/\/boreait.com\/hu\/wp-json\/wp\/v2\/types\/product"}],"wp:featuredmedia":[{"embeddable":true,"href":"https:\/\/boreait.com\/hu\/wp-json\/wp\/v2\/media\/12885"}],"wp:attachment":[{"href":"https:\/\/boreait.com\/hu\/wp-json\/wp\/v2\/media?parent=12820"}],"wp:term":[{"taxonomy":"product_brand","embeddable":true,"href":"https:\/\/boreait.com\/hu\/wp-json\/wp\/v2\/product_brand?post=12820"},{"taxonomy":"product_cat","embeddable":true,"href":"https:\/\/boreait.com\/hu\/wp-json\/wp\/v2\/product_cat?post=12820"},{"taxonomy":"product_tag","embeddable":true,"href":"https:\/\/boreait.com\/hu\/wp-json\/wp\/v2\/product_tag?post=12820"}],"curies":[{"name":"wp","href":"https:\/\/api.w.org\/{rel}","templated":true}]}}