{"id":1282,"date":"2025-09-17T09:57:59","date_gmt":"2025-09-17T07:57:59","guid":{"rendered":"https:\/\/boreait.com\/hu\/?post_type=product&#038;p=1282"},"modified":"2026-01-09T13:12:26","modified_gmt":"2026-01-09T12:12:26","slug":"ls-9934p-eredeti-dell-led-kartya-latitude-e6440-p38g","status":"publish","type":"product","link":"https:\/\/boreait.com\/hu\/termek\/ls-9934p-eredeti-dell-led-kartya-latitude-e6440-p38g\/","title":{"rendered":"LS-9934P EREDETI DELL LED k\u00e1rtya LATITUDE E6440 P38G"},"content":{"rendered":"<p>Az LS-9934P Eredeti Dell LED t\u00e1bla egy eredeti Dell cserealkatr\u00e9sz, amelyet kifejezetten a Dell Latitude E6440 laptopmodellhez (P38G) terveztek. Ez a LED-k\u00e1rtya felel\u0151s a l\u00e1mp\u00e1k \u00e9s jelz\u0151f\u00e9nyek kijelz\u00e9s\u00e9nek vez\u00e9rl\u00e9s\u00e9\u00e9rt a laptopon, biztos\u00edtva a k\u00e9perny\u0151n megjelen\u0151 \u00e9rtes\u00edt\u00e9sek megfelel\u0151 m\u0171k\u00f6d\u00e9s\u00e9t.<\/p>\n<p>A LED t\u00e1bla d\u00f6nt\u0151 szerepet j\u00e1tszik a felhaszn\u00e1l\u00f3 vizu\u00e1lis visszajelz\u00e9s\u00e9ben. Vez\u00e9rli a LED-jelz\u0151ket, amelyek a k\u00fcl\u00f6nf\u00e9le rendszerfunkci\u00f3k \u00e1llapot\u00e1t mutatj\u00e1k, mint p\u00e9ld\u00e1ul a t\u00e1pell\u00e1t\u00e1s, az akkumul\u00e1tor, a Wi-Fi \u00e9s m\u00e1sok. M\u0171k\u00f6d\u0151k\u00e9pes LED-k\u00e1rtya n\u00e9lk\u00fcl neh\u00e9z lehet a fontos rendszerinform\u00e1ci\u00f3kat egy pillant\u00e1ssal figyelni.<\/p>\n<p>Ez az eredeti Dell LED t\u00e1bla ugyanolyan magas sz\u00ednvonalon k\u00e9sz\u00fclt, mint a laptopj\u00e1ba telep\u00edtett eredeti berendez\u00e9s. Szigor\u00fa tesztel\u00e9snek vetik al\u00e1 a kompatibilit\u00e1st \u00e9s a megb\u00edzhat\u00f3s\u00e1got, \u00edgy megb\u00edzhat\u00f3an helyettes\u00edtheti a hib\u00e1s vagy s\u00e9r\u00fclt LED-k\u00e1rty\u00e1kat.<\/p>\n<p>Ennek az eredeti Dell-alkatr\u00e9sznek a telep\u00edt\u00e9se helyre\u00e1ll\u00edtja a Dell Latitude E6440 laptop LED-jelz\u0151inek teljes funkcionalit\u00e1s\u00e1t, \u00edgy k\u00f6nnyed\u00e9n nyomon k\u00f6vetheti a kritikus rendszerinform\u00e1ci\u00f3kat. Legyen sz\u00f3 professzion\u00e1lis felhaszn\u00e1l\u00f3r\u00f3l, di\u00e1kr\u00f3l vagy alkalmi sz\u00e1m\u00edt\u00f3g\u00e9p-felhaszn\u00e1l\u00f3r\u00f3l, a megb\u00edzhat\u00f3 LED-k\u00e1rtya elengedhetetlen a z\u00f6kken\u0151mentes sz\u00e1m\u00edt\u00e1stechnikai \u00e9lm\u00e9nyhez.<\/p>\n<p>A Dell Latitude E6440 laptop LED-kijelz\u0151vel kapcsolatos probl\u00e9m\u00e1inak gyors \u00e9s hat\u00e9kony megold\u00e1s\u00e1hoz az LS-9934P Eredeti Dell LED-k\u00e1rtya a t\u00f6k\u00e9letes v\u00e1laszt\u00e1s. Ezzel a kiv\u00e1l\u00f3 min\u0151s\u00e9g\u0171 cserealkatr\u00e9szrel \u00e1ll\u00edtsa vissza laptopja LED-funkci\u00f3it, \u00e9s \u00e9lvezze a zavartalan hozz\u00e1f\u00e9r\u00e9st az alapvet\u0151 rendszer\u00e1llapot-\u00e9rtes\u00edt\u00e9sekhez.<\/p>\n","protected":false},"excerpt":{"rendered":"<p>#VALUE!<\/p>\n","protected":false},"featured_media":1345,"template":"","meta":[],"product_brand":[],"product_cat":[27],"product_tag":[17],"class_list":{"0":"post-1282","1":"product","2":"type-product","3":"status-publish","4":"has-post-thumbnail","6":"product_cat-motherboards-board-parts","7":"product_tag-dell","9":"first","10":"instock","11":"taxable","12":"shipping-taxable","13":"purchasable","14":"product-type-simple"},"_links":{"self":[{"href":"https:\/\/boreait.com\/hu\/wp-json\/wp\/v2\/product\/1282","targetHints":{"allow":["GET"]}}],"collection":[{"href":"https:\/\/boreait.com\/hu\/wp-json\/wp\/v2\/product"}],"about":[{"href":"https:\/\/boreait.com\/hu\/wp-json\/wp\/v2\/types\/product"}],"wp:featuredmedia":[{"embeddable":true,"href":"https:\/\/boreait.com\/hu\/wp-json\/wp\/v2\/media\/1345"}],"wp:attachment":[{"href":"https:\/\/boreait.com\/hu\/wp-json\/wp\/v2\/media?parent=1282"}],"wp:term":[{"taxonomy":"product_brand","embeddable":true,"href":"https:\/\/boreait.com\/hu\/wp-json\/wp\/v2\/product_brand?post=1282"},{"taxonomy":"product_cat","embeddable":true,"href":"https:\/\/boreait.com\/hu\/wp-json\/wp\/v2\/product_cat?post=1282"},{"taxonomy":"product_tag","embeddable":true,"href":"https:\/\/boreait.com\/hu\/wp-json\/wp\/v2\/product_tag?post=1282"}],"curies":[{"name":"wp","href":"https:\/\/api.w.org\/{rel}","templated":true}]}}