{"id":12808,"date":"2025-09-17T13:54:58","date_gmt":"2025-09-17T11:54:58","guid":{"rendered":"https:\/\/boreait.com\/hu\/?post_type=product&#038;p=12808"},"modified":"2025-09-17T13:56:50","modified_gmt":"2025-09-17T11:56:50","slug":"lenovo-thinkpad-l480-l490-laptop-cpu-huto-hutoborda-ventilator-02dm005-02dm006","status":"publish","type":"product","link":"https:\/\/boreait.com\/hu\/termek\/lenovo-thinkpad-l480-l490-laptop-cpu-huto-hutoborda-ventilator-02dm005-02dm006\/","title":{"rendered":"Lenovo ThinkPad L480 L490 Laptop CPU h\u0171t\u0151 h\u0171t\u0151borda ventil\u00e1tor 02DM005 02DM006"},"content":{"rendered":"<p data-start=\"722\" data-end=\"1008\">Tartsa hat\u00e9konyan Lenovo ThinkPadj\u00e9t ezzel az eredeti <strong data-start=\"786\" data-end=\"853\">Lenovo ThinkPad L480 \/ L490 laptop processzorh\u0171t\u0151 ventil\u00e1torral<\/strong>. Az elhaszn\u00e1l\u00f3dott vagy hib\u00e1s h\u0171t\u0151rendszerek cser\u00e9j\u00e9re tervezett r\u00e9sz megfelel\u0151 h\u0151elvezet\u00e9st biztos\u00edt, \u00e9s seg\u00edt megv\u00e9deni a laptop CPU-j\u00e1t a t\u00falmeleged\u00e9st\u0151l.<\/p>\n<p data-start=\"1010\" data-end=\"1187\">\ud83d\udd27 <strong data-start=\"1013\" data-end=\"1045\">Kompatibilit\u00e1s \u00e9s amp; Cikksz\u00e1mok<\/strong><br data-start=\"1045\" data-end=\"1048\" \/>Ez a h\u0171t\u0151ventil\u00e1tor \u00e9s h\u0171t\u0151borda szerelv\u00e9ny teljes m\u00e9rt\u00e9kben kompatibilis a Lenovo ThinkPad L480 \u00e9s L490 modellekkel. A t\u00e1mogatott FRU\/alkatr\u00e9szsz\u00e1mok a k\u00f6vetkez\u0151k:<\/p>\n<ul data-start=\"1188\" data-end=\"1275\">\n<li data-start=\"1188\" data-end=\"1199\">\n<p data-start=\"1190\" data-end=\"1199\">02DM005<\/p>\n<\/li>\n<li data-start=\"1200\" data-end=\"1211\">\n<p data-start=\"1202\" data-end=\"1211\">02DM006<\/p>\n<\/li>\n<li data-start=\"1212\" data-end=\"1223\">\n<p data-start=\"1214\" data-end=\"1223\">02DM007<\/p>\n<\/li>\n<li data-start=\"1224\" data-end=\"1239\">\n<p data-start=\"1226\" data-end=\"1239\">AT1AZ002DT0<\/p>\n<\/li>\n<li data-start=\"1240\" data-end=\"1251\">\n<p data-start=\"1242\" data-end=\"1251\">01LW143<\/p>\n<\/li>\n<li data-start=\"1252\" data-end=\"1263\">\n<p data-start=\"1254\" data-end=\"1263\">01LW144<\/p>\n<\/li>\n<li data-start=\"1264\" data-end=\"1275\">\n<p data-start=\"1266\" data-end=\"1275\">01LW145<\/p>\n<\/li>\n<\/ul>\n<p data-start=\"1277\" data-end=\"1314\">\ud83d\udee0 <strong data-start=\"1280\" data-end=\"1312\">Mi\u00e9rt v\u00e1lassza ezt a cser\u00e9t?<\/strong><\/p>\n<ul data-start=\"1315\" data-end=\"1542\">\n<li data-start=\"1315\" data-end=\"1350\">\n<p data-start=\"1317\" data-end=\"1350\">100%-ban eredeti Lenovo laptop alkatr\u00e9sz<\/p>\n<\/li>\n<li data-start=\"1351\" data-end=\"1416\">\n<p data-start=\"1353\" data-end=\"1416\">Stabil rendszerteljes\u00edtm\u00e9ny fenntart\u00e1sa a t\u00falmeleged\u00e9s megakad\u00e1lyoz\u00e1s\u00e1val<\/p>\n<\/li>\n<li data-start=\"1417\" data-end=\"1480\">\n<p data-start=\"1419\" data-end=\"1480\">Ide\u00e1lis a ThinkPad maxim\u00e1lis m\u0171k\u00f6d\u00e9si \u00e1llapot\u00e1nak helyre\u00e1ll\u00edt\u00e1s\u00e1hoz<\/p>\n<\/li>\n<li data-start=\"1481\" data-end=\"1542\">\n<p data-start=\"1483\" data-end=\"1542\">Val\u00f3di term\u00e9kfot\u00f3k \u2013 pontosan azt kapod, amit l\u00e1tsz<\/p>\n<\/li>\n<\/ul>\n<p data-start=\"1544\" data-end=\"1763\">\ud83d\udce6 <strong data-start=\"1547\" data-end=\"1563\">K\u00e9rj\u00fck, vegye figyelembe:<\/strong><br data-start=\"1563\" data-end=\"1566\" \/>Ez a t\u00e9tel cserek\u00e9nt kaphat\u00f3 <strong data-start=\"16.1.1\"<\/strong> data-start=&#8221;16.top1&#8243; part2=&#8221;16. Nem tartalmaz l\u00e9p\u00e9senk\u00e9nti telep\u00edt\u00e9si utas\u00edt\u00e1sokat, de ha seg\u00edts\u00e9gre van sz\u00fcks\u00e9ge vagy k\u00e9rd\u00e9se van, forduljon hozz\u00e1nk b\u00e1rmikor.<\/p>\n<p data-start=\"1765\" data-end=\"1945\">\u2705 Ak\u00e1r saj\u00e1t laptopj\u00e1t jav\u00edtja, ak\u00e1r \u00fczleti c\u00e9l\u00fa informatikai berendez\u00e9seket kezel, ez a Lenovo ventil\u00e1toros CPU-h\u0171t\u0151 megb\u00edzhat\u00f3 megold\u00e1st jelent a ThinkPad \u00e9lettartam\u00e1nak meghosszabb\u00edt\u00e1s\u00e1ra.<\/p>\n","protected":false},"excerpt":{"rendered":"<p>Eredeti Lenovo ThinkPad L480\/L490 laptop CPU h\u0171t\u0151 h\u0171t\u0151borda ventil\u00e1torral. Kompatibilis a 02DM005, 02DM006, 02DM007, AT1AZ002DT0, 01LW143, 01LW144 \u00e9s 01LW145 cikksz\u00e1mokkal. T\u00f6k\u00e9letes csere laptop alkatr\u00e9sz a rendszer h\u0171t\u00e9s\u00e9hez \u00e9s z\u00f6kken\u0151mentes m\u0171k\u00f6d\u00e9s\u00e9hez.<\/p>\n","protected":false},"featured_media":12874,"template":"","meta":[],"product_brand":[],"product_cat":[33],"product_tag":[26],"class_list":{"0":"post-12808","1":"product","2":"type-product","3":"status-publish","4":"has-post-thumbnail","6":"product_cat-cpu-fans-heatsinks","7":"product_tag-lenovo","9":"first","10":"instock","11":"taxable","12":"shipping-taxable","13":"purchasable","14":"product-type-simple"},"_links":{"self":[{"href":"https:\/\/boreait.com\/hu\/wp-json\/wp\/v2\/product\/12808","targetHints":{"allow":["GET"]}}],"collection":[{"href":"https:\/\/boreait.com\/hu\/wp-json\/wp\/v2\/product"}],"about":[{"href":"https:\/\/boreait.com\/hu\/wp-json\/wp\/v2\/types\/product"}],"wp:featuredmedia":[{"embeddable":true,"href":"https:\/\/boreait.com\/hu\/wp-json\/wp\/v2\/media\/12874"}],"wp:attachment":[{"href":"https:\/\/boreait.com\/hu\/wp-json\/wp\/v2\/media?parent=12808"}],"wp:term":[{"taxonomy":"product_brand","embeddable":true,"href":"https:\/\/boreait.com\/hu\/wp-json\/wp\/v2\/product_brand?post=12808"},{"taxonomy":"product_cat","embeddable":true,"href":"https:\/\/boreait.com\/hu\/wp-json\/wp\/v2\/product_cat?post=12808"},{"taxonomy":"product_tag","embeddable":true,"href":"https:\/\/boreait.com\/hu\/wp-json\/wp\/v2\/product_tag?post=12808"}],"curies":[{"name":"wp","href":"https:\/\/api.w.org\/{rel}","templated":true}]}}