{"id":12805,"date":"2025-09-17T13:54:57","date_gmt":"2025-09-17T11:54:57","guid":{"rendered":"https:\/\/boreait.com\/hu\/?post_type=product&#038;p=12805"},"modified":"2025-09-17T13:56:38","modified_gmt":"2025-09-17T11:56:38","slug":"ap1az000300-lenovo-thinkpad-l490-elulso-lcd-elolap-keretborito-02dm324-laptop-alkatreszek","status":"publish","type":"product","link":"https:\/\/boreait.com\/hu\/termek\/ap1az000300-lenovo-thinkpad-l490-elulso-lcd-elolap-keretborito-02dm324-laptop-alkatreszek\/","title":{"rendered":"AP1AZ000300 Lenovo ThinkPad L490 el\u00fcls\u0151 LCD el\u0151lap keretbor\u00edt\u00f3 02DM324 laptop alkatr\u00e9szek"},"content":{"rendered":"<p data-start=\"497\" data-end=\"763\">Friss\u00edtse vagy jav\u00edtsa meg Lenovo ThinkPad L490 k\u00e9sz\u00fcl\u00e9k\u00e9t ezzel az <strong data-start=\"551\" data-end=\"591\">eredeti el\u00fcls\u0151 LCD el\u0151lap keretburkolattal<\/strong>. Az L490 modellhez t\u00f6k\u00e9letesen illeszked\u0151 alkatr\u00e9sz (cikksz\u00e1m: <strong data-start=\"655\" data-end=\"670\">AP1AZ000300<\/strong> \u00e9s <strong data-start=\"675\" data-end=\"686\">02DM324<\/strong>) a megfelel\u0151 megold\u00e1s, ha a jelenlegi el\u0151lapja megrepedt vagy hi\u00e1nyzik.<\/p>\n<p>, kopott.<\/p>\n<p data-start=\"765\" data-end=\"961\">\u2714 <strong data-start=\"767\" data-end=\"788\">Kompatibilis modell:<\/strong> Lenovo ThinkPad L490<br data-start=\"809\" data-end=\"812\" \/>\u2714 <strong data-start=\"765\" data-end=\"812\" \/>\u2714 <strong data-start=\"818\"3:1Part=\"818\":1adat AP1AZ000300 \/ 02DM324<br data-start=\"853\" data-end=\"856\" \/>\u2714 <strong data-start=\"858\" data-end=\"872\">\u00c1llapot:<\/strong> Eredeti laptop cserealkatr\u00e9sz<br data-start=\"904\" data-end=\"907\" \/>-9&#8243;\u2714tart data-end=&#8221;922&#8243;>Kateg\u00f3ria:<\/strong> Laptop alkatr\u00e9szek \u2013 LCD el\u0151lap keretbor\u00edt\u00f3<\/p>\n<p data-start=\"963\" data-end=\"1104\">Ez a kiv\u00e1l\u00f3 min\u0151s\u00e9g\u0171 el\u0151lap seg\u00edt a laptop k\u00e9perny\u0151j\u00e9nek biztons\u00e1goss\u00e1 t\u00e9tel\u00e9ben, tiszta, professzion\u00e1lis megjelen\u00e9st biztos\u00edtva eszk\u00f6z\u00e9nek, mik\u00f6zben megv\u00e9di a bels\u0151 alkatr\u00e9szeket.<\/p>\n<p data-start=\"1106\" data-end=\"1127\">\ud83d\udca1 <strong data-start=\"1109\" data-end=\"1125\">K\u00e9rj\u00fck, vegye figyelembe:<\/strong><\/p>\n<ul data-start=\"1128\" data-end=\"1291\">\n<li data-start=\"1128\" data-end=\"1221\">\n<p data-start=\"1130\" data-end=\"1221\">Nem tartalmaz telep\u00edt\u00e9si utas\u00edt\u00e1st, de ha seg\u00edts\u00e9gre van sz\u00fcks\u00e9ge, nyugodtan \u00edrjon nek\u00fcnk.<\/p>\n<\/li>\n<li data-start=\"1222\" data-end=\"1291\">\n<p data-start=\"1224\" data-end=\"1291\">A list\u00e1n szerepl\u0151 fot\u00f3k a t\u00e9nylegesen megkapott term\u00e9kr\u0151l k\u00e9sz\u00fcltek.<\/p>\n<\/li>\n<\/ul>\n<p data-start=\"1293\" data-end=\"1459\">Ak\u00e1r ThinkPad jav\u00edt\u00e1s\u00e1r\u00f3l, ak\u00e1r laptopok viszontelad\u00e1s\u00e1r\u00f3l van sz\u00f3, ez az el\u0151lap megb\u00edzhat\u00f3 \u00e9s prec\u00edz csere az eszk\u00f6z megjelen\u00e9s\u00e9nek \u00e9s m\u0171k\u00f6d\u00e9s\u00e9nek helyre\u00e1ll\u00edt\u00e1s\u00e1hoz.<\/p>\n","protected":false},"excerpt":{"rendered":"<p>Eredeti Lenovo ThinkPad L490 el\u00fcls\u0151 LCD el\u0151lap keretbor\u00edt\u00f3 (cikksz\u00e1m: AP1AZ000300 \/ 02DM324). Ide\u00e1lis laptop cserealkatr\u00e9sz s\u00e9r\u00fclt vagy t\u00f6r\u00f6tt el\u0151lapokhoz.<\/p>\n","protected":false},"featured_media":12868,"template":"","meta":[],"product_brand":[],"product_cat":[16],"product_tag":[26],"class_list":{"0":"post-12805","1":"product","2":"type-product","3":"status-publish","4":"has-post-thumbnail","6":"product_cat-laptop-housing","7":"product_tag-lenovo","9":"first","10":"instock","11":"taxable","12":"shipping-taxable","13":"purchasable","14":"product-type-simple"},"_links":{"self":[{"href":"https:\/\/boreait.com\/hu\/wp-json\/wp\/v2\/product\/12805","targetHints":{"allow":["GET"]}}],"collection":[{"href":"https:\/\/boreait.com\/hu\/wp-json\/wp\/v2\/product"}],"about":[{"href":"https:\/\/boreait.com\/hu\/wp-json\/wp\/v2\/types\/product"}],"wp:featuredmedia":[{"embeddable":true,"href":"https:\/\/boreait.com\/hu\/wp-json\/wp\/v2\/media\/12868"}],"wp:attachment":[{"href":"https:\/\/boreait.com\/hu\/wp-json\/wp\/v2\/media?parent=12805"}],"wp:term":[{"taxonomy":"product_brand","embeddable":true,"href":"https:\/\/boreait.com\/hu\/wp-json\/wp\/v2\/product_brand?post=12805"},{"taxonomy":"product_cat","embeddable":true,"href":"https:\/\/boreait.com\/hu\/wp-json\/wp\/v2\/product_cat?post=12805"},{"taxonomy":"product_tag","embeddable":true,"href":"https:\/\/boreait.com\/hu\/wp-json\/wp\/v2\/product_tag?post=12805"}],"curies":[{"name":"wp","href":"https:\/\/api.w.org\/{rel}","templated":true}]}}