{"id":1280,"date":"2025-09-17T09:57:59","date_gmt":"2025-09-17T07:57:59","guid":{"rendered":"https:\/\/boreait.com\/hu\/?post_type=product&#038;p=1280"},"modified":"2025-09-17T09:59:14","modified_gmt":"2025-09-17T07:59:14","slug":"eredeti-hp-elitebook-840-g1-sorozatu-laptop-intelligenskartya-olvaso-kartya-6050a2560401","status":"publish","type":"product","link":"https:\/\/boreait.com\/hu\/termek\/eredeti-hp-elitebook-840-g1-sorozatu-laptop-intelligenskartya-olvaso-kartya-6050a2560401\/","title":{"rendered":"Eredeti HP EliteBook 840 G1 sorozat\u00fa laptop intelligensk\u00e1rtya-olvas\u00f3 k\u00e1rtya 6050A2560401"},"content":{"rendered":"<p>Az eredeti HP EliteBook 840 G1 sorozat\u00fa laptop intelligens k\u00e1rtyaolvas\u00f3 k\u00e1rtya 6050A2560401 a HP EliteBook 840 G1 sorozat\u00fa laptopok d\u00f6nt\u0151 \u00f6sszetev\u0151je. Az intelligens k\u00e1rty\u00e1k kism\u00e9ret\u0171 hordozhat\u00f3 eszk\u00f6z\u00f6k, amelyek be\u00e1gyazott integr\u00e1lt \u00e1ramk\u00f6r\u00f6ket tartalmaznak, amelyek biztons\u00e1gosan t\u00e1rolj\u00e1k \u00e9s dolgozz\u00e1k fel az adatokat. \u00c1ltal\u00e1ban hiteles\u00edt\u00e9si, azonos\u00edt\u00e1si \u00e9s adattitkos\u00edt\u00e1si c\u00e9lokra haszn\u00e1lj\u00e1k \u0151ket.<\/p>\n<p>Ez az intelligensk\u00e1rtya-olvas\u00f3 k\u00e1rtya lehet\u0151v\u00e9 teszi a HP EliteBook 840 G1 laptop sz\u00e1m\u00e1ra, hogy intelligens k\u00e1rty\u00e1kat olvasson \u00e9s kommunik\u00e1ljon vel\u00fck. Az intelligens k\u00e1rty\u00e1k haszn\u00e1lat\u00e1val a felhaszn\u00e1l\u00f3k n\u00f6velhetik laptopjaik \u00e9s adataik biztons\u00e1g\u00e1t. Az intelligens k\u00e1rty\u00e1k t\u00f6bbt\u00e9nyez\u0151s hiteles\u00edt\u00e9sre haszn\u00e1lhat\u00f3k, ami a hagyom\u00e1nyos jelszavakon t\u00fal tov\u00e1bbi biztons\u00e1gi r\u00e9teget biztos\u00edt.<\/p>\n<p>Az Eredeti HP EliteBook 840 G1 sorozat\u00fa 6050A2560401 sz\u00e1m\u00fa laptop intelligens k\u00e1rtyaolvas\u00f3 k\u00e1rty\u00e1val a felhaszn\u00e1l\u00f3k k\u00e9nyelmesen hozz\u00e1f\u00e9rhetnek a biztons\u00e1gos h\u00e1l\u00f3zatokhoz, hiteles\u00edthetik szem\u00e9lyazonoss\u00e1gukat, \u00e9s titkos\u00edthatj\u00e1k az \u00e9rz\u00e9keny adatokat. Ez k\u00fcl\u00f6n\u00f6sen fontos azoknak a v\u00e1llalkoz\u00e1soknak \u00e9s szervezeteknek, amelyek az adatv\u00e9delmet \u00e9s a felhaszn\u00e1l\u00f3i hiteles\u00edt\u00e9st helyezik el\u0151t\u00e9rbe.<\/p>\n<p>A kompatibilit\u00e1s \u00e9s az optim\u00e1lis teljes\u00edtm\u00e9ny biztos\u00edt\u00e1sa \u00e9rdek\u00e9ben elengedhetetlen az eredeti cserealkatr\u00e9szek, p\u00e9ld\u00e1ul a 6050A2560401 intelligensk\u00e1rtya-olvas\u00f3 k\u00e1rtya haszn\u00e1lata. Az alaplap cser\u00e9jekor tan\u00e1csos szakember seg\u00edts\u00e9g\u00e9t k\u00e9rni, vagy a megfelel\u0151 telep\u00edt\u00e9si utas\u00edt\u00e1sok\u00e9rt olvassa el a laptop szervizk\u00f6nyv\u00e9t.<\/p>\n<p>Ha ki kell cser\u00e9lnie az intelligensk\u00e1rtya-olvas\u00f3 k\u00e1rty\u00e1t a HP EliteBook 840 G1 laptopban, az eredeti HP EliteBook 840 G1 sorozat\u00fa laptopok 6050A2560401 intelligensk\u00e1rtya-olvas\u00f3 k\u00e1rty\u00e1ja az ide\u00e1lis v\u00e1laszt\u00e1s. Lehet\u0151v\u00e9 teszi az intelligens k\u00e1rtya funkci\u00f3inak haszn\u00e1lat\u00e1t, \u00e9s n\u00f6veli laptopja \u00e9s adatai biztons\u00e1g\u00e1t.<\/p>\n","protected":false},"excerpt":{"rendered":"<p>Az eredeti HP EliteBook 840 G1 sorozat\u00fa laptop intelligensk\u00e1rtya-olvas\u00f3 k\u00e1rtya 6050A2560401 a HP EliteBook 840 G1 sorozat\u00fa laptopokhoz tervezett cserealkatr\u00e9sz. Ez az alaplap lehet\u0151v\u00e9 teszi a laptop sz\u00e1m\u00e1ra az intelligens k\u00e1rty\u00e1k olvas\u00e1s\u00e1t, tov\u00e1bbfejlesztett biztons\u00e1gi funkci\u00f3kat \u00e9s hiteles\u00edt\u00e9si lehet\u0151s\u00e9geket biztos\u00edtva.<\/p>\n","protected":false},"featured_media":1343,"template":"","meta":[],"product_brand":[],"product_cat":[27],"product_tag":[25],"class_list":{"0":"post-1280","1":"product","2":"type-product","3":"status-publish","4":"has-post-thumbnail","6":"product_cat-motherboards-board-parts","7":"product_tag-hp","9":"first","10":"instock","11":"taxable","12":"shipping-taxable","13":"purchasable","14":"product-type-simple"},"_links":{"self":[{"href":"https:\/\/boreait.com\/hu\/wp-json\/wp\/v2\/product\/1280","targetHints":{"allow":["GET"]}}],"collection":[{"href":"https:\/\/boreait.com\/hu\/wp-json\/wp\/v2\/product"}],"about":[{"href":"https:\/\/boreait.com\/hu\/wp-json\/wp\/v2\/types\/product"}],"wp:featuredmedia":[{"embeddable":true,"href":"https:\/\/boreait.com\/hu\/wp-json\/wp\/v2\/media\/1343"}],"wp:attachment":[{"href":"https:\/\/boreait.com\/hu\/wp-json\/wp\/v2\/media?parent=1280"}],"wp:term":[{"taxonomy":"product_brand","embeddable":true,"href":"https:\/\/boreait.com\/hu\/wp-json\/wp\/v2\/product_brand?post=1280"},{"taxonomy":"product_cat","embeddable":true,"href":"https:\/\/boreait.com\/hu\/wp-json\/wp\/v2\/product_cat?post=1280"},{"taxonomy":"product_tag","embeddable":true,"href":"https:\/\/boreait.com\/hu\/wp-json\/wp\/v2\/product_tag?post=1280"}],"curies":[{"name":"wp","href":"https:\/\/api.w.org\/{rel}","templated":true}]}}