{"id":12794,"date":"2025-09-17T13:54:34","date_gmt":"2025-09-17T11:54:34","guid":{"rendered":"https:\/\/boreait.com\/hu\/?post_type=product&#038;p=12794"},"modified":"2025-09-17T13:56:30","modified_gmt":"2025-09-17T11:56:30","slug":"lenovo-thinkpad-l490-hatso-fedel-felso-fedel-ap1az000100","status":"publish","type":"product","link":"https:\/\/boreait.com\/hu\/termek\/lenovo-thinkpad-l490-hatso-fedel-felso-fedel-ap1az000100\/","title":{"rendered":"Lenovo ThinkPad L490 h\u00e1ts\u00f3 fed\u00e9l fels\u0151 fed\u00e9l AP1AZ000100"},"content":{"rendered":"<p data-start=\"315\" data-end=\"537\"><strong>Az adatlapon szerepl\u0151 k\u00e9pek a k\u00e9zhez kapott t\u00e9tel val\u00f3di f\u00e9nyk\u00e9pei<\/strong><\/p>\n<p data-start=\"315\" data-end=\"537\">Adjon \u00faj k\u00fcls\u0151t laptopj\u00e1nak ezzel a <strong data-start=\"355\" data-end=\"404\">h\u00e1ts\u00f3 fed\u00e9llel (fels\u0151 bor\u00edt\u00e1s) a Lenovo ThinkPad L490-hez<\/strong>.<br data-start=\"405\" data-end=\"408\" \/>Mind a professzion\u00e1lis megjelen\u00e9s, mind a szerkezeti v\u00e9delem kiv\u00e1l\u00f3 min\u0151s\u00e9ge eszk\u00f6zt.<\/p>\n<p data-start=\"539\" data-end=\"553\"><strong data-start=\"539\" data-end=\"551\">R\u00e9szletek:<\/strong><\/p>\n<ul data-start=\"554\" data-end=\"750\">\n<li data-start=\"554\" data-end=\"589\">\n<p data-start=\"556\" data-end=\"589\">Modell: <strong data-start=\"563\" data-end=\"587\">Lenovo ThinkPad L490<\/strong><\/p>\n<\/li>\n<li data-start=\"590\" data-end=\"622\">\n<p data-start=\"592\" data-end=\"622\">Alkatr\u00e9szsz\u00e1m: <strong data-start=\"605\" data-end=\"620\">AP1AZ000100<\/strong><\/p>\n<\/li>\n<li data-start=\"623\" data-end=\"655\">\n<p data-start=\"625\" data-end=\"655\">H\u00e1ts\u00f3 fed\u00e9l\/fels\u0151 burkolat h\u00e1z<\/p>\n<\/li>\n<li data-start=\"656\" data-end=\"691\">\n<p data-start=\"658\" data-end=\"691\">Er\u0151s \u00e9s tart\u00f3s konstrukci\u00f3<\/p>\n<\/li>\n<li data-start=\"692\" data-end=\"750\">\n<p data-start=\"694\" data-end=\"750\">Ide\u00e1lis a t\u00f6r\u00f6tt, repedt vagy karcos fed\u0151k cser\u00e9j\u00e9hez<\/p>\n<\/li>\n<\/ul>\n<p data-start=\"752\" data-end=\"824\"><strong data-start=\"752\" data-end=\"773\">A csomag tartalma:<\/strong><br data-start=\"773\" data-end=\"776\" \/>1x Lenovo ThinkPad L490 h\u00e1ts\u00f3 fed\u00e9l (AP1AZ000100)<\/p>\n<p data-start=\"826\" data-end=\"921\">Vissza\u00e1ll\u00edtsa ThinkPad eredeti megjelen\u00e9s\u00e9t \u00e9s tart\u00f3ss\u00e1g\u00e1t ezzel az eredeti cserealkatr\u00e9szrel.<\/p>\n<p data-start=\"1452\" data-end=\"1635\">\n","protected":false},"excerpt":{"rendered":"<p>Eredeti <strong data-start=\"146\" data-end=\"172\">h\u00e1ts\u00f3 fed\u00e9l (AP1AZ000100)<\/strong> a Lenovo ThinkPad L490-hez. Tart\u00f3s cserefels\u0151 fed\u00e9l a s\u00e9r\u00fclt vagy repedt fed\u0151k jav\u00edt\u00e1s\u00e1hoz.<\/p>\n","protected":false},"featured_media":12860,"template":"","meta":[],"product_brand":[],"product_cat":[16],"product_tag":[26],"class_list":{"0":"post-12794","1":"product","2":"type-product","3":"status-publish","4":"has-post-thumbnail","6":"product_cat-laptop-housing","7":"product_tag-lenovo","9":"first","10":"instock","11":"taxable","12":"shipping-taxable","13":"purchasable","14":"product-type-simple"},"_links":{"self":[{"href":"https:\/\/boreait.com\/hu\/wp-json\/wp\/v2\/product\/12794","targetHints":{"allow":["GET"]}}],"collection":[{"href":"https:\/\/boreait.com\/hu\/wp-json\/wp\/v2\/product"}],"about":[{"href":"https:\/\/boreait.com\/hu\/wp-json\/wp\/v2\/types\/product"}],"wp:featuredmedia":[{"embeddable":true,"href":"https:\/\/boreait.com\/hu\/wp-json\/wp\/v2\/media\/12860"}],"wp:attachment":[{"href":"https:\/\/boreait.com\/hu\/wp-json\/wp\/v2\/media?parent=12794"}],"wp:term":[{"taxonomy":"product_brand","embeddable":true,"href":"https:\/\/boreait.com\/hu\/wp-json\/wp\/v2\/product_brand?post=12794"},{"taxonomy":"product_cat","embeddable":true,"href":"https:\/\/boreait.com\/hu\/wp-json\/wp\/v2\/product_cat?post=12794"},{"taxonomy":"product_tag","embeddable":true,"href":"https:\/\/boreait.com\/hu\/wp-json\/wp\/v2\/product_tag?post=12794"}],"curies":[{"name":"wp","href":"https:\/\/api.w.org\/{rel}","templated":true}]}}