{"id":12792,"date":"2025-09-17T13:54:34","date_gmt":"2025-09-17T11:54:34","guid":{"rendered":"https:\/\/boreait.com\/hu\/?post_type=product&#038;p=12792"},"modified":"2025-09-17T13:56:24","modified_gmt":"2025-09-17T11:56:24","slug":"ap169000d00-eredeti-lenovo-thinkpad-t480-20l6-s29e00-laptop-alkatreszek-hatso-fedel-hatlap","status":"publish","type":"product","link":"https:\/\/boreait.com\/hu\/termek\/ap169000d00-eredeti-lenovo-thinkpad-t480-20l6-s29e00-laptop-alkatreszek-hatso-fedel-hatlap\/","title":{"rendered":"AP169000D00 Eredeti Lenovo ThinkPad T480 20L6-S29E00 Laptop alkatr\u00e9szek H\u00e1ts\u00f3 fed\u00e9l h\u00e1tlap"},"content":{"rendered":"<p data-start=\"496\" data-end=\"776\">Ez egy <strong data-start=\"506\" data-end=\"535\">eredeti Lenovo h\u00e1tlap<\/strong> a <strong data-start=\"544\" data-end=\"588\">ThinkPad T480 sorozathoz (modell 20L6-S29E, 0) <strong> data-2,0 part=&#8221;0 data-end=&#8221;617&#8243;>AP169000D00<\/strong>. \u00dagy tervezt\u00e9k, hogy t\u00f6k\u00e9letesen illeszkedjen a laptopj\u00e1hoz. Ez a csere h\u00e1ts\u00f3 fed\u00e9l tart\u00f3s anyagokb\u00f3l k\u00e9sz\u00fclt, hogy visszaadja eszk\u00f6ze eredeti megjelen\u00e9s\u00e9t \u00e9s v\u00e9delm\u00e9t.<\/p>\n<p data-start=\"778\" data-end=\"949\">Ak\u00e1r karcos, repedezett vagy elt\u00f6rt a jelenlegi h\u00e1tlapja, ez az eredeti Lenovo-alkatr\u00e9sz biztos\u00edtja a megfelel\u0151 illeszked\u00e9st \u00e9s fel\u00fcletet a harmadik f\u00e9lt\u0151l sz\u00e1rmaz\u00f3 alternat\u00edv\u00e1kkal \u00f6sszehasonl\u00edtva.<\/p>\n<p data-start=\"951\" data-end=\"973\"><strong data-start=\"951\" data-end=\"971\">Term\u00e9k r\u00e9szletei:<\/strong><\/p>\n<ul data-start=\"974\" data-end=\"1228\">\n<li data-start=\"974\" data-end=\"1034\">\n<p data-start=\"976\" data-end=\"1034\"><strong data-start=\"976\" data-end=\"997\">Kompatibilis modell:<\/strong> Lenovo ThinkPad T480 (20L6-S29E00)<\/p>\n<\/li>\n<li data-start=\"1035\" data-end=\"1067\">\n<p data-start=\"1037\" data-end=\"1067\"><strong data-start=\"1037\" data-end=\"1053\">Alkatr\u00e9szsz\u00e1m:<\/strong> AP169000D00<\/p>\n<\/li>\n<li data-start=\"1068\" data-end=\"1103\">\n<p data-start=\"1070\" data-end=\"1103\"><strong data-start=\"1070\" data-end=\"1079\">T\u00edpus:<\/strong> H\u00e1ts\u00f3 fed\u00e9l \/ H\u00e1ts\u00f3 fed\u00e9l<\/p>\n<\/li>\n<li data-start=\"1104\" data-end=\"1170\">\n<p data-start=\"1106\" data-end=\"1170\"><strong data-start=\"1106\" data-end=\"1120\">\u00c1llapot:<\/strong> Eredeti, gondosan tesztelt \u00e9s telep\u00edt\u00e9sre k\u00e9sz<\/p>\n<\/li>\n<li data-start=\"1171\" data-end=\"1228\">\n<p data-start=\"1173\" data-end=\"1228\"><strong data-start=\"1173\" data-end=\"1186\">Kateg\u00f3ria:<\/strong> Laptop alkatr\u00e9szek jav\u00edt\u00e1shoz \u00e9s cser\u00e9hez<\/p>\n<\/li>\n<\/ul>\n<p data-start=\"1230\" data-end=\"1260\"><strong data-start=\"1230\" data-end=\"1258\">Mi\u00e9rt v\u00e1lassza ezt a term\u00e9ket?<\/strong><\/p>\n<ul data-start=\"1261\" data-end=\"1521\">\n<li data-start=\"1261\" data-end=\"1330\">\n<p data-start=\"1263\" data-end=\"1330\">100%-ban <strong data-start=\"1268\" data-end=\"1293\">autentikus Lenovo alkatr\u00e9sz<\/strong>, nem m\u00e1solat vagy \u00e1ltal\u00e1nos alternat\u00edva<\/p>\n<\/li>\n<li data-start=\"1331\" data-end=\"1390\">\n<p data-start=\"1333\" data-end=\"1390\">Vissza\u00e1ll\u00edtja laptopja <strong data-start=\"1356\" data-end=\"1388\">eredeti megjelen\u00e9s\u00e9t \u00e9s tart\u00f3ss\u00e1g\u00e1t<\/strong><\/p>\n<\/li>\n<li data-start=\"1391\" data-end=\"1457\">\n<p data-start=\"1393\" data-end=\"1457\">T\u00f6k\u00e9letes a <strong data-start=\"1405\" data-end=\"1455\">jav\u00edt\u00f3knak, technikusoknak vagy bark\u00e1csol\u00f3 laptop-felhaszn\u00e1l\u00f3knak<\/strong><\/p>\n<\/li>\n<li data-start=\"1458\" data-end=\"1521\">\n<p data-start=\"1460\" data-end=\"1521\">Minden fot\u00f3 <strong data-start=\"1475\" data-end=\"1492\">val\u00f3di k\u00e9pe<\/strong> arr\u00f3l a r\u00e9szr\u0151l, amelyet kapni fog<\/p>\n<\/li>\n<\/ul>\n<p data-start=\"1523\" data-end=\"1667\">\ud83d\udccc <em data-start=\"1526\" data-end=\"1665\">Megjegyz\u00e9s: Ez az adatlap csak a h\u00e1ts\u00f3 bor\u00edt\u00f3ra vonatkozik. A cser\u00e9re vonatkoz\u00f3 utas\u00edt\u00e1sokat nem tartalmazza, de ha seg\u00edts\u00e9gre van sz\u00fcks\u00e9ge, b\u00e1rmikor \u00edrhat nek\u00fcnk \u00fczenetet.<\/em><\/p>\n","protected":false},"excerpt":{"rendered":"<p>Cser\u00e9lje ki a s\u00e9r\u00fclt vagy elhaszn\u00e1l\u00f3dott h\u00e1tlapot erre az <strong data-start=\"320\" data-end=\"361\">eredeti Lenovo ThinkPad T480 h\u00e1ts\u00f3 fed\u00e9lre<\/strong> (cikksz\u00e1m: AP169000D00). 100%-ban eredeti alkatr\u00e9sz, gondosan ellen\u0151rizve \u00e9s sz\u00e1ll\u00edt\u00e1sra k\u00e9sz.<\/p>\n","protected":false},"featured_media":12857,"template":"","meta":[],"product_brand":[],"product_cat":[16],"product_tag":[26],"class_list":{"0":"post-12792","1":"product","2":"type-product","3":"status-publish","4":"has-post-thumbnail","6":"product_cat-laptop-housing","7":"product_tag-lenovo","9":"first","10":"instock","11":"taxable","12":"shipping-taxable","13":"purchasable","14":"product-type-simple"},"_links":{"self":[{"href":"https:\/\/boreait.com\/hu\/wp-json\/wp\/v2\/product\/12792","targetHints":{"allow":["GET"]}}],"collection":[{"href":"https:\/\/boreait.com\/hu\/wp-json\/wp\/v2\/product"}],"about":[{"href":"https:\/\/boreait.com\/hu\/wp-json\/wp\/v2\/types\/product"}],"wp:featuredmedia":[{"embeddable":true,"href":"https:\/\/boreait.com\/hu\/wp-json\/wp\/v2\/media\/12857"}],"wp:attachment":[{"href":"https:\/\/boreait.com\/hu\/wp-json\/wp\/v2\/media?parent=12792"}],"wp:term":[{"taxonomy":"product_brand","embeddable":true,"href":"https:\/\/boreait.com\/hu\/wp-json\/wp\/v2\/product_brand?post=12792"},{"taxonomy":"product_cat","embeddable":true,"href":"https:\/\/boreait.com\/hu\/wp-json\/wp\/v2\/product_cat?post=12792"},{"taxonomy":"product_tag","embeddable":true,"href":"https:\/\/boreait.com\/hu\/wp-json\/wp\/v2\/product_tag?post=12792"}],"curies":[{"name":"wp","href":"https:\/\/api.w.org\/{rel}","templated":true}]}}