{"id":1279,"date":"2025-09-17T09:57:59","date_gmt":"2025-09-17T07:57:59","guid":{"rendered":"https:\/\/boreait.com\/hu\/?post_type=product&#038;p=1279"},"modified":"2026-01-09T13:11:42","modified_gmt":"2026-01-09T12:11:42","slug":"asus-k50-touchpad-button-board-60-nvktp1000-a01","status":"publish","type":"product","link":"https:\/\/boreait.com\/hu\/termek\/asus-k50-touchpad-button-board-60-nvktp1000-a01\/","title":{"rendered":"Asus K50 Touchpad Button Board 60-NVKTP1000-A01"},"content":{"rendered":"<p>Az Asus K50 Touchpad Button Board 60-NVKTP1000-A01 az Asus K50 sorozat\u00fa laptopok elengedhetetlen alkatr\u00e9sze. Ha a laptop \u00e9rint\u0151pad gombjai nem m\u0171k\u00f6dnek megfelel\u0151en, vagy nem reag\u00e1lnak, el\u0151fordulhat, hogy ezt a gombt\u00e1bl\u00e1t ki kell cser\u00e9lni.<\/p>\n<p>Eredeti cserealkatr\u00e9szk\u00e9nt a 60-NVKTP1000-A01 k\u00e1rty\u00e1t kifejezetten \u00fagy tervezt\u00e9k, hogy illeszkedjen \u00e9s z\u00f6kken\u0151mentesen m\u0171k\u00f6dj\u00f6n az Asus K50 sorozat\u00fa modellekkel. Feladata a jelek tov\u00e1bb\u00edt\u00e1sa a laptop \u00e9rint\u0151padj\u00e1ra, lehet\u0151v\u00e9 t\u00e9ve a kattint\u00e1st \u00e9s a k\u00fcl\u00f6nb\u00f6z\u0151 \u00e9rint\u0151padi funkci\u00f3k egyszer\u0171 v\u00e9grehajt\u00e1s\u00e1t.<\/p>\n<p>A hib\u00e1s \u00e9rint\u0151pad gombpanel cser\u00e9je seg\u00edthet vissza\u00e1ll\u00edtani az \u00e9rint\u0151pad sima \u00e9s \u00e9rz\u00e9keny m\u0171k\u00f6d\u00e9s\u00e9t, jav\u00edtva az \u00e1ltal\u00e1nos felhaszn\u00e1l\u00f3i \u00e9lm\u00e9nyt. A kompatibilit\u00e1s \u00e9s az optim\u00e1lis teljes\u00edtm\u00e9ny biztos\u00edt\u00e1sa \u00e9rdek\u00e9ben kulcsfontoss\u00e1g\u00fa az eredeti cserealkatr\u00e9szek, p\u00e9ld\u00e1ul a 60-NVKTP1000-A01 haszn\u00e1lata.<\/p>\n<p>A gombpanel beszerel\u00e9s\u00e9hez aj\u00e1nlatos szakember seg\u00edts\u00e9g\u00e9t k\u00e9rni, vagy a l\u00e9p\u00e9sr\u0151l l\u00e9p\u00e9sre t\u00f6rt\u00e9n\u0151 utas\u00edt\u00e1sok\u00e9rt olvassa el a laptop szervizk\u00f6nyv\u00e9t. Ez biztos\u00edtja a biztons\u00e1gos \u00e9s megfelel\u0151 cserefolyamatot.<\/p>\n<p>Ha probl\u00e9m\u00e1kat tapasztal Asus K50 sorozat\u00fa laptopja \u00e9rint\u0151pad gombjaival, fontolja meg az Asus K50 Touchpad Button Board 60-NVKTP1000-A01 cser\u00e9j\u00e9t. Ez az eredeti cserealkatr\u00e9sz seg\u00edt megoldani az \u00e9rint\u0151pad gombjaival kapcsolatos probl\u00e9m\u00e1kat, \u00e9s lehet\u0151v\u00e9 teszi a g\u00f6rd\u00fcl\u00e9keny \u00e9s probl\u00e9mamentes \u00e9rint\u0151pados navig\u00e1ci\u00f3t.<\/p>\n","protected":false},"excerpt":{"rendered":"<p>Az Asus K50 Touchpad Button Board 60-NVKTP1000-A01 egy eredeti cserealkatr\u00e9sz, amelyet az Asus K50 sorozat\u00fa laptopokhoz terveztek. Ez a t\u00e1bla vez\u00e9rli az \u00e9rint\u0151pad gombjait, lehet\u0151v\u00e9 t\u00e9ve az \u00e9rint\u0151pad sima \u00e9s \u00e9rz\u00e9keny m\u0171k\u00f6d\u00e9s\u00e9t.<\/p>\n","protected":false},"featured_media":1342,"template":"","meta":[],"product_brand":[],"product_cat":[27],"product_tag":[30],"class_list":{"0":"post-1279","1":"product","2":"type-product","3":"status-publish","4":"has-post-thumbnail","6":"product_cat-motherboards-board-parts","7":"product_tag-asus","9":"first","10":"instock","11":"taxable","12":"shipping-taxable","13":"purchasable","14":"product-type-simple"},"_links":{"self":[{"href":"https:\/\/boreait.com\/hu\/wp-json\/wp\/v2\/product\/1279","targetHints":{"allow":["GET"]}}],"collection":[{"href":"https:\/\/boreait.com\/hu\/wp-json\/wp\/v2\/product"}],"about":[{"href":"https:\/\/boreait.com\/hu\/wp-json\/wp\/v2\/types\/product"}],"wp:featuredmedia":[{"embeddable":true,"href":"https:\/\/boreait.com\/hu\/wp-json\/wp\/v2\/media\/1342"}],"wp:attachment":[{"href":"https:\/\/boreait.com\/hu\/wp-json\/wp\/v2\/media?parent=1279"}],"wp:term":[{"taxonomy":"product_brand","embeddable":true,"href":"https:\/\/boreait.com\/hu\/wp-json\/wp\/v2\/product_brand?post=1279"},{"taxonomy":"product_cat","embeddable":true,"href":"https:\/\/boreait.com\/hu\/wp-json\/wp\/v2\/product_cat?post=1279"},{"taxonomy":"product_tag","embeddable":true,"href":"https:\/\/boreait.com\/hu\/wp-json\/wp\/v2\/product_tag?post=1279"}],"curies":[{"name":"wp","href":"https:\/\/api.w.org\/{rel}","templated":true}]}}