{"id":12777,"date":"2025-09-17T13:54:08","date_gmt":"2025-09-17T11:54:08","guid":{"rendered":"https:\/\/boreait.com\/hu\/?post_type=product&#038;p=12777"},"modified":"2025-09-17T13:55:55","modified_gmt":"2025-09-17T11:55:55","slug":"eredeti-hp-wifi-vezetek-nelkuli-lan-kartya-8265ngw-851592-001-918855-855-laptop-alkatreszek","status":"publish","type":"product","link":"https:\/\/boreait.com\/hu\/termek\/eredeti-hp-wifi-vezetek-nelkuli-lan-kartya-8265ngw-851592-001-918855-855-laptop-alkatreszek\/","title":{"rendered":"Eredeti HP WiFi vezet\u00e9k n\u00e9lk\u00fcli LAN k\u00e1rtya 8265NGW 851592-001 918855-855 Laptop alkatr\u00e9szek"},"content":{"rendered":"<p data-start=\"633\" data-end=\"912\">Ez az <strong data-start=\"638\" data-end=\"683\">eredeti HP WiFi vezet\u00e9k n\u00e9lk\u00fcli LAN k\u00e1rtya 8265NGW<\/strong> (HP cikksz\u00e1mok: <strong data-start=\"701\" data-end=\"715\">851592-001 data<\/strong> \u00e9s data-end=&#8221;734&#8243;>918855-855<\/strong>) egy megb\u00edzhat\u00f3 cserealkatr\u00e9sz, amelyet gyors \u00e9s stabil vezet\u00e9k n\u00e9lk\u00fcli kapcsolatra terveztek. Ide\u00e1lis azoknak a felhaszn\u00e1l\u00f3knak, akik laptopjuk vezet\u00e9k n\u00e9lk\u00fcli teljes\u00edtm\u00e9ny\u00e9t szeretn\u00e9k jav\u00edtani, friss\u00edteni vagy vissza\u00e1ll\u00edtani.<\/p>\n<p data-start=\"914\" data-end=\"933\"><strong data-start=\"914\" data-end=\"931\">F\u0151bb jellemz\u0151k:<\/strong><\/p>\n<ul data-start=\"934\" data-end=\"1212\">\n<li data-start=\"934\" data-end=\"986\">\n<p data-start=\"936\" data-end=\"986\">Eredeti Intel Dual Band Wireless-AC 8265NGW k\u00e1rtya<\/p>\n<\/li>\n<li data-start=\"987\" data-end=\"1054\">\n<p data-start=\"989\" data-end=\"1054\">T\u00e1mogatja a 851592-001 \u00e9s 918855-855 cikksz\u00e1m\u00fa HP laptopokat<\/p>\n<\/li>\n<li data-start=\"1055\" data-end=\"1114\">\n<p data-start=\"1057\" data-end=\"1114\">Er\u0151s, stabil WiFi- \u00e9s Bluetooth-kapcsolatot biztos\u00edt<\/p>\n<\/li>\n<li data-start=\"1115\" data-end=\"1160\">\n<p data-start=\"1117\" data-end=\"1160\">Min\u0151s\u00e9gbiztos\u00edt\u00e1s c\u00e9lj\u00e1b\u00f3l tesztelve \u00e9s ellen\u0151rz\u00f6tt<\/p>\n<\/li>\n<li data-start=\"1161\" data-end=\"1212\">\n<p data-start=\"1163\" data-end=\"1212\">T\u00f6k\u00e9letes megold\u00e1s laptopjav\u00edt\u00e1shoz vagy friss\u00edt\u00e9shez<\/p>\n<\/li>\n<\/ul>\n<p data-start=\"1214\" data-end=\"1236\"><strong data-start=\"1214\" data-end=\"1234\">Mi\u00e9rt v\u00e1s\u00e1roljon t\u0151l\u00fcnk?<\/strong><\/p>\n<ul data-start=\"1237\" data-end=\"1472\">\n<li data-start=\"1237\" data-end=\"1306\">\n<p data-start=\"1239\" data-end=\"1306\">100%-ban eredeti \u00e9s hiteles <strong data-start=\"1266\" data-end=\"1282\">laptop alkatr\u00e9szek<\/strong> \u2013 olcs\u00f3 ut\u00e1nzatok n\u00e9lk\u00fcl<\/p>\n<\/li>\n<li data-start=\"1307\" data-end=\"1355\">\n<p data-start=\"1309\" data-end=\"1355\">Val\u00f3di fot\u00f3k arr\u00f3l a t\u00e9telr\u0151l, amelyet pontosan kapsz<\/p>\n<\/li>\n<li data-start=\"1356\" data-end=\"1387\">\n<p data-start=\"1358\" data-end=\"1387\">Gondosan sz\u00e1ll\u00edtjuk vil\u00e1gszerte<\/p>\n<\/li>\n<li data-start=\"1388\" data-end=\"1472\">\n<p data-start=\"1390\" data-end=\"1472\">Ha tov\u00e1bbi \u00fatmutat\u00e1sra van sz\u00fcks\u00e9ge a megfelel\u0151 alkatr\u00e9sz kiv\u00e1laszt\u00e1s\u00e1hoz, nyugodtan \u00edrjon nek\u00fcnk.<\/p>\n<\/li>\n<\/ul>\n<p data-start=\"1474\" data-end=\"1636\">Ez a WiFi k\u00e1rtya kiv\u00e1l\u00f3 v\u00e1laszt\u00e1s, ha csatlakoz\u00e1si probl\u00e9m\u00e1kat tapasztal, cser\u00e9re van sz\u00fcks\u00e9ge, vagy egyszer\u0171en csak vissza szeretn\u00e9 \u00e1ll\u00edtani laptopja teljes teljes\u00edtm\u00e9ny\u00e9t.<\/p>\n","protected":false},"excerpt":{"rendered":"<p>Friss\u00edtse HP laptopj\u00e1t egy eredeti Intel 8265NGW WiFi vezet\u00e9k n\u00e9lk\u00fcli LAN-k\u00e1rty\u00e1val (HP cikksz\u00e1mok: 851592-001 \u00e9s 918855-855). 100%-ban tesztelt, hiteles laptop alkatr\u00e9sz, val\u00f3di fot\u00f3kkal a kapott term\u00e9kr\u0151l.<\/p>\n","protected":false},"featured_media":12842,"template":"","meta":[],"product_brand":[],"product_cat":[27],"product_tag":[26],"class_list":{"0":"post-12777","1":"product","2":"type-product","3":"status-publish","4":"has-post-thumbnail","6":"product_cat-motherboards-board-parts","7":"product_tag-lenovo","9":"first","10":"instock","11":"taxable","12":"shipping-taxable","13":"purchasable","14":"product-type-simple"},"_links":{"self":[{"href":"https:\/\/boreait.com\/hu\/wp-json\/wp\/v2\/product\/12777","targetHints":{"allow":["GET"]}}],"collection":[{"href":"https:\/\/boreait.com\/hu\/wp-json\/wp\/v2\/product"}],"about":[{"href":"https:\/\/boreait.com\/hu\/wp-json\/wp\/v2\/types\/product"}],"wp:featuredmedia":[{"embeddable":true,"href":"https:\/\/boreait.com\/hu\/wp-json\/wp\/v2\/media\/12842"}],"wp:attachment":[{"href":"https:\/\/boreait.com\/hu\/wp-json\/wp\/v2\/media?parent=12777"}],"wp:term":[{"taxonomy":"product_brand","embeddable":true,"href":"https:\/\/boreait.com\/hu\/wp-json\/wp\/v2\/product_brand?post=12777"},{"taxonomy":"product_cat","embeddable":true,"href":"https:\/\/boreait.com\/hu\/wp-json\/wp\/v2\/product_cat?post=12777"},{"taxonomy":"product_tag","embeddable":true,"href":"https:\/\/boreait.com\/hu\/wp-json\/wp\/v2\/product_tag?post=12777"}],"curies":[{"name":"wp","href":"https:\/\/api.w.org\/{rel}","templated":true}]}}