{"id":12776,"date":"2025-09-17T13:54:08","date_gmt":"2025-09-17T11:54:08","guid":{"rendered":"https:\/\/boreait.com\/hu\/?post_type=product&#038;p=12776"},"modified":"2025-09-17T13:55:52","modified_gmt":"2025-09-17T11:55:52","slug":"hdd-ssd-csatlakozo-kabel-lenovo-thinkpad-t470-t480-a475-dc02c009m00-laptop-alkatreszek","status":"publish","type":"product","link":"https:\/\/boreait.com\/hu\/termek\/hdd-ssd-csatlakozo-kabel-lenovo-thinkpad-t470-t480-a475-dc02c009m00-laptop-alkatreszek\/","title":{"rendered":"HDD SSD csatlakoz\u00f3 k\u00e1bel Lenovo ThinkPad T470 T480 A475 | DC02C009M00 Laptop alkatr\u00e9szek"},"content":{"rendered":"<p data-start=\"575\" data-end=\"860\">Ez a <strong data-start=\"580\" data-end=\"621\">HDD\/SSD csatlakoz\u00f3k\u00e1bel (DC02C009M00)<\/strong> egy eredeti csere<strong data-start=\"647\" data-end=\"662\">laptop alkatr\u00e9sz<\/strong>, amelyet a Lenovo <strong9 Think-Patart\" modellekhez terveztek data-end=\"723\">T470, T480 \u00e9s A475<\/strong>. A laptop merevlemez\u00e9t vagy szil\u00e1rdtestalap\u00fa meghajt\u00f3j\u00e1t csatlakoztatja az alaplaphoz, \u00edgy biztos\u00edtva a stabil teljes\u00edtm\u00e9nyt \u00e9s a megb\u00edzhat\u00f3 adat\u00e1tvitelt.<\/p>\n<p data-start=\"862\" data-end=\"1067\">\u2714 <strong data-start=\"864\" data-end=\"886\">Kompatibilis modellek:<\/strong> Lenovo ThinkPad T470, T480, A475<br data-start=\"919\" data-end=\"922\" \/>-4 adatok data-start=&#8221;1011&#8243; data-end=&#8221;1019&#8243;>Haszn\u00e1lat:<\/strong> HDD vagy SSD csatlakoztat\u00e1sa a laptop alaplapj\u00e1hoz<\/p>\n<p data-start=\"1069\" data-end=\"1181\">Ak\u00e1r hib\u00e1s csatlakoz\u00f3t jav\u00edt, ak\u00e1r laptop t\u00e1rhely\u00e9t b\u0151v\u00edti, ez a k\u00e1bel ide\u00e1lis megold\u00e1s.<\/p>\n<p data-start=\"1183\" data-end=\"1394\">\ud83d\udcf8 <strong data-start=\"1186\" data-end=\"1202\">Val\u00f3di fot\u00f3k:<\/strong> Az ezen a list\u00e1n szerepl\u0151 k\u00e9pek az \u00d6n \u00e1ltal megkapott alkatr\u00e9szek t\u00e9nyleges fot\u00f3k.<br data-start=\"1278\" data-end=\"1281\" \/>\ud83d\udc95 data-end=&#8221;1298&#8243;>Seg\u00edts\u00e9gre van sz\u00fcks\u00e9ge?<\/strong> A cser\u00e9re vonatkoz\u00f3 utas\u00edt\u00e1sokat nem tartalmazza, de ha \u00fatmutat\u00e1sra van sz\u00fcks\u00e9ge, nyugodtan \u00edrjon nek\u00fcnk.<\/p>\n<p data-start=\"1396\" data-end=\"1474\">Kezdje \u00fajra \u00e9letre Lenovo ThinkPadj\u00e9t ezzel az alapvet\u0151 <strong data-start=\"1456\" data-end=\"1471\">laptopr\u00e9sszel<\/strong>.<\/p>\n","protected":false},"excerpt":{"rendered":"<p>Megb\u00edzhat\u00f3 HDD\/SSD csatlakoz\u00f3k\u00e1bel, amely kompatibilis a Lenovo ThinkPad T470, T480 \u00e9s A475-tel. Eredeti csere laptop alkatr\u00e9sz, modell DC02C009M00.<\/p>\n","protected":false},"featured_media":12841,"template":"","meta":[],"product_brand":[],"product_cat":[20],"product_tag":[26],"class_list":{"0":"post-12776","1":"product","2":"type-product","3":"status-publish","4":"has-post-thumbnail","6":"product_cat-cables","7":"product_tag-lenovo","9":"first","10":"instock","11":"taxable","12":"shipping-taxable","13":"purchasable","14":"product-type-simple"},"_links":{"self":[{"href":"https:\/\/boreait.com\/hu\/wp-json\/wp\/v2\/product\/12776","targetHints":{"allow":["GET"]}}],"collection":[{"href":"https:\/\/boreait.com\/hu\/wp-json\/wp\/v2\/product"}],"about":[{"href":"https:\/\/boreait.com\/hu\/wp-json\/wp\/v2\/types\/product"}],"wp:featuredmedia":[{"embeddable":true,"href":"https:\/\/boreait.com\/hu\/wp-json\/wp\/v2\/media\/12841"}],"wp:attachment":[{"href":"https:\/\/boreait.com\/hu\/wp-json\/wp\/v2\/media?parent=12776"}],"wp:term":[{"taxonomy":"product_brand","embeddable":true,"href":"https:\/\/boreait.com\/hu\/wp-json\/wp\/v2\/product_brand?post=12776"},{"taxonomy":"product_cat","embeddable":true,"href":"https:\/\/boreait.com\/hu\/wp-json\/wp\/v2\/product_cat?post=12776"},{"taxonomy":"product_tag","embeddable":true,"href":"https:\/\/boreait.com\/hu\/wp-json\/wp\/v2\/product_tag?post=12776"}],"curies":[{"name":"wp","href":"https:\/\/api.w.org\/{rel}","templated":true}]}}