{"id":12763,"date":"2025-09-17T13:53:43","date_gmt":"2025-09-17T11:53:43","guid":{"rendered":"https:\/\/boreait.com\/hu\/?post_type=product&#038;p=12763"},"modified":"2025-09-17T13:55:34","modified_gmt":"2025-09-17T11:55:34","slug":"lenovo-thinkpad-t480-bekapcsologomb-kartya-ns-b501-nbx0001lp00-kabellel-laptop-alkatreszek","status":"publish","type":"product","link":"https:\/\/boreait.com\/hu\/termek\/lenovo-thinkpad-t480-bekapcsologomb-kartya-ns-b501-nbx0001lp00-kabellel-laptop-alkatreszek\/","title":{"rendered":"Lenovo ThinkPad T480 bekapcsol\u00f3gomb k\u00e1rtya NS-B501 NBX0001LP00 k\u00e1bellel, laptop alkatr\u00e9szek"},"content":{"rendered":"<p data-start=\"560\" data-end=\"837\">Friss\u00edtse vagy jav\u00edtsa Lenovo ThinkPad T480 k\u00e9sz\u00fcl\u00e9k\u00e9t ezzel az <strong data-start=\"614\" data-end=\"677\">eredeti bekapcsol\u00f3gomb-k\u00e1rty\u00e1val \u00e9s k\u00e1bellel (NS-B501 NBX0001LP00)<\/strong>. Ez egy eredeti <strong data-start=\"697\" data-end=\"712\">laptop alkatr\u00e9sz<\/strong>, amelyet gondosan teszteltek \u00e9s min\u0151s\u00e9gileg ellen\u0151riztek, \u00edgy t\u00f6k\u00e9letes megold\u00e1st jelent, ha a bekapcsol\u00f3gomb hib\u00e1s vagy nem reag\u00e1l.<\/p>\n<p data-start=\"839\" data-end=\"1044\">\u2705 <strong data-start=\"841\" data-end=\"861\">Kompatibilis modell<\/strong>: Lenovo ThinkPad T480<br data-start=\"883\" data-end=\"886\" \/>\u2705 <strong data-start=\"898\"<\/strong>Data-end=&#8221;898&#8243;Part. NS-B501, NBX0001LP00<br data-start=\"926\" data-end=\"929\" \/>\u2705 <strong data-start=\"931\" data-end=\"944\">\u00c1llapot<\/strong>: Eredeti cserealkatr\u00e9sz, teljesen m\u0171k\u00f6d\u0151k\u00e9pes<br data-start=\"988\" data-end=\"991\" \/>-s data-end=&#8221;1005&#8243;>Tartalmazza<\/strong>: bekapcsol\u00f3gomb panel + csatlakoztatott k\u00e1bel<\/p>\n<p data-start=\"1046\" data-end=\"1234\">Ez a laptop alkatr\u00e9sz megb\u00edzhat\u00f3 teljes\u00edtm\u00e9nyt \u00e9s z\u00f6kken\u0151mentes illeszked\u00e9st biztos\u00edt az eszk\u00f6zh\u00f6z. A list\u00e1n szerepl\u0151 fot\u00f3k a <strong data-start=\"1166\" data-end=\"1199\">t\u00e9nyleges term\u00e9kr\u0151l k\u00e9sz\u00fcltek<\/strong>, \u00edgy b\u00e1tran v\u00e1s\u00e1rolhat.<\/p>\n<p data-start=\"1236\" data-end=\"1354\">\ud83d\udd27 <em data-start=\"1239\" data-end=\"1352\">Megjegyz\u00e9s: A telep\u00edt\u00e9si utas\u00edt\u00e1sokat nem tartalmazza. Ha \u00fatmutat\u00e1sra van sz\u00fcks\u00e9ge, b\u00e1tran \u00edrjon nek\u00fcnk seg\u00edts\u00e9g\u00e9rt.<\/em><\/p>\n<p data-start=\"1356\" data-end=\"1508\">Ak\u00e1r ThinkPad jav\u00edt\u00e1s\u00e1t v\u00e9gzi, ak\u00e1r min\u0151s\u00e9gi <strong data-start=\"1422\" data-end=\"1438\">laptop alkatr\u00e9szeket<\/strong> halmoz fel, ez a bekapcsol\u00f3gomb-k\u00e1rtya k\u00f6lts\u00e9ghat\u00e9kony \u00e9s megb\u00edzhat\u00f3 v\u00e1laszt\u00e1s.<\/p>\n","protected":false},"excerpt":{"rendered":"<p data-start=\"382\" data-end=\"509\">Csere <strong data-start=\"394\" data-end=\"427\">bekapcsol\u00f3gomb-k\u00e1rtya k\u00e1bellel<\/strong> a Lenovo ThinkPad T480-hoz. Eredeti laptop alkatr\u00e9sz, tesztelt \u00e9s m\u0171k\u00f6d\u0151k\u00e9pes \u00e1llapotban.<\/p>\n","protected":false},"featured_media":12829,"template":"","meta":[],"product_brand":[],"product_cat":[27],"product_tag":[26],"class_list":{"0":"post-12763","1":"product","2":"type-product","3":"status-publish","4":"has-post-thumbnail","6":"product_cat-motherboards-board-parts","7":"product_tag-lenovo","9":"first","10":"instock","11":"taxable","12":"shipping-taxable","13":"purchasable","14":"product-type-simple"},"_links":{"self":[{"href":"https:\/\/boreait.com\/hu\/wp-json\/wp\/v2\/product\/12763","targetHints":{"allow":["GET"]}}],"collection":[{"href":"https:\/\/boreait.com\/hu\/wp-json\/wp\/v2\/product"}],"about":[{"href":"https:\/\/boreait.com\/hu\/wp-json\/wp\/v2\/types\/product"}],"wp:featuredmedia":[{"embeddable":true,"href":"https:\/\/boreait.com\/hu\/wp-json\/wp\/v2\/media\/12829"}],"wp:attachment":[{"href":"https:\/\/boreait.com\/hu\/wp-json\/wp\/v2\/media?parent=12763"}],"wp:term":[{"taxonomy":"product_brand","embeddable":true,"href":"https:\/\/boreait.com\/hu\/wp-json\/wp\/v2\/product_brand?post=12763"},{"taxonomy":"product_cat","embeddable":true,"href":"https:\/\/boreait.com\/hu\/wp-json\/wp\/v2\/product_cat?post=12763"},{"taxonomy":"product_tag","embeddable":true,"href":"https:\/\/boreait.com\/hu\/wp-json\/wp\/v2\/product_tag?post=12763"}],"curies":[{"name":"wp","href":"https:\/\/api.w.org\/{rel}","templated":true}]}}