{"id":12732,"date":"2025-09-17T13:52:52","date_gmt":"2025-09-17T11:52:52","guid":{"rendered":"https:\/\/boreait.com\/hu\/?post_type=product&#038;p=12732"},"modified":"2025-09-17T13:54:39","modified_gmt":"2025-09-17T11:54:39","slug":"lenovo-thinkpad-x280-laptop-alkatreszek-125-fhd-ips-matt-led-kepernyo-30-tus-00hn883-b125han02-2","status":"publish","type":"product","link":"https:\/\/boreait.com\/hu\/termek\/lenovo-thinkpad-x280-laptop-alkatreszek-125-fhd-ips-matt-led-kepernyo-30-tus-00hn883-b125han02-2\/","title":{"rendered":"Lenovo ThinkPad X280 laptop alkatr\u00e9szek 12,5&#8243; FHD IPS matt LED k\u00e9perny\u0151 30 t\u0171s 00HN883 b125han02.2"},"content":{"rendered":"<p data-start=\"588\" data-end=\"905\">Friss\u00edtse vagy cser\u00e9lje ki laptopja k\u00e9perny\u0151j\u00e9t ezzel az <strong data-start=\"636\" data-end=\"692\">eredeti Lenovo ThinkPad X280 k\u00e9perny\u0151panellel (00HN883)<\/strong>. A <strong data-start=\"711\" data-end=\"735\">ThinkPad X280 sorozathoz<\/strong> tervezett <strong data-start=\"742\" data-end=\"787\">12,5 h\u00fcvelykes Full HD (1920 x 1080) IPS-kijelz\u0151<\/strong> \u00e9les l\u00e1tv\u00e1nyt, \u00e9l\u00e9nk sz\u00edneket, amelyek cs\u00f6kkentik a k\u00e9nyelmes megjelen\u00e9st, \u00e9s csillap\u00edtja a matt l\u00e1tv\u00e1nyt.<\/p>\n<p data-start=\"907\" data-end=\"1147\">Ez a cserek\u00e9perny\u0151 <strong data-start=\"942\" data-end=\"962\">30 t\u0171s csatlakoz\u00f3val<\/strong> rendelkezik, \u00e9s teljesen LED-es h\u00e1tt\u00e9rvil\u00e1g\u00edt\u00e1ssal rendelkezik, \u00edgy energiahat\u00e9konys\u00e1got \u00e9s tiszta f\u00e9nyer\u0151t biztos\u00edt. Kiv\u00e1l\u00f3 lehet\u0151s\u00e9g, ha a jelenlegi kijelz\u0151je megrepedt, villog, vagy m\u00e1r nem m\u0171k\u00f6dik megfelel\u0151en.<\/p>\n<p data-start=\"1149\" data-end=\"1170\">\u2705 <strong data-start=\"1151\" data-end=\"1168\">F\u0151bb jellemz\u0151k:<\/strong><\/p>\n<ul data-start=\"1171\" data-end=\"1477\">\n<li data-start=\"1171\" data-end=\"1217\">\n<p data-start=\"1173\" data-end=\"1217\">Kompatibilis modell: <strong data-start=\"1191\" data-end=\"1215\">Lenovo ThinkPad X280<\/strong><\/p>\n<\/li>\n<li data-start=\"1218\" data-end=\"1248\">\n<p data-start=\"1220\" data-end=\"1248\">K\u00e9perny\u0151m\u00e9ret: <strong data-start=\"1233\" data-end=\"1246\">12,5 h\u00fcvelyk<\/strong><\/p>\n<\/li>\n<li data-start=\"1249\" data-end=\"1290\">\n<p data-start=\"1251\" data-end=\"1290\">Felbont\u00e1s: <strong data-start=\"1263\" data-end=\"1288\">1920 x 1080 (Full HD)<\/strong><\/p>\n<\/li>\n<li data-start=\"1291\" data-end=\"1336\">\n<p data-start=\"1293\" data-end=\"1336\">Panel t\u00edpusa: <strong data-start=\"1305\" data-end=\"1334\">IPS \u2013 sz\u00e9les betekint\u00e9si sz\u00f6gek<\/strong><\/p>\n<\/li>\n<li data-start=\"1337\" data-end=\"1371\">\n<p data-start=\"1339\" data-end=\"1371\">Befejez\u00e9s: <strong data-start=\"1347\" data-end=\"1369\">Matt \/ t\u00fckr\u00f6z\u0151d\u00e9smentes<\/strong><\/p>\n<\/li>\n<li data-start=\"1372\" data-end=\"1397\">\n<p data-start=\"1374\" data-end=\"1397\">Csatlakoz\u00f3: <strong data-start=\"1385\" data-end=\"1395\">30 t\u0171s<\/strong><\/p>\n<\/li>\n<li data-start=\"1398\" data-end=\"1426\">\n<p data-start=\"1400\" data-end=\"1426\">Alkatr\u00e9szsz\u00e1m: <strong data-start=\"1413\" data-end=\"1424\">00HN883 \/ b125han02.2<\/strong><\/p>\n<\/li>\n<li data-start=\"1427\" data-end=\"1477\">\n<p data-start=\"1429\" data-end=\"1477\">\u00c1llapot: <strong data-start=\"1440\" data-end=\"1475\">Eredeti laptop cserealkatr\u00e9sz<\/strong><\/p>\n<\/li>\n<\/ul>\n<p data-start=\"1479\" data-end=\"1577\">\ud83d\udcf8 <strong data-start=\"1482\" data-end=\"1497\">Val\u00f3di fot\u00f3k<\/strong>: Az ezen a list\u00e1n szerepl\u0151 k\u00e9pek az \u00d6n \u00e1ltal megkapott alkatr\u00e9sz t\u00e9nyleges fot\u00f3i.<\/p>\n<p data-start=\"1579\" data-end=\"1698\">\ud83d\udca1 <strong data-start=\"1582\" data-end=\"1590\">Megjegyz\u00e9s<\/strong>: A telep\u00edt\u00e9si utas\u00edt\u00e1sokat nem tartalmazza, de ha tov\u00e1bbi seg\u00edts\u00e9gre van sz\u00fcks\u00e9ge, forduljon hozz\u00e1nk bizalommal.<\/p>\n<p data-start=\"1700\" data-end=\"1830\">Ez a kiv\u00e1l\u00f3 min\u0151s\u00e9g\u0171 Lenovo ThinkPad X280 k\u00e9perny\u0151 a t\u00f6k\u00e9letes v\u00e1laszt\u00e1s laptopja teljes\u00edtm\u00e9ny\u00e9nek \u00e9s megtekint\u00e9si \u00e9lm\u00e9ny\u00e9nek helyre\u00e1ll\u00edt\u00e1s\u00e1hoz.<\/p>\n","protected":false},"excerpt":{"rendered":"<p>Eredeti Lenovo ThinkPad X280 12,5&#8243; Full HD IPS matt LED kijelz\u0151panel (00HN883). T\u00f6k\u00e9letes csere laptop alkatr\u00e9sz 30 t\u0171s csatlakoz\u00f3val.<\/p>\n","protected":false},"featured_media":12796,"template":"","meta":[],"product_brand":[],"product_cat":[21],"product_tag":[26],"class_list":{"0":"post-12732","1":"product","2":"type-product","3":"status-publish","4":"has-post-thumbnail","6":"product_cat-laptop-screens-lcd-panels","7":"product_tag-lenovo","9":"first","10":"instock","11":"taxable","12":"shipping-taxable","13":"purchasable","14":"product-type-simple"},"_links":{"self":[{"href":"https:\/\/boreait.com\/hu\/wp-json\/wp\/v2\/product\/12732","targetHints":{"allow":["GET"]}}],"collection":[{"href":"https:\/\/boreait.com\/hu\/wp-json\/wp\/v2\/product"}],"about":[{"href":"https:\/\/boreait.com\/hu\/wp-json\/wp\/v2\/types\/product"}],"wp:featuredmedia":[{"embeddable":true,"href":"https:\/\/boreait.com\/hu\/wp-json\/wp\/v2\/media\/12796"}],"wp:attachment":[{"href":"https:\/\/boreait.com\/hu\/wp-json\/wp\/v2\/media?parent=12732"}],"wp:term":[{"taxonomy":"product_brand","embeddable":true,"href":"https:\/\/boreait.com\/hu\/wp-json\/wp\/v2\/product_brand?post=12732"},{"taxonomy":"product_cat","embeddable":true,"href":"https:\/\/boreait.com\/hu\/wp-json\/wp\/v2\/product_cat?post=12732"},{"taxonomy":"product_tag","embeddable":true,"href":"https:\/\/boreait.com\/hu\/wp-json\/wp\/v2\/product_tag?post=12732"}],"curies":[{"name":"wp","href":"https:\/\/api.w.org\/{rel}","templated":true}]}}