{"id":12731,"date":"2025-09-17T13:52:52","date_gmt":"2025-09-17T11:52:52","guid":{"rendered":"https:\/\/boreait.com\/hu\/?post_type=product&#038;p=12731"},"modified":"2025-09-17T13:54:37","modified_gmt":"2025-09-17T11:54:37","slug":"lenovo-thinkpad-x280-bekapcsologomb-kartya-ns-b522-kabellel-laptop-alkatreszek","status":"publish","type":"product","link":"https:\/\/boreait.com\/hu\/termek\/lenovo-thinkpad-x280-bekapcsologomb-kartya-ns-b522-kabellel-laptop-alkatreszek\/","title":{"rendered":"Lenovo ThinkPad X280 bekapcsol\u00f3gomb k\u00e1rtya NS-B522 k\u00e1bellel \u2013 Laptop alkatr\u00e9szek"},"content":{"rendered":"<p data-start=\"486\" data-end=\"765\">Friss\u00edtse vagy jav\u00edtsa meg laptopj\u00e1t ezzel az eredeti <strong data-start=\"534\" data-end=\"604\">Lenovo ThinkPad X280 12,5&#8243;-es bekapcsol\u00f3gomb-k\u00e1rty\u00e1val k\u00e1bellel (NS-B522)<\/strong>.<br data-start=\"60,0, Lenovo hiteles alkatr\u00e9sz\"8\" data-end=\"60,0. tesztelt \u00e9s kiv\u00e1l\u00f3 m\u0171k\u00f6d\u00e9si \u00e1llapotban van, \u00edgy t\u00f6k\u00e9letes helyettes\u00edt\u0151je a hib\u00e1s vagy nem m\u0171k\u00f6d\u0151 k\u00e1rty\u00e1knak.<\/p>\n<p data-start=\"767\" data-end=\"789\"><strong data-start=\"767\" data-end=\"787\">Term\u00e9k r\u00e9szletei:<\/strong><\/p>\n<ul data-start=\"790\" data-end=\"1019\">\n<li data-start=\"790\" data-end=\"847\">\n<p data-start=\"792\" data-end=\"847\"><strong data-start=\"792\" data-end=\"816\">Modell kompatibilit\u00e1s:<\/strong> Lenovo ThinkPad X280 (12,5&#8243;)<\/p>\n<\/li>\n<li data-start=\"848\" data-end=\"876\">\n<p data-start=\"850\" data-end=\"876\"><strong data-start=\"850\" data-end=\"866\">Alkatr\u00e9szsz\u00e1m:<\/strong> NS-B522<\/p>\n<\/li>\n<li data-start=\"877\" data-end=\"920\">\n<p data-start=\"879\" data-end=\"920\"><strong data-start=\"879\" data-end=\"888\">T\u00edpus:<\/strong> Bekapcsol\u00f3gomb k\u00e1rtya k\u00e1bellel<\/p>\n<\/li>\n<li data-start=\"921\" data-end=\"974\">\n<p data-start=\"923\" data-end=\"974\"><strong data-start=\"923\" data-end=\"937\">\u00c1llapot:<\/strong> Eredeti, tesztelt, teljesen m\u0171k\u00f6d\u0151k\u00e9pes<\/p>\n<\/li>\n<li data-start=\"975\" data-end=\"1019\">\n<p data-start=\"977\" data-end=\"1019\"><strong data-start=\"977\" data-end=\"990\">Kateg\u00f3ria:<\/strong> Laptop alkatr\u00e9szek \u00e9s amp; Tartoz\u00e9kok<\/p>\n<\/li>\n<\/ul>\n<p data-start=\"1021\" data-end=\"1043\"><strong data-start=\"1021\" data-end=\"1041\">Mi\u00e9rt v\u00e1s\u00e1roljon t\u0151l\u00fcnk?<\/strong><\/p>\n<ul data-start=\"1044\" data-end=\"1398\">\n<li data-start=\"1044\" data-end=\"1140\">\n<p data-start=\"1046\" data-end=\"1140\">Az adatlapon szerepl\u0151 \u00f6sszes fot\u00f3 a <strong data-start=\"1084\" data-end=\"1119\">t\u00e9nyleges term\u00e9kr\u0151l k\u00e9sz\u00fclt<\/strong> \u2013 nincs rakt\u00e1rk\u00e9p.<\/p>\n<\/li>\n<li data-start=\"1141\" data-end=\"1211\">\n<p data-start=\"1143\" data-end=\"1211\">Kiv\u00e1l\u00f3 min\u0151s\u00e9g\u0171, eredeti Lenovo-alkatr\u00e9sz a megb\u00edzhat\u00f3 teljes\u00edtm\u00e9ny \u00e9rdek\u00e9ben.<\/p>\n<\/li>\n<li data-start=\"1212\" data-end=\"1290\">\n<p data-start=\"1214\" data-end=\"1290\">Vil\u00e1gszerte el\u00e9rhet\u0151 sz\u00e1ll\u00edt\u00e1s, els\u0151sorban a gyors sz\u00e1ll\u00edt\u00e1sra Eur\u00f3pa-szerte.<\/p>\n<\/li>\n<li data-start=\"1291\" data-end=\"1398\">\n<p data-start=\"1293\" data-end=\"1398\">Ha \u00fatmutat\u00e1sra van sz\u00fcks\u00e9ge a telep\u00edt\u00e9ssel vagy a kompatibilit\u00e1ssal kapcsolatban, b\u00e1tran \u00edrjon nek\u00fcnk \u2013 sz\u00edvesen seg\u00edt\u00fcnk.<\/p>\n<\/li>\n<\/ul>\n<p data-start=\"1400\" data-end=\"1572\">Ez a bekapcsol\u00f3gomb-panel biztos\u00edtja, hogy Lenovo ThinkPad X280 \u00fajra z\u00f6kken\u0151mentesen bekapcsoljon. T\u00f6k\u00e9letes technikusok, informatikai szakemberek vagy saj\u00e1t laptopjukat jav\u00edt\u00f3 mag\u00e1nszem\u00e9lyek sz\u00e1m\u00e1ra.<\/p>\n","protected":false},"excerpt":{"rendered":"<p>Megb\u00edzhat\u00f3 <strong data-start=\"321\" data-end=\"385\">Lenovo ThinkPad X280 bekapcsol\u00f3gomb-k\u00e1rtya k\u00e1bellel (NS-B522)<\/strong>. 100%-ban eredeti alkatr\u00e9sz, tesztelt \u00e9s beszerel\u00e9sre k\u00e9sz.<\/p>\n","protected":false},"featured_media":12795,"template":"","meta":[],"product_brand":[],"product_cat":[27],"product_tag":[26],"class_list":{"0":"post-12731","1":"product","2":"type-product","3":"status-publish","4":"has-post-thumbnail","6":"product_cat-motherboards-board-parts","7":"product_tag-lenovo","9":"first","10":"instock","11":"taxable","12":"shipping-taxable","13":"purchasable","14":"product-type-simple"},"_links":{"self":[{"href":"https:\/\/boreait.com\/hu\/wp-json\/wp\/v2\/product\/12731","targetHints":{"allow":["GET"]}}],"collection":[{"href":"https:\/\/boreait.com\/hu\/wp-json\/wp\/v2\/product"}],"about":[{"href":"https:\/\/boreait.com\/hu\/wp-json\/wp\/v2\/types\/product"}],"wp:featuredmedia":[{"embeddable":true,"href":"https:\/\/boreait.com\/hu\/wp-json\/wp\/v2\/media\/12795"}],"wp:attachment":[{"href":"https:\/\/boreait.com\/hu\/wp-json\/wp\/v2\/media?parent=12731"}],"wp:term":[{"taxonomy":"product_brand","embeddable":true,"href":"https:\/\/boreait.com\/hu\/wp-json\/wp\/v2\/product_brand?post=12731"},{"taxonomy":"product_cat","embeddable":true,"href":"https:\/\/boreait.com\/hu\/wp-json\/wp\/v2\/product_cat?post=12731"},{"taxonomy":"product_tag","embeddable":true,"href":"https:\/\/boreait.com\/hu\/wp-json\/wp\/v2\/product_tag?post=12731"}],"curies":[{"name":"wp","href":"https:\/\/api.w.org\/{rel}","templated":true}]}}